{"id":17150,"date":"2023-12-04T10:28:46","date_gmt":"2023-12-04T09:28:46","guid":{"rendered":"http:\/\/ksiegarnia-akademicka.pl\/?post_type=product&#038;p=17150"},"modified":"2023-12-04T10:28:59","modified_gmt":"2023-12-04T09:28:59","slug":"python-instrukcje-dla-programisty","status":"publish","type":"product","link":"http:\/\/ksiegarnia-akademicka.pl\/index.php\/product\/python-instrukcje-dla-programisty\/","title":{"rendered":"Python Instrukcje dla programisty"},"content":{"rendered":"<p>Autor:<br \/>\nMatthes Eric<br \/>\nT\u0142umacze: G\u00f3rczy\u0144ski Robert<br \/>\nWydawca: Helion<br \/>\nOprawa: Mi\u0119kka<br \/>\nFormat: 16.5&#215;22.8cm<br \/>\nLiczba stron: 608<br \/>\nWydanie: 3<br \/>\nRok wydania: 2024<br \/>\nJ\u0119zyk wydania: polski<\/p>\n<p>Pythona mo\u017cna si\u0119 szybko nauczy\u0107 i praktycznie od razu zacz\u0105\u0107 tworzy\u0107 dzia\u0142aj\u0105ce gry, aplikacje internetowe czy te\u017c programy wspieraj\u0105ce badaczy r\u00f3\u017cnych dziedzin nauki. J\u0119zyk ten zosta\u0142 pomy\u015blany tak, aby u\u0142atwia\u0142 pisanie przejrzystego, zwi\u0119z\u0142ego kodu w spos\u00f3b zgodny ze sztuk\u0105 programowania. To idealny wyb\u00f3r dla ka\u017cdego, komu zale\u017cy, by nie traci\u0107 zbytnio czasu na nauk\u0119, tylko od razu pisa\u0107 kod dzia\u0142aj\u0105cy zgodnie z oczekiwaniami.<\/p>\n<p>To trzecie, zaktualizowane i uzupe\u0142nione wydanie bestsellerowego podr\u0119cznika programowania w Pythonie. Nauk\u0119 rozpoczniesz od podstawowych koncepcji programowania. Poznasz takie poj\u0119cia jak zmienne, listy, klasy i p\u0119tle, a nast\u0119pnie utrwalisz je dzi\u0119ki praktycznym \u0107wiczeniom. Dowiesz si\u0119, jak zapewni\u0107 interaktywno\u015b\u0107 programom, i nauczysz si\u0119 poprawnego testowania kodu przed dodaniem go do projektu. W kolejnych rozdzia\u0142ach przyst\u0105pisz do praktycznej realizacji trzech projekt\u00f3w: gry zr\u0119czno\u015bciowej inspirowanej klasyczn\u0105 Space Invaders, wizualizacji danych za pomoc\u0105 dost\u0119pnych dla Pythona niezwykle u\u017cytecznych bibliotek i prostej aplikacji internetowej, gotowej do wdro\u017cenia na serwerze WWW i opublikowania w internecie.<\/p>\n<p>Skorzystaj z dok\u0142adnych instrukcji, jak:<br \/>\nprzygotowa\u0107 si\u0119 do napisania pierwszego programu w Pythonie<br \/>\nu\u017cywa\u0107 bibliotek i narz\u0119dzi Pythona<br \/>\npracowa\u0107 z r\u00f3\u017cnymi zbiorami danych<br \/>\ntworzy\u0107 interaktywne aplikacje internetowe i bezpiecznie je wdra\u017ca\u0107<br \/>\ntestowa\u0107 i debugowa\u0107 kod, a tak\u017ce rozwi\u0105zywa\u0107 r\u00f3\u017cne problemy<\/p>\n","protected":false},"excerpt":{"rendered":"<p>Autor: Matthes Eric T\u0142umacze: G\u00f3rczy\u0144ski Robert Wydawca: Helion Oprawa: Mi\u0119kka [&hellip;]<\/p>\n","protected":false},"featured_media":17151,"template":"","meta":[],"product_brand":[],"product_cat":[36],"product_tag":[103,7821],"class_list":{"0":"post-17150","1":"product","2":"type-product","3":"status-publish","4":"has-post-thumbnail","6":"product_cat-informatyka","7":"product_tag-informatyka","8":"product_tag-python","10":"first","11":"instock","12":"sale","13":"shipping-taxable","14":"purchasable","15":"product-type-simple"},"_links":{"self":[{"href":"http:\/\/ksiegarnia-akademicka.pl\/index.php\/wp-json\/wp\/v2\/product\/17150","targetHints":{"allow":["GET"]}}],"collection":[{"href":"http:\/\/ksiegarnia-akademicka.pl\/index.php\/wp-json\/wp\/v2\/product"}],"about":[{"href":"http:\/\/ksiegarnia-akademicka.pl\/index.php\/wp-json\/wp\/v2\/types\/product"}],"wp:featuredmedia":[{"embeddable":true,"href":"http:\/\/ksiegarnia-akademicka.pl\/index.php\/wp-json\/wp\/v2\/media\/17151"}],"wp:attachment":[{"href":"http:\/\/ksiegarnia-akademicka.pl\/index.php\/wp-json\/wp\/v2\/media?parent=17150"}],"wp:term":[{"taxonomy":"product_brand","embeddable":true,"href":"http:\/\/ksiegarnia-akademicka.pl\/index.php\/wp-json\/wp\/v2\/product_brand?post=17150"},{"taxonomy":"product_cat","embeddable":true,"href":"http:\/\/ksiegarnia-akademicka.pl\/index.php\/wp-json\/wp\/v2\/product_cat?post=17150"},{"taxonomy":"product_tag","embeddable":true,"href":"http:\/\/ksiegarnia-akademicka.pl\/index.php\/wp-json\/wp\/v2\/product_tag?post=17150"}],"curies":[{"name":"wp","href":"https:\/\/api.w.org\/{rel}","templated":true}]}}