{"id":1714,"date":"2018-05-22T12:44:16","date_gmt":"2018-05-22T10:44:16","guid":{"rendered":"http:\/\/ksiegarnia-akademicka.pl\/index.php\/product\/poradnik-inzyniera-spawalnictwo-tom-1\/"},"modified":"2023-10-24T12:59:54","modified_gmt":"2023-10-24T10:59:54","slug":"poradnik-inzyniera-spawalnictwo-tom-1","status":"publish","type":"product","link":"http:\/\/ksiegarnia-akademicka.pl\/index.php\/product\/poradnik-inzyniera-spawalnictwo-tom-1\/","title":{"rendered":"Poradnik In\u017cyniera Spawalnictwo Tom 1"},"content":{"rendered":"<p>Autor:<br \/>\nJan Pilarczyk<br \/>\nWydawca: Wydawnictwo Naukowe PWN<br \/>\nOprawa: Twarda<br \/>\nFormat: 14.5&#215;21.5cm<br \/>\nLiczba stron: 1068<br \/>\nWydanie: 2<br \/>\nRok wydania: 2023<\/p>\n<p>Tom 1. Podstawowe i og\u00f3lne zagadnienia spawalnictwa: teoretyczne podstawy spawalnictwa, przegl\u0105d materia\u0142\u00f3w konstrukcyjnych, zasady obliczania, projektowania i kontroli po\u0142\u0105cze\u0144 spawanych, problemy organizacji produkcji spawalniczej oraz problemy jako\u015bci, ekonomiki i bezpiecze\u0144stwa w spawalnictwie.<\/p>\n","protected":false},"excerpt":{"rendered":"<p>Autor: Jan Pilarczyk Wydawca: Wydawnictwo Naukowe PWN Oprawa: Twarda Format: [&hellip;]<\/p>\n","protected":false},"featured_media":9073,"template":"","meta":[],"product_brand":[],"product_cat":[41],"product_tag":[259,1257,4140],"class_list":{"0":"post-1714","1":"product","2":"type-product","3":"status-publish","4":"has-post-thumbnail","6":"product_cat-nauki-techniczne","7":"product_tag-podreczniki-akademickie","8":"product_tag-poradniki","9":"product_tag-spawalnictwo","11":"first","12":"instock","13":"sale","14":"shipping-taxable","15":"purchasable","16":"product-type-simple"},"_links":{"self":[{"href":"http:\/\/ksiegarnia-akademicka.pl\/index.php\/wp-json\/wp\/v2\/product\/1714","targetHints":{"allow":["GET"]}}],"collection":[{"href":"http:\/\/ksiegarnia-akademicka.pl\/index.php\/wp-json\/wp\/v2\/product"}],"about":[{"href":"http:\/\/ksiegarnia-akademicka.pl\/index.php\/wp-json\/wp\/v2\/types\/product"}],"wp:featuredmedia":[{"embeddable":true,"href":"http:\/\/ksiegarnia-akademicka.pl\/index.php\/wp-json\/wp\/v2\/media\/9073"}],"wp:attachment":[{"href":"http:\/\/ksiegarnia-akademicka.pl\/index.php\/wp-json\/wp\/v2\/media?parent=1714"}],"wp:term":[{"taxonomy":"product_brand","embeddable":true,"href":"http:\/\/ksiegarnia-akademicka.pl\/index.php\/wp-json\/wp\/v2\/product_brand?post=1714"},{"taxonomy":"product_cat","embeddable":true,"href":"http:\/\/ksiegarnia-akademicka.pl\/index.php\/wp-json\/wp\/v2\/product_cat?post=1714"},{"taxonomy":"product_tag","embeddable":true,"href":"http:\/\/ksiegarnia-akademicka.pl\/index.php\/wp-json\/wp\/v2\/product_tag?post=1714"}],"curies":[{"name":"wp","href":"https:\/\/api.w.org\/{rel}","templated":true}]}}