{"id":17138,"date":"2023-12-04T10:12:49","date_gmt":"2023-12-04T09:12:49","guid":{"rendered":"http:\/\/ksiegarnia-akademicka.pl\/?post_type=product&#038;p=17138"},"modified":"2024-12-05T09:26:47","modified_gmt":"2024-12-05T08:26:47","slug":"blokowiska-radomia","status":"publish","type":"product","link":"http:\/\/ksiegarnia-akademicka.pl\/index.php\/product\/blokowiska-radomia\/","title":{"rendered":"Blokowiska Radomia"},"content":{"rendered":"<p>Autor:<br \/>\nMarek Zi\u00f3\u0142kowski<br \/>\nWydawca: Ksi\u0119\u017cy M\u0142yn<br \/>\nOprawa: Zintegrowana<br \/>\nFormat: 16.5&#215;23.5cm<br \/>\nLiczba stron: 352<br \/>\nWydanie: 1<br \/>\nRok wydania: 2023<br \/>\nJ\u0119zyk wydania: polski<\/p>\n<p>Osiedlowe place zabaw, szko\u0142y, sklepy, \u0142aweczki i trzepaki to wspomnienia dziesi\u0105tek tysi\u0119cy radomian, kt\u00f3rzy cz\u0119sto na nier\u00f3wnych chodnikach stawiali swoje pierwsze kroki. Ksi\u0105\u017cka Marka Zi\u00f3\u0142kowskiego przeniesie nas do lat, gdy blokowiska dopiero powstawa\u0142y, mamy nie mog\u0142y dopra\u0107 zab\u0142oconych ubra\u0144, a ojcowie gro\u017anie marszczyli brwi, widz\u0105c bandy dzieciak\u00f3w bawi\u0105cych si\u0119 w\u015br\u00f3d fundament\u00f3w kolejnych blok\u00f3w. To b\u0119dzie spotkanie wsp\u00f3\u0142czesno\u015bci z histori\u0105, obecnych blokowisk z tymi, kt\u00f3re mo\u017cemy zobaczy\u0107 ju\u017c jedynie na zdj\u0119ciach w domowych albumach. Jak budowano najwi\u0119kszy radomski blok na Ustroniu, kto zdecydowa\u0142 o wykorzystaniu po raz pierwszy w Polsce technologii W-70, kt\u00f3re miejsca s\u0105 najbardziej kultowe, a kt\u00f3re ciesz\u0105 si\u0119 z\u0142\u0105 s\u0142aw\u0105 i lepiej je omija\u0107? Akademickie, Borki, Go\u0142\u0119bi\u00f3w I, Go\u0142\u0119bi\u00f3w II, Micha\u0142\u00f3w, M\u0142odzian\u00f3w, Nad Potokiem, Obozisko, Planty, Po\u0142udnie, Pr\u0119docinek, \u015ar\u00f3dmie\u015bcie, Ustronie, Wo\u015bniki, XV-lecia, Zam\u0142ynie \u2013 ka\u017cde z nich jest inne, ma swoj\u0105 histori\u0119, kt\u00f3rej jej cz\u0119\u015b\u0107 opowiadaj\u0105 sami mieszka\u0144cy, dziel\u0105c si\u0119 z autorem osobistymi prze\u017cyciami i\u2026 t\u0119sknot\u0105 za beztroskimi latami na blokowisku.<\/p>\n","protected":false},"excerpt":{"rendered":"<p>Autor: Marek Zi\u00f3\u0142kowski Wydawca: Ksi\u0119\u017cy M\u0142yn Oprawa: Zintegrowana Format: 16.5&#215;23.5cm [&hellip;]<\/p>\n","protected":false},"featured_media":17139,"template":"","meta":[],"product_brand":[],"product_cat":[7812],"product_tag":[193,205],"class_list":{"0":"post-17138","1":"product","2":"type-product","3":"status-publish","4":"has-post-thumbnail","6":"product_cat-architektura-i-budownictwo","7":"product_tag-architektura","8":"product_tag-radom","10":"first","11":"instock","12":"sale","13":"shipping-taxable","14":"purchasable","15":"product-type-simple"},"_links":{"self":[{"href":"http:\/\/ksiegarnia-akademicka.pl\/index.php\/wp-json\/wp\/v2\/product\/17138","targetHints":{"allow":["GET"]}}],"collection":[{"href":"http:\/\/ksiegarnia-akademicka.pl\/index.php\/wp-json\/wp\/v2\/product"}],"about":[{"href":"http:\/\/ksiegarnia-akademicka.pl\/index.php\/wp-json\/wp\/v2\/types\/product"}],"wp:featuredmedia":[{"embeddable":true,"href":"http:\/\/ksiegarnia-akademicka.pl\/index.php\/wp-json\/wp\/v2\/media\/17139"}],"wp:attachment":[{"href":"http:\/\/ksiegarnia-akademicka.pl\/index.php\/wp-json\/wp\/v2\/media?parent=17138"}],"wp:term":[{"taxonomy":"product_brand","embeddable":true,"href":"http:\/\/ksiegarnia-akademicka.pl\/index.php\/wp-json\/wp\/v2\/product_brand?post=17138"},{"taxonomy":"product_cat","embeddable":true,"href":"http:\/\/ksiegarnia-akademicka.pl\/index.php\/wp-json\/wp\/v2\/product_cat?post=17138"},{"taxonomy":"product_tag","embeddable":true,"href":"http:\/\/ksiegarnia-akademicka.pl\/index.php\/wp-json\/wp\/v2\/product_tag?post=17138"}],"curies":[{"name":"wp","href":"https:\/\/api.w.org\/{rel}","templated":true}]}}