{"id":17118,"date":"2023-11-30T08:32:46","date_gmt":"2023-11-30T07:32:46","guid":{"rendered":"http:\/\/ksiegarnia-akademicka.pl\/?post_type=product&#038;p=17118"},"modified":"2023-11-30T08:32:47","modified_gmt":"2023-11-30T07:32:47","slug":"kultura-obywatelska-wybrane-podejscia-i-problemy","status":"publish","type":"product","link":"http:\/\/ksiegarnia-akademicka.pl\/index.php\/product\/kultura-obywatelska-wybrane-podejscia-i-problemy\/","title":{"rendered":"Kultura obywatelska. Wybrane podej\u015bcia i problemy"},"content":{"rendered":"<p>Autor:<br \/>\nAgnieszka Zi\u0119tek<br \/>\nRedakcja: Hofman Iwona, Magu\u015b Justyna<br \/>\nWydawca: UMCS<br \/>\nOprawa: Mi\u0119kka<br \/>\nLiczba stron: 126<br \/>\nRok wydania: 2023<br \/>\nJ\u0119zyk wydania: polski<\/p>\n<p>Celem autorki jest przedstawienie kultury zaanga\u017cowanej oraz przywr\u00f3cenie do dyskursu naukowego kategorii kultury obywatelskiej. Przy rekonstrukcji poj\u0119cia kultury politycznej autorka trafnie si\u0119ga po okre\u015blenie ukute przez Gabriela Almonda i Sidneya Verb\u0119. S\u0105 to do dzi\u015b najbardziej znane uj\u0119cia, wskazuj\u0105ce nie tylko na kultur\u0119 polityczn\u0105, ale tak\u017ce na wag\u0119 spo\u0142ecznego zaanga\u017cowania. Podobnie, na co skazuje autorka, dzieje si\u0119 w przypadku poj\u0119\u0107 takich jak rola obywatelska Edmunda Wnuka-Lipi\u0144skiego, wsp\u00f3lnota obywatelska Roberta Putnama oraz cnoty obywatelskie Willa Kymlicki. Ich analiza pokazuje, jak istotna jest aktywno\u015b\u0107 samych obywateli dla \u017cywotno\u015bci demokracji. To w\u0142a\u015bnie powr\u00f3t do perspektywy kulturowej, ale tak\u017ce powi\u0105zanie jej z zaanga\u017cowaniem obywatelskim sprawiaj\u0105, \u017ce argumentacja przedstawiona w pracy jest istotna i odpowiada na wyzwania zwi\u0105zane ze wsp\u00f3\u0142czesnym wycofywaniem si\u0119 obywateli, rosn\u0105c\u0105 agresj\u0105 polityczn\u0105, ale tak\u017ce otwartym negowaniem systemu demokratycznego przez coraz wi\u0119cej pa\u0144stw na \u015bwiecie. Autorka wraca do kategorii kultury obywatelskiej w kontek\u015bcie s\u0142abn\u0105cej globalnie demokracji oraz rosn\u0105cych w si\u0142\u0119 ruch\u00f3w populistycznych i nacjonalistycznych. Ksi\u0105\u017cka odpowiada wi\u0119c na rosn\u0105ce obawy zwi\u0105zane z odchodzeniem od demokracji, na co wskazuje tak\u017ce indeks demokracji: The Global Democracy Index | UNESCO.<\/p>\n<p>Z recenzji dr hab. Agnieszki Nogal, prof. UW<\/p>\n","protected":false},"excerpt":{"rendered":"<p>Autor: Agnieszka Zi\u0119tek Redakcja: Hofman Iwona, Magu\u015b Justyna Wydawca: UMCS [&hellip;]<\/p>\n","protected":false},"featured_media":17119,"template":"","meta":[],"product_brand":[],"product_cat":[27,7507,7508],"product_tag":[8232,246],"class_list":{"0":"post-17118","1":"product","2":"type-product","3":"status-publish","4":"has-post-thumbnail","6":"product_cat-nauki-spoleczne","7":"product_cat-politologia","8":"product_cat-socjologia","9":"product_tag-kultura-obywatelska","10":"product_tag-socjologia","12":"first","13":"instock","14":"sale","15":"shipping-taxable","16":"purchasable","17":"product-type-simple"},"_links":{"self":[{"href":"http:\/\/ksiegarnia-akademicka.pl\/index.php\/wp-json\/wp\/v2\/product\/17118","targetHints":{"allow":["GET"]}}],"collection":[{"href":"http:\/\/ksiegarnia-akademicka.pl\/index.php\/wp-json\/wp\/v2\/product"}],"about":[{"href":"http:\/\/ksiegarnia-akademicka.pl\/index.php\/wp-json\/wp\/v2\/types\/product"}],"wp:featuredmedia":[{"embeddable":true,"href":"http:\/\/ksiegarnia-akademicka.pl\/index.php\/wp-json\/wp\/v2\/media\/17119"}],"wp:attachment":[{"href":"http:\/\/ksiegarnia-akademicka.pl\/index.php\/wp-json\/wp\/v2\/media?parent=17118"}],"wp:term":[{"taxonomy":"product_brand","embeddable":true,"href":"http:\/\/ksiegarnia-akademicka.pl\/index.php\/wp-json\/wp\/v2\/product_brand?post=17118"},{"taxonomy":"product_cat","embeddable":true,"href":"http:\/\/ksiegarnia-akademicka.pl\/index.php\/wp-json\/wp\/v2\/product_cat?post=17118"},{"taxonomy":"product_tag","embeddable":true,"href":"http:\/\/ksiegarnia-akademicka.pl\/index.php\/wp-json\/wp\/v2\/product_tag?post=17118"}],"curies":[{"name":"wp","href":"https:\/\/api.w.org\/{rel}","templated":true}]}}