{"id":17109,"date":"2023-11-29T12:01:44","date_gmt":"2023-11-29T11:01:44","guid":{"rendered":"http:\/\/ksiegarnia-akademicka.pl\/?post_type=product&#038;p=17109"},"modified":"2023-11-29T12:01:44","modified_gmt":"2023-11-29T11:01:44","slug":"repetytorium-z-gramatyki-jezyka-niemieckiego-dla-poczatkujacych","status":"publish","type":"product","link":"http:\/\/ksiegarnia-akademicka.pl\/index.php\/product\/repetytorium-z-gramatyki-jezyka-niemieckiego-dla-poczatkujacych\/","title":{"rendered":"Repetytorium z gramatyki j\u0119zyka niemieckiego dla pocz\u0105tkuj\u0105cych"},"content":{"rendered":"<p>Autor:<br \/>\nStanis\u0142aw B\u0119za<br \/>\nWydawca: Wydawnictwo Szkolne PWN<br \/>\nOprawa: Mi\u0119kka<br \/>\nFormat: 20.5&#215;24.5cm<br \/>\nLiczba stron: 356<br \/>\nRok wydania: 2023<br \/>\nJ\u0119zyk wydania: niemiecki, polski<\/p>\n<p>Nowe wydanie ciesz\u0105cej si\u0119 du\u017c\u0105 popularno\u015bci\u0105 Gramatyki niemieckiej z \u0107wiczeniami dla pocz\u0105tkuj\u0105cych obejmuje zagadnienia na poziomie pocz\u0105tkuj\u0105cym. Repetytorium jest cenione za szczeg\u00f3\u0142owe i zrozumia\u0142e komentarze w j\u0119zyku polskim, teraz jeszcze bardziej przejrzyste dzi\u0119ki wyr\u00f3\u017cnionym przyk\u0142adom i kolorom u\u0142atwiaj\u0105cym nawigacj\u0119.<br \/>\nCz\u0119\u015b\u0107 praktyczna zawiera bogaty zestaw \u0107wicze\u0144 wdra\u017caj\u0105cych, automatyzuj\u0105cych i utrwalaj\u0105cych poszczeg\u00f3lne struktury gramatyczne.<\/p>\n<p>Repetytorium przeznaczone jest dla:<br \/>\nuczni\u00f3w<br \/>\nstudent\u00f3w i s\u0142uchaczy szk\u00f3\u0142 wy\u017cszych<br \/>\nuczestnik\u00f3w kurs\u00f3w j\u0119zykowych i os\u00f3b przygotowuj\u0105cych si\u0119 do egzamin\u00f3w j\u0119zykowych<br \/>\nwszystkich zainteresowanych pog\u0142\u0119bieniem wiedzy z zakresu zagadnie\u0144 gramatyki j\u0119zyka niemieckiego.<\/p>\n","protected":false},"excerpt":{"rendered":"<p>Autor: Stanis\u0142aw B\u0119za Wydawca: Wydawnictwo Szkolne PWN Oprawa: Mi\u0119kka Format: [&hellip;]<\/p>\n","protected":false},"featured_media":17110,"template":"","meta":[],"product_brand":[],"product_cat":[37],"product_tag":[3619,306],"class_list":{"0":"post-17109","1":"product","2":"type-product","3":"status-publish","4":"has-post-thumbnail","6":"product_cat-jezyki-obce","7":"product_tag-jezyk-niemiecki","8":"product_tag-repetytoria","10":"first","11":"instock","12":"sale","13":"shipping-taxable","14":"purchasable","15":"product-type-simple"},"_links":{"self":[{"href":"http:\/\/ksiegarnia-akademicka.pl\/index.php\/wp-json\/wp\/v2\/product\/17109","targetHints":{"allow":["GET"]}}],"collection":[{"href":"http:\/\/ksiegarnia-akademicka.pl\/index.php\/wp-json\/wp\/v2\/product"}],"about":[{"href":"http:\/\/ksiegarnia-akademicka.pl\/index.php\/wp-json\/wp\/v2\/types\/product"}],"wp:featuredmedia":[{"embeddable":true,"href":"http:\/\/ksiegarnia-akademicka.pl\/index.php\/wp-json\/wp\/v2\/media\/17110"}],"wp:attachment":[{"href":"http:\/\/ksiegarnia-akademicka.pl\/index.php\/wp-json\/wp\/v2\/media?parent=17109"}],"wp:term":[{"taxonomy":"product_brand","embeddable":true,"href":"http:\/\/ksiegarnia-akademicka.pl\/index.php\/wp-json\/wp\/v2\/product_brand?post=17109"},{"taxonomy":"product_cat","embeddable":true,"href":"http:\/\/ksiegarnia-akademicka.pl\/index.php\/wp-json\/wp\/v2\/product_cat?post=17109"},{"taxonomy":"product_tag","embeddable":true,"href":"http:\/\/ksiegarnia-akademicka.pl\/index.php\/wp-json\/wp\/v2\/product_tag?post=17109"}],"curies":[{"name":"wp","href":"https:\/\/api.w.org\/{rel}","templated":true}]}}