{"id":17107,"date":"2023-11-29T11:55:28","date_gmt":"2023-11-29T10:55:28","guid":{"rendered":"http:\/\/ksiegarnia-akademicka.pl\/?post_type=product&#038;p=17107"},"modified":"2023-11-29T11:55:28","modified_gmt":"2023-11-29T10:55:28","slug":"nowe-repetytorium-z-gramatyki-jezyka-niemieckiego","status":"publish","type":"product","link":"http:\/\/ksiegarnia-akademicka.pl\/index.php\/product\/nowe-repetytorium-z-gramatyki-jezyka-niemieckiego\/","title":{"rendered":"Nowe repetytorium z gramatyki j\u0119zyka niemieckiego"},"content":{"rendered":"<p>Autor:<br \/>\nStanis\u0142aw B\u0119za<br \/>\nWydawca: Wydawnictwo Szkolne PWN<br \/>\nOprawa: Mi\u0119kka<br \/>\nFormat: 20.5&#215;24.5cm<br \/>\nLiczba stron: 420<br \/>\nWydanie: 1<br \/>\nRok wydania: 2023<br \/>\nJ\u0119zyk wydania: niemiecki, polski<\/p>\n<p>Nowe repetytorium z gramatyki j\u0119zyka niemieckiego to ciesz\u0105ca si\u0119 du\u017c\u0105 popularno\u015bci\u0105 publikacja autorstwa Stanis\u0142awa B\u0119zy, teraz w nowej ods\u0142onie \u2013 rozszerzona o wersj\u0119 interaktywn\u0105 wraz z nagraniami audio.<\/p>\n<p>Wersja online jest dost\u0119pna na platformie SuperMemo, pod adresem: supermemo.com. Mo\u017cna z niej korzysta\u0107 u\u017cywaj\u0105c r\u00f3\u017cnych system\u00f3w operacyjnych (Android, iOS, PC, Windows) i wykorzystywa\u0107 do tego celu kilka r\u00f3\u017cnych urz\u0105dze\u0144 (np. telefon, tablet, komputer) naprzemiennie. Wszystkie post\u0119py w nauce zostan\u0105 zapisane z mo\u017cliwo\u015bci\u0105 odtworzenia na ka\u017cdym no\u015bniku, gdy tylko pojawi si\u0119 taka potrzeba.<\/p>\n<p>Kurs interaktywny nie wymaga \u017cadnych skomplikowanych operacji. Wystarczy, \u017ce kupisz podr\u0119cznik i zastosujesz si\u0119 do poni\u017cszej kr\u00f3tkiej instrukcji:<br \/>\n1. Rejestrujesz si\u0119 w SuperMemo<br \/>\n2. Klikasz przycisk: Aktywuj kurs z kodem<br \/>\n3. Przepisujesz kod aktywacyjny zamieszczony w Twoim zakupionym egzemplarzu i naciskasz przycisk \u201cZatwierd\u017a\u201d<\/p>\n<p>Repetytorium umo\u017cliwia uzupe\u0142nienie lub gruntowne powt\u00f3rzenie i usystematyzowanie zagadnie\u0144 gramatycznych z j\u0119zyka niemieckiego, obejmuje zagadnienia na poziomie \u015bredniozaawansowanym i zaawansowanym. Publikacja jest ceniona za szczeg\u00f3\u0142owe i zrozumia\u0142e komentarze w j\u0119zyku polskim, teraz jeszcze bardziej przejrzyste dzi\u0119ki wyr\u00f3\u017cnionym przyk\u0142adom i kolorom u\u0142atwiaj\u0105cym nawigacj\u0119.<\/p>\n<p>Autor zwraca uwag\u0119 na b\u0142\u0119dy najcz\u0119\u015bciej pope\u0142niane przez Polak\u00f3w ucz\u0105cych si\u0119 j\u0119zyka niemieckiego oraz zagadnienia, kt\u00f3re sprawiaj\u0105 Polakom szczeg\u00f3lne trudno\u015bci. Cz\u0119\u015b\u0107 praktyczna zawiera bogate zestawy \u0107wicze\u0144 wdra\u017caj\u0105cych, automatyzuj\u0105cych i utrwalaj\u0105cych poszczeg\u00f3lne struktury gramatyczne.<\/p>\n<p>Repetytorium przeznaczone jest dla:<br \/>\nuczni\u00f3w szk\u00f3\u0142 ponadpodstawowych przygotowuj\u0105cych si\u0119 do egzaminu maturalnego z j\u0119zyka niemieckiego na poziomie podstawowym i rozszerzonym,<br \/>\nstudent\u00f3w i s\u0142uchaczy szk\u00f3\u0142 wy\u017cszych,<br \/>\nuczestnik\u00f3w kurs\u00f3w j\u0119zykowych i os\u00f3b przygotowuj\u0105cych si\u0119 do egzamin\u00f3w j\u0119zykowych,<br \/>\nwszystkich zainteresowanych pog\u0142\u0119bieniem wiedzy z zakresu zagadnie\u0144 gramatyki j\u0119zyka niemieckiego.<\/p>\n<p>Wersja interaktywna repetytorium dost\u0119pna jest na platformie SuperMemo, pod adresem: supermemo.com<\/p>\n<p>Kurs online jest w ca\u0142o\u015bci ud\u017awi\u0119kowiony i wyposa\u017cony w mechanizm rozpoznawania mowy dla wybranych zada\u0144 otwartych.<br \/>\nNauka mo\u017cliwa online z platformy oraz online i offline z aplikacji.<br \/>\nOparty na metodzie SuperMemo system powt\u00f3rek zada\u0144 interaktywnych u\u0142atwia szybkie i gruntowne opanowanie materia\u0142u.<\/p>\n","protected":false},"excerpt":{"rendered":"<p>Autor: Stanis\u0142aw B\u0119za Wydawca: Wydawnictwo Szkolne PWN Oprawa: Mi\u0119kka Format: [&hellip;]<\/p>\n","protected":false},"featured_media":17108,"template":"","meta":[],"product_brand":[],"product_cat":[37],"product_tag":[3619,306],"class_list":{"0":"post-17107","1":"product","2":"type-product","3":"status-publish","4":"has-post-thumbnail","6":"product_cat-jezyki-obce","7":"product_tag-jezyk-niemiecki","8":"product_tag-repetytoria","10":"first","11":"instock","12":"sale","13":"shipping-taxable","14":"purchasable","15":"product-type-simple"},"_links":{"self":[{"href":"http:\/\/ksiegarnia-akademicka.pl\/index.php\/wp-json\/wp\/v2\/product\/17107","targetHints":{"allow":["GET"]}}],"collection":[{"href":"http:\/\/ksiegarnia-akademicka.pl\/index.php\/wp-json\/wp\/v2\/product"}],"about":[{"href":"http:\/\/ksiegarnia-akademicka.pl\/index.php\/wp-json\/wp\/v2\/types\/product"}],"wp:featuredmedia":[{"embeddable":true,"href":"http:\/\/ksiegarnia-akademicka.pl\/index.php\/wp-json\/wp\/v2\/media\/17108"}],"wp:attachment":[{"href":"http:\/\/ksiegarnia-akademicka.pl\/index.php\/wp-json\/wp\/v2\/media?parent=17107"}],"wp:term":[{"taxonomy":"product_brand","embeddable":true,"href":"http:\/\/ksiegarnia-akademicka.pl\/index.php\/wp-json\/wp\/v2\/product_brand?post=17107"},{"taxonomy":"product_cat","embeddable":true,"href":"http:\/\/ksiegarnia-akademicka.pl\/index.php\/wp-json\/wp\/v2\/product_cat?post=17107"},{"taxonomy":"product_tag","embeddable":true,"href":"http:\/\/ksiegarnia-akademicka.pl\/index.php\/wp-json\/wp\/v2\/product_tag?post=17107"}],"curies":[{"name":"wp","href":"https:\/\/api.w.org\/{rel}","templated":true}]}}