{"id":17076,"date":"2023-11-24T15:30:38","date_gmt":"2023-11-24T14:30:38","guid":{"rendered":"http:\/\/ksiegarnia-akademicka.pl\/?post_type=product&#038;p=17076"},"modified":"2023-11-24T15:30:39","modified_gmt":"2023-11-24T14:30:39","slug":"prawo-karne-procesowe-dla-sedziow-prokuratorow-obroncow-i-pelnomocnikow-praxis","status":"publish","type":"product","link":"http:\/\/ksiegarnia-akademicka.pl\/index.php\/product\/prawo-karne-procesowe-dla-sedziow-prokuratorow-obroncow-i-pelnomocnikow-praxis\/","title":{"rendered":"Prawo karne procesowe dla s\u0119dzi\u00f3w, prokurator\u00f3w, obro\u0144c\u00f3w i pe\u0142nomocnik\u00f3w. Praxis"},"content":{"rendered":"<p>Redakcja: adw. dr Mariusz Ol\u0119\u017ca\u0142ek<br \/>\nWydawnictwo: C.H. Beck<br \/>\nSeria: Praxis<br \/>\nRok wydania: 2023<br \/>\nOprawa: Twarda<br \/>\nLiczba stron: 2376<br \/>\nWymiary: 160&#215;240 mm<br \/>\nWaga: 2110 g<br \/>\nISBN: 978-83-8291-264-7<\/p>\n<p>Prawo karne procesowe dla s\u0119dzi\u00f3w, prokurator\u00f3w, obro\u0144c\u00f3w i pe\u0142nomocnik\u00f3w to jedyna na rynku publikacja, kt\u00f3ra w praktyczny oraz wyczerpuj\u0105cy spos\u00f3b omawia poszczeg\u00f3lne etapy i instytucje procesu karnego. Praxis jest niezb\u0119dnym narz\u0119dziem w procesie stosowania prawa w praktyce. Pomaga interpretowa\u0107 istniej\u0105ce przepisy z uwzgl\u0119dnieniem starannie dobranego i odpowiednio wyselekcjonowanego orzecznictwa oraz skutecznie przygotowywa\u0107 pisma procesowe, opini\u0119 prawn\u0105 czy strategi\u0119 dzia\u0142ania.<\/p>\n<p>Liczne przyk\u0142ady, wskaz\u00f3wki praktyczne, wzory pism (ponad 300) i odwo\u0142ania do praktyki orzeczniczej u\u0142atwiaj\u0105 zrozumienie poruszanej tematyki. Publikacja pomaga interpretowa\u0107 istniej\u0105ce przepisy, kt\u00f3re w ca\u0142o\u015bci lub fragmentach s\u0105 cytowane, uwzgl\u0119dnia najnowsze orzecznictwo i dorobek przedstawicieli pi\u015bmiennictwa.<\/p>\n<p>Autorzy to specjali\u015bci z danej dziedziny, dlatego te\u017c tak szerokie ich grono. Nie jest to publikacja \u2013 gdzie zaczyna si\u0119 problem, tak ko\u0144czy si\u0119 um\u00f3wienie danego zagadnienia. Wprost przeciwnie, Autorzy rozwi\u0105zuj\u0105 dany problem prawny.<\/p>\n<p>Doskona\u0142y zesp\u00f3\u0142 autorski sk\u0142adaj\u0105cy si\u0119 z ekspert\u00f3w \u2013 praktyk\u00f3w gwarantuje zar\u00f3wno niezwykle wysoki poziom merytoryczny, jak i praktyczny prezentowanych zagadnie\u0144. Publikacj\u0119 tworzy 52 Autor\u00f3w, w\u015br\u00f3d kt\u00f3rych s\u0105:<\/p>\n<p>23 adwokat\u00f3w (w tym 3 Dziekan\u00f3w Okr\u0119gowych Rad Adwokackich oraz 2 Prezes\u00f3w S\u0105du Dyscyplinarnego);<br \/>\n12 prokurator\u00f3w (w tym Prokurator Okr\u0119gowy i zast\u0119pca Prokuratora Okr\u0119gowego, Dyrektor Biura Wsp\u00f3\u0142pracy Mi\u0119dzynarodowej Prokuratury Krajowej);<br \/>\n11 s\u0119dzi\u00f3w (w tym Prezes Wojskowego S\u0105du Okr\u0119gowego);<br \/>\n1 radca prawny;<br \/>\n1 Kurator Okr\u0119gowy.<br \/>\nW\u015br\u00f3d ww. os\u00f3b jest 4 profesor\u00f3w (w tym Rektor uczelni i Kierownik Katedry Post\u0119powania Karnego na Uniwersytecie) oraz 14 doktor\u00f3w nauk prawnych.<\/p>\n<p>Autorzy to osoby, kt\u00f3re na co dzie\u0144 wykonuj\u0105 (lub wykonywa\u0142y) czynnie zaw\u00f3d zwi\u0105zany ze stosowaniem prawa w praktyce. Ponad 15 os\u00f3b prowadzi zaj\u0119cia w ramach aplikacji adwokackiej oraz 10 w Krajowej Szkole S\u0105downictwa i Prokuratury. Autorzy s\u0105 tak\u017ce egzaminatorami na kolokwiach dla aplikant\u00f3w oraz ko\u0144cowych egzaminach zawodowych. Dlatego te\u017c ta pozycja wyr\u00f3\u017cnia si\u0119 znacz\u0105co na rynku innych ksi\u0105\u017cek prawniczych z tej dziedziny.<\/p>\n<p>Co istotne, opracowanie przedstawia &#8222;tylko&#8221; 2376 stron. Jednak\u017ce, nale\u017cy zwr\u00f3ci\u0107 uwag\u0119, \u017ce jedna strona prezentowanej publikacji zawiera niemal 2,5-krotno\u015b\u0107 znormalizowanej strony. Oznacza to, \u017ce ramy przedmiotowego opracowania przekraczaj\u0105 znacznie 5500 stron &#8222;normalnego&#8221; komentarza czy innego tego typu publikacji. Nie zdecydowano si\u0119 jednak na dwutomowe opracowanie, bowiem dla Czytelnika znacznie wygodniejsze i praktyczniejsze jest skupienie ca\u0142ego procesu karnego jako jednej zwartej pozycji.<\/p>\n<p>Dla przejrzysto\u015bci Autorzy dokonali nie tylko podzia\u0142u na tezy, has\u0142a i wyr\u00f3\u017cnili najistotniejsze kwestie, lecz tak\u017ce dodatkowo oznaczyli poszczeg\u00f3lne fragmenty opracowania, podaj\u0105c wskaz\u00f3wki praktyczne, omawiaj\u0105c trudne zagadnienia na przyk\u0142adach oraz wskazuj\u0105c orzecznictwo przydatne w praktyce. U\u0142atwia to Czytelnikowi szybkie odnalezienie interesuj\u0105cej go kwestii. Ponadto przy ka\u017cdym zagadnieniu znajduje si\u0119 od kilku do kilkudziesi\u0119ciu wzor\u00f3w pism procesowych. Wszystko to sprawia, \u017ce przedmiotowa publikacja jest na rynku jedynym kompleksowym om\u00f3wieniem procesu karnego.<\/p>\n<p>Opracowanie zosta\u0142o podzielone na dzia\u0142y, kt\u00f3re dotycz\u0105 m in.:<\/p>\n<p>naczelnych zasad polskiego procesu karnego (m.in.: zasada prawdy materialnej, swobodnej oceny dowod\u00f3w, r\u00f3wno\u015bci stron, domniemania niewinno\u015bci, jawno\u015bci, kontroli procesu);<br \/>\npozytywnych i negatywnych przes\u0142anek procesowych;<br \/>\ns\u0105du (w\u0142a\u015bciwo\u015b\u0107, sk\u0142ad, wy\u0142\u0105czenie s\u0119dziego, przebieg narady i g\u0142osowania);<br \/>\nstron post\u0119powania karnego (m.in.: oskar\u017cyciel publiczny, posi\u0142kowy i prywatny, pokrzywdzony, podejrzany, oskar\u017cony);<br \/>\nobro\u0144cy i pe\u0142nomocnika;<br \/>\nreferendarza s\u0105dowego, \u0142awnika, przedstawiciela spo\u0142ecznego, podmiotu zobowi\u0105zanego, w\u0142a\u015bciciela przedsi\u0119biorstwa zagro\u017conego przepadkiem;<br \/>\npism procesowych, brak\u00f3w formalnych, termin\u00f3w, dor\u0119cze\u0144, protoko\u0142\u00f3w, akt sprawy karnej;<br \/>\npost\u0119powania dowodowego i szczeg\u00f3\u0142owego om\u00f3wienia kwestii zakaz\u00f3w dowodowych w post\u0119powaniu karnym;<br \/>\n\u015bwiadk\u00f3w, bieg\u0142ych, t\u0142umaczy i specjalist\u00f3w, zagadnienia ogl\u0119dzin, otwarcia zw\u0142ok i eksperymentu procesowego, przeszukania miejsca oraz osoby, zatrzymania osoby;<br \/>\n\u015brodk\u00f3w zapobiegawczych (m.in.: tymczasowe aresztowanie, por\u0119czenie maj\u0105tkowe, doz\u00f3r Policji, zakaz opuszczania kraju);<br \/>\nposzukiwania i listu go\u0144czego, listu \u017celaznego, kar porz\u0105dkowych, zabezpieczenia maj\u0105tkowego;<br \/>\npost\u0119powania przygotowawczego (m.in.: \u015bledztwo, dochodzenie, nadz\u00f3r prokuratora nad post\u0119powaniem przygotowawczym, czynno\u015bci s\u0105du w post\u0119powaniu przygotowawczym);<br \/>\npierwszych czynno\u015bci w post\u0119powaniu przed s\u0105dem pierwszej instancji (wst\u0119pna i merytoryczna kontrola aktu oskar\u017cenia, posiedzenie wst\u0119pne, wyznaczenie rozprawy);<br \/>\nrozprawy g\u0142\u00f3wnej (przepisy og\u00f3lne i przeprowadzenie post\u0119powania dowodowego, jawno\u015b\u0107, rozpocz\u0119cie rozprawy, przew\u00f3d s\u0105dowy, g\u0142osy ko\u0144cowe, wyrokowanie);<br \/>\npost\u0119powania odwo\u0142awczego (m.in.: wzgl\u0119dne i bezwzgl\u0119dne przyczyny odwo\u0142awcze, apelacja, za\u017calenie, sprzeciw);<br \/>\npost\u0119powa\u0144 szczeg\u00f3lnych (post\u0119powanie w sprawach z oskar\u017cenia prywatnego, post\u0119powanie nakazowe, post\u0119powanie przyspieszone);<br \/>\nnadzwyczajnych \u015brodk\u00f3w zaskar\u017cenia (kasacja, skarga na wyrok s\u0105du odwo\u0142awczego, wznowienie post\u0119powania);<br \/>\npost\u0119powania po uprawomocnionym si\u0119 orzeczeniu (podj\u0119cie post\u0119powania warunkowo umorzonego, odszkodowanie za nies\u0142uszne skazanie, u\u0142askawienie, kara \u0142\u0105czna);<br \/>\nkoszt\u00f3w procesu;<br \/>\npost\u0119powania w sprawach karnych ze stosunk\u00f3w mi\u0119dzynarodowych (wniosek o pomoc prawn\u0105, europejski nakaz dochodzeniowy, ekstradycja, Europejski Nakaz Aresztowania);<br \/>\npost\u0119powania karnego w sprawach podlegaj\u0105cych orzecznictwu s\u0105d\u00f3w wojskowych;<br \/>\nochrony danych osobowych w procesie karnym.<br \/>\nPublikacja nie zosta\u0142a wi\u0119c klasycznie podzielona na poszczeg\u00f3lne dzia\u0142y oraz rozdzia\u0142y Kodeksu post\u0119powania karnego. Jest to zabieg celowy, aby Czytelnik przy danym zagadnieniu odnalaz\u0142 kompleksowe uj\u0119cie danej problematyki.<\/p>\n<p>Novum w przedmiotowej publikacji jest wskazanie przez Autor\u00f3w problem\u00f3w, kt\u00f3re pojawiaj\u0105 si\u0119 lub mog\u0105 zaistnie\u0107 w praktyce procesu karnego. Co istotne, Autorzy nie pozostawili Czytelnika z nierozwi\u0105zanym problem, ale dokonali szczeg\u00f3\u0142owej analizy i opieraj\u0105c si\u0119 na literaturze przedmiotu orzecznictwie oraz do\u015bwiadczeniu zawodowemu wskazali rozwi\u0105zania pomocne w codziennej pracy s\u0119dziego, prokuratora, adwokata, radcy prawnego, odpowiednio aplikant\u00f3w tych zawod\u00f3w, a tak\u017ce przedstawicieli literatury. Czytelnik nie spotka si\u0119 wi\u0119c z sytuacj\u0105, \u017ce gdzie pojawia si\u0119 problem na co dzie\u0144, tam ko\u0144czy si\u0119 omawiane zagadnienie w komentarzu.<\/p>\n<p>Publikacja przyk\u0142adowo zawiera szczeg\u00f3\u0142ow\u0105 analiz\u0119 nowych zagadnie\u0144 pojawiaj\u0105cych si\u0119 w praktyce m.in.:<\/p>\n<p>czy obro\u0144ca mo\u017ce dowiedzie\u0107 si\u0119 (a je\u017celi tak \u2013 to na jakiej podstawie prawnej) odno\u015bnie miejsca przebywania tymczasowo aresztowanego (czy te\u017c pozbawionego wolno\u015bci) klienta;<br \/>\njak prawid\u0142owo przeprowadzi\u0107 przes\u0142uchanie ma\u0142oletniego pokrzywdzonego i \u015bwiadka oraz pokrzywdzonego w sprawach o przest\u0119pstwa wskazane w art. 198\u2013199 KK;<br \/>\njak w praktyce funkcjonuj\u0105 tzw. dy\u017cury aresztowe;<br \/>\nczy mo\u017cna ustanowi\u0107 pe\u0142nomocnika do odbioru pism u notariusza za granic\u0105, a tak\u017ce czy mo\u017cna dor\u0119czy\u0107 skutecznie pismo przez media spo\u0142eczno\u015bciowe;<br \/>\njak powinien by\u0107 szczeg\u00f3\u0142owo skonstruowany wniosek o zastosowanie tymczasowego aresztowania przez prokuratora;<br \/>\nczy mo\u017cna odst\u0105pi\u0107 od narady nad orzeczeniem \u2013 w przypadku s\u0105du w jednoosobowym sk\u0142adzie;<br \/>\nco nale\u017cy rozumie\u0107 przez \u201ewypadek cierpi\u0105cy zw\u0142oki&#8221; przy mo\u017cliwo\u015bci skierowania przez prokuratora wniosku o zastosowanie tymczasowego aresztowania przez s\u0105d rejonowy inny ni\u017c ten, w okr\u0119gu kt\u00f3rego prowadzi si\u0119 post\u0119powanie przygotowawcze;<br \/>\nw jaki spos\u00f3b rozumie\u0107 poj\u0119cie \u201eniebezpiecze\u0144stwa dla \u017cycia, zdrowia albo wolno\u015bci \u015bwiadka lub osoby dla niego najbli\u017cszej&#8221;, stanowi\u0105ce przes\u0142ank\u0119 ograniczenia dost\u0119pu obro\u0144cy do akt sprawy aresztowej;<br \/>\nczy s\u0119dzia wizytator mo\u017ce by\u0107 obecny podczas narady;<br \/>\nco powinien zrobi\u0107 s\u0119dzia w przypadku dostrze\u017cenia, \u017ce w wydanym orzeczeniu pope\u0142ni\u0142 b\u0142\u0105d o charakterze merytorycznym;<br \/>\nczy do pojednania w ramach posiedzenia pojednawczego w sprawach prywatnoskargowych wystarczaj\u0105cy jest udzia\u0142 wy\u0142\u0105cznie obro\u0144cy oskar\u017conego i pe\u0142nomocnika oskar\u017cyciela posi\u0142kowego;<br \/>\nczy uzupe\u0142nienie braku formalnego z w\u0142asnej inicjatywy (jeszcze przed wezwaniem s\u0105du) jest skuteczne przez oskar\u017cyciela prywatnego;<br \/>\nczy nale\u017cy zawiadomi\u0107 strony o terminie posiedzenia w przypadku rozpoznania przez s\u0105d wniosku prokuratora o przed\u0142u\u017cenie stosowania nakazu opuszczania lokalu;<br \/>\njakie szczeg\u00f3\u0142owe kryteria nale\u017cy bra\u0107 pod uwag\u0119 przy poj\u0119ciu bezstronno\u015bci s\u0119dziego, a tak\u017ce jak nale\u017cy bada\u0107 spe\u0142nienie przez s\u0119dziego wymog\u00f3w niezawis\u0142o\u015bci i bezstronno\u015bci z uwzgl\u0119dnieniem okoliczno\u015bci towarzysz\u0105cych jego powo\u0142aniu oraz jego post\u0119powania po powo\u0142aniu;<br \/>\njakie b\u0142\u0119dy najcz\u0119\u015bciej pope\u0142niane s\u0105 w praktyce przy wniosku o pomoc prawn\u0105, europejski nakaz dochodzeniowy, ekstradycj\u0119 i ENA.<br \/>\nPublikacja uwzgl\u0119dnia co do zasady stan prawny na dzie\u0144 20.9.2023 r., natomiast prezentuje dwustan, czyli posiada por\u00f3wnanie przepisu obecnie obowi\u0105zuj\u0105cego KPK i przepisu po wszystkich zmianach, kt\u00f3re wchodz\u0105 w \u017cycie (pocz\u0105wszy ju\u017c od 28.9.2023 r. oraz 1.10.2023 r., w tym projekty ustaw), a s\u0105 to ostatnie zmiany dokonane:<\/p>\n<p>ustaw\u0105 z 7.7.2023 r. o zmianie ustawy \u2013 Kodeks post\u0119powania cywilnego, ustawy \u2013 Prawo o ustroju s\u0105d\u00f3w powszechnych, ustawy \u2013 Kodeks post\u0119powania karnego oraz niekt\u00f3rych innych ustaw (Dz.U. z 2023 r. poz. 1860), wchodzi w \u017cycie 28.9.2023 r. i 14.3.2024 r.;<br \/>\nustaw\u0105 z 14.4.2023 r. o zmianie ustawy \u2013 Kodeks post\u0119powania karnego oraz niekt\u00f3rych innych ustaw (Dz.U. z 2023 r. poz. 818), wchodzi w \u017cycie 15.2.2024 r. i 13.5.2024 r.;<br \/>\nustaw\u0105 z 9.3.2023 r. o zmianie ustawy o przeciwdzia\u0142aniu przemocy w rodzinie oraz niekt\u00f3rych innych ustaw (Dz.U. z 2023 r. poz. 535), wesz\u0142a w \u017cycie 22.6.2023 r.;<br \/>\nustaw\u0105 z 13.1.2023 r. o zmianie ustawy \u2013 Kodeks post\u0119powania cywilnego oraz niekt\u00f3rych innych ustaw (Dz.U. z 2023 r. poz. 289), wchodzi w \u017cycie 15.8.2023 r. i 15.2.2024 r.;<br \/>\nustaw\u0105 z 27.10.2022 r. o zmianie ustawy \u2013 Kodeks post\u0119powania karnego oraz ustawy \u2013 Prawo o prokuraturze (Dz.U. z 2022 r. poz. 2582), wesz\u0142a w \u017cycie 27.12.2022 r.;<br \/>\nustaw\u0105 z 7.7.2022 r. o zmianie ustawy \u2013 Kodeks karny oraz niekt\u00f3rych innych ustaw (Dz.U. z 2022 r. poz. 2600), wchodzi w \u017cycie 1.10.2023 r.;<br \/>\nustaw\u0105 z 17.12.2021 r. o zmianie niekt\u00f3rych ustaw w zwi\u0105zku z powo\u0142aniem Centralnego Biura Zwalczania Cyberprzest\u0119pczo\u015bci (Dz.U. 2021 r. poz. 2447), wesz\u0142a w \u017cycie 12.1.2022 r.;<br \/>\nustaw\u0105 z 18.11. 2020 r. o dor\u0119czeniach elektronicznych (Dz.U. 2020 r. poz. 2320), wchodzi w \u017cycie 1.10.2028 r. i 1.10.2029 r.<br \/>\nPublikacja zawiera bogate pogl\u0105dy pi\u015bmiennictwa, orzecznictwa s\u0105dowego i jest przeznaczona przede wszystkim dla s\u0119dzi\u00f3w, prokurator\u00f3w, adwokat\u00f3w oraz radc\u00f3w prawnych, jednak\u017ce z uwagi na kazuistyczne om\u00f3wienie ka\u017cdego zagadnienia, nale\u017cy j\u0105 zarekomendowa\u0107 tak\u017ce kuratorom s\u0105dowym, przedstawicielom nauki prawa i procesu karnego. Poza tym, co oczywiste, publikacj\u0119 mo\u017cna poleci\u0107 studentom kierunk\u00f3w prawniczych, asesorom s\u0105dowym oraz prokuratorskim, referendarzom s\u0105dowym. Nie mo\u017cna zapomina\u0107 r\u00f3wnie\u017c o aplikantach s\u0105dowych, prokuratorskich, adwokackich i radcowskich, dla kt\u00f3rych \u2013 z uwagi na kompleksowe praktyczne uj\u0119cie ka\u017cdej ga\u0142\u0119zi procesu karnego sensu largo \u2013 publikacja mo\u017ce stanowi\u0107 nie tylko wskaz\u00f3wk\u0119 w codziennej pracy zawodowej, ale tak\u017ce jako opracowanie s\u0142u\u017c\u0105ce do przygotowania si\u0119 do kolokwium z procesu karnego, a tak\u017ce ko\u0144cowego egzaminu zawodowego. In fine, mo\u017cna j\u0105 poleci\u0107 wszystkim osobom zainteresowanym tematyk\u0105 post\u0119powania karnego.<\/p>\n","protected":false},"excerpt":{"rendered":"<p>Redakcja: adw. dr Mariusz Ol\u0119\u017ca\u0142ek Wydawnictwo: C.H. Beck Seria: Praxis [&hellip;]<\/p>\n","protected":false},"featured_media":17077,"template":"","meta":[],"product_brand":[],"product_cat":[7490,18],"product_tag":[296,7749],"class_list":{"0":"post-17076","1":"product","2":"type-product","3":"status-publish","4":"has-post-thumbnail","6":"product_cat-karne","7":"product_cat-prawo","8":"product_tag-prawo-karne","9":"product_tag-seria-praxis","11":"first","12":"instock","13":"sale","14":"shipping-taxable","15":"purchasable","16":"product-type-simple"},"_links":{"self":[{"href":"http:\/\/ksiegarnia-akademicka.pl\/index.php\/wp-json\/wp\/v2\/product\/17076","targetHints":{"allow":["GET"]}}],"collection":[{"href":"http:\/\/ksiegarnia-akademicka.pl\/index.php\/wp-json\/wp\/v2\/product"}],"about":[{"href":"http:\/\/ksiegarnia-akademicka.pl\/index.php\/wp-json\/wp\/v2\/types\/product"}],"wp:featuredmedia":[{"embeddable":true,"href":"http:\/\/ksiegarnia-akademicka.pl\/index.php\/wp-json\/wp\/v2\/media\/17077"}],"wp:attachment":[{"href":"http:\/\/ksiegarnia-akademicka.pl\/index.php\/wp-json\/wp\/v2\/media?parent=17076"}],"wp:term":[{"taxonomy":"product_brand","embeddable":true,"href":"http:\/\/ksiegarnia-akademicka.pl\/index.php\/wp-json\/wp\/v2\/product_brand?post=17076"},{"taxonomy":"product_cat","embeddable":true,"href":"http:\/\/ksiegarnia-akademicka.pl\/index.php\/wp-json\/wp\/v2\/product_cat?post=17076"},{"taxonomy":"product_tag","embeddable":true,"href":"http:\/\/ksiegarnia-akademicka.pl\/index.php\/wp-json\/wp\/v2\/product_tag?post=17076"}],"curies":[{"name":"wp","href":"https:\/\/api.w.org\/{rel}","templated":true}]}}