{"id":17063,"date":"2023-11-24T09:33:28","date_gmt":"2023-11-24T08:33:28","guid":{"rendered":"http:\/\/ksiegarnia-akademicka.pl\/?post_type=product&#038;p=17063"},"modified":"2023-11-24T09:33:29","modified_gmt":"2023-11-24T08:33:29","slug":"pociag-do-nowoczesnosci-szkice-kolejowe","status":"publish","type":"product","link":"http:\/\/ksiegarnia-akademicka.pl\/index.php\/product\/pociag-do-nowoczesnosci-szkice-kolejowe\/","title":{"rendered":"Poci\u0105g do nowoczesno\u015bci Szkice kolejowe"},"content":{"rendered":"<p>Autor:<br \/>\nWojciech Tomasik<br \/>\nRedakcja: Smole\u0144 Barbara<br \/>\nWydawca: Instytut Bada\u0144 Literackich PAN<br \/>\nOprawa: Mi\u0119kka ze skrzyde\u0142kami<br \/>\nLiczba stron: 287<br \/>\nRok wydania: 2014<br \/>\nJ\u0119zyk wydania: polski<\/p>\n<p>Ksi\u0105\u017cka, kt\u00f3r\u0105 przedk\u0142adam Czytelnikowi, jest prac\u0105 w toku, jej sko\u0144czono\u015b\u0107 chcia\u0142bym traktowa\u0107 wy\u0142\u0105cznie w kategoriach kompozycyjnych. Od ponad dwudziestu lat powtarzam pytania o to, jak podr\u00f3\u017c poci\u0105giem zapisuje si\u0119 (jest zapisywana) jako szczeg\u00f3lny typ do\u015bwiadczenia, jak kolej przeorganizowa\u0142a \u015bwiat zewn\u0119trzny i jak wnikn\u0119\u0142a do naszych przestrzeni symbolicznych. Interesuj\u0105 mnie ludzie i poci\u0105gi. Bohaterami moich opowie\u015bci s\u0105 podr\u00f3\u017cni, pasa\u017cerowie, tury\u015bci, tu\u0142acze, emigranci, postacie prawdziwe i wymy\u015blone. Interesuje mnie ich przemieszczanie si\u0119 i to, jak podr\u00f3\u017cne doznania i wra\u017cenia kszta\u0142towane s\u0105 przez stacje kolejowe i wagony.<\/p>\n<p>W ksi\u0105\u017cce poruszam si\u0119 po okresie niemal dw\u00f3ch wiek\u00f3w, dat\u0105 pocz\u0105tkow\u0105 czyni\u0105c narodziny kolejnictwa (otwarcie linii Liverpool \u2013 Manchester we wrze\u015bniu 1830 roku), a ko\u0144cow\u0105 \u2013 sierpie\u0144 2013 roku i zaprzestanie wydawania rozk\u0142adu jazdy Thomas Cook European RaiI Timetable. S\u0105dz\u0119, \u017ce takie ramy czasowe maj\u0105 mocne uzasadnienie. Wyja\u015bnienia wymaga przestrze\u0144 ksi\u0105\u017cki, to jest odwzorowana w szkicach geografia literacka. Programowo i konsekwentnie przekraczam w nich bowiem granice kultury polskiej, pisz\u0119 wprawdzie najwi\u0119cej o rodzimej, nadwi\u015bla\u0144skiej nowoczesno\u015bci, ale jej nie wyodr\u0119bniam i nie izoluj\u0119 z szerszego europejskiego kontekstu. Czy tak wolno mi by\u0142o zrobi\u0107? Usprawiedliwienie tej decyzji \u0142\u0105cz\u0119 z do\u015b\u0107 banaln\u0105 obserwacj\u0105, \u017ce trudno zamyka\u0107 si\u0119 w granicach kultury narodowej, gdy w analizowanym okresie z wielu stron dzia\u0142a\u0142y na ni\u0105 pr\u0105dy transkulturowe. Drogi \u017celazne by\u0142y najpowa\u017cniejszym wyzwaniem rzuconym temu, co lokalne, ni\u0107 tor\u00f3w spaja\u0142a r\u00f3\u017cne miejsca, u\u0142atwiaj\u0105c nie tylko przep\u0142yw ludzi i towar\u00f3w, ale te\u017c \u2013 idei i obraz\u00f3w. XIX-wieczna sie\u0107 kolejowa przyspieszy\u0142a i uwielokrotnia\u0142a wymian\u0119 kulturow\u0105, mno\u017c\u0105c zast\u0119py po\u015brednik\u00f3w i \u0142\u0105cznik\u00f3w, wykszta\u0142conych i wieloj\u0119zycznych kosmopolit\u00f3w. Kultura ostatnich dw\u00f3ch stuleci wyda\u0142a pokolenia t\u0142umaczy, buduj\u0105cych prawdziwe metaforyczne mosty mi\u0119dzy rozmaitymi spo\u0142eczno\u015bciami.<br \/>\nWojciech Tomasik<\/p>\n","protected":false},"excerpt":{"rendered":"<p>Autor: Wojciech Tomasik Redakcja: Smole\u0144 Barbara Wydawca: Instytut Bada\u0144 Literackich [&hellip;]<\/p>\n","protected":false},"featured_media":17064,"template":"","meta":[],"product_brand":[],"product_cat":[38,7627,41,7923],"product_tag":[71,5430],"class_list":{"0":"post-17063","1":"product","2":"type-product","3":"status-publish","4":"has-post-thumbnail","6":"product_cat-historia","7":"product_cat-historia-literatury","8":"product_cat-nauki-techniczne","9":"product_cat-transport-kolejowy","10":"product_tag-historia","11":"product_tag-kolejnictwo","13":"first","14":"instock","15":"shipping-taxable","16":"purchasable","17":"product-type-simple"},"_links":{"self":[{"href":"http:\/\/ksiegarnia-akademicka.pl\/index.php\/wp-json\/wp\/v2\/product\/17063","targetHints":{"allow":["GET"]}}],"collection":[{"href":"http:\/\/ksiegarnia-akademicka.pl\/index.php\/wp-json\/wp\/v2\/product"}],"about":[{"href":"http:\/\/ksiegarnia-akademicka.pl\/index.php\/wp-json\/wp\/v2\/types\/product"}],"wp:featuredmedia":[{"embeddable":true,"href":"http:\/\/ksiegarnia-akademicka.pl\/index.php\/wp-json\/wp\/v2\/media\/17064"}],"wp:attachment":[{"href":"http:\/\/ksiegarnia-akademicka.pl\/index.php\/wp-json\/wp\/v2\/media?parent=17063"}],"wp:term":[{"taxonomy":"product_brand","embeddable":true,"href":"http:\/\/ksiegarnia-akademicka.pl\/index.php\/wp-json\/wp\/v2\/product_brand?post=17063"},{"taxonomy":"product_cat","embeddable":true,"href":"http:\/\/ksiegarnia-akademicka.pl\/index.php\/wp-json\/wp\/v2\/product_cat?post=17063"},{"taxonomy":"product_tag","embeddable":true,"href":"http:\/\/ksiegarnia-akademicka.pl\/index.php\/wp-json\/wp\/v2\/product_tag?post=17063"}],"curies":[{"name":"wp","href":"https:\/\/api.w.org\/{rel}","templated":true}]}}