{"id":1706,"date":"2018-05-22T12:44:16","date_gmt":"2018-05-22T10:44:16","guid":{"rendered":"http:\/\/ksiegarnia-akademicka.pl\/index.php\/product\/wspolczesna-polityka-gospodarcza-wybrane-zagadnienia\/"},"modified":"2019-05-16T13:31:34","modified_gmt":"2019-05-16T11:31:34","slug":"wspolczesna-polityka-gospodarcza-wybrane-zagadnienia","status":"publish","type":"product","link":"http:\/\/ksiegarnia-akademicka.pl\/index.php\/product\/wspolczesna-polityka-gospodarcza-wybrane-zagadnienia\/","title":{"rendered":"Wsp\u00f3\u0142czesna polityka gospodarcza. Wybrane zagadnienia."},"content":{"rendered":"<p>Pod redakcj\u0105 naukow\u0105 Jana L. Bednarczyka<br \/>\n2008, wyd. I, format B5, stron 389, 36,75z\u0142<\/p>\n<p>Publikacja zosta\u0142a przygotowana przez zesp\u00f3\u0142 pracownik\u00f3w Katedry Polityki Ekonomicznej i Bankowo\u015bci przy udziale Katedry Biznesu i Finans\u00f3w Mi\u0119dzynarodowych Politechniki Radomskiej jako materia\u0142 pomocniczy dla student\u00f3w studi\u00f3w stacjonarnych i niestacjonarnych przygotowuj\u0105cych si\u0119 do zaj\u0119\u0107 z przedmiotu polityka gospodarcza. W ksi\u0105\u017cce zosta\u0142y poruszone takie zagadnienia jak: relacje pomi\u0119dzy systemem bankowym a wzrostem gospodarczym, strategie przyj\u0119cia euro, koordynacja narodowych polityk fiskalnych w Unii Europejskiej, strategie zarz\u0105dzania zad\u0142u\u017ceniem zagranicznym, polityka mieszkaniowa itp.<\/p>\n","protected":false},"excerpt":{"rendered":"<p>Pod redakcj\u0105 naukow\u0105 Jana L. Bednarczyka 2008, wyd. I, format [&hellip;]<\/p>\n","protected":false},"featured_media":11174,"template":"","meta":[],"product_brand":[],"product_cat":[7523,24,43],"product_tag":[337,755,87],"class_list":{"0":"post-1706","1":"product","2":"type-product","3":"status-publish","4":"has-post-thumbnail","6":"product_cat-nauki-ekonomiczne","7":"product_cat-polityka-gospodarcza","8":"product_cat-wydawnictwo-uth","9":"product_tag-ekonomia","10":"product_tag-polityka-gospodarcza","11":"product_tag-skrypty-politechniki-radomskiej","13":"first","14":"instock","15":"shipping-taxable","16":"purchasable","17":"product-type-simple"},"_links":{"self":[{"href":"http:\/\/ksiegarnia-akademicka.pl\/index.php\/wp-json\/wp\/v2\/product\/1706","targetHints":{"allow":["GET"]}}],"collection":[{"href":"http:\/\/ksiegarnia-akademicka.pl\/index.php\/wp-json\/wp\/v2\/product"}],"about":[{"href":"http:\/\/ksiegarnia-akademicka.pl\/index.php\/wp-json\/wp\/v2\/types\/product"}],"wp:featuredmedia":[{"embeddable":true,"href":"http:\/\/ksiegarnia-akademicka.pl\/index.php\/wp-json\/wp\/v2\/media\/11174"}],"wp:attachment":[{"href":"http:\/\/ksiegarnia-akademicka.pl\/index.php\/wp-json\/wp\/v2\/media?parent=1706"}],"wp:term":[{"taxonomy":"product_brand","embeddable":true,"href":"http:\/\/ksiegarnia-akademicka.pl\/index.php\/wp-json\/wp\/v2\/product_brand?post=1706"},{"taxonomy":"product_cat","embeddable":true,"href":"http:\/\/ksiegarnia-akademicka.pl\/index.php\/wp-json\/wp\/v2\/product_cat?post=1706"},{"taxonomy":"product_tag","embeddable":true,"href":"http:\/\/ksiegarnia-akademicka.pl\/index.php\/wp-json\/wp\/v2\/product_tag?post=1706"}],"curies":[{"name":"wp","href":"https:\/\/api.w.org\/{rel}","templated":true}]}}