{"id":16959,"date":"2023-11-15T14:40:37","date_gmt":"2023-11-15T13:40:37","guid":{"rendered":"http:\/\/ksiegarnia-akademicka.pl\/?post_type=product&#038;p=16959"},"modified":"2023-11-15T14:40:37","modified_gmt":"2023-11-15T13:40:37","slug":"pierwsza-pomoc-przedmedyczna-outdoor-survival-wojna","status":"publish","type":"product","link":"http:\/\/ksiegarnia-akademicka.pl\/index.php\/product\/pierwsza-pomoc-przedmedyczna-outdoor-survival-wojna\/","title":{"rendered":"Pierwsza pomoc przedmedyczna. Outdoor &#8211; survival &#8211; wojna"},"content":{"rendered":"<p>Autor:<br \/>\nPawe\u0142 Frankowski<br \/>\nWydawca: Bezdro\u017ca<br \/>\nOprawa: Mi\u0119kka<br \/>\nFormat: 11.5&#215;19.0cm<br \/>\nLiczba stron: 280<br \/>\nRok wydania: 2023<br \/>\nJ\u0119zyk wydania: polski<\/p>\n<p>Wypadki chodz\u0105 po ludziach. Naucz si\u0119 ich ratowa\u0107 przed najgorszym<br \/>\nUrazy, obra\u017cenia, zatrucia czy hipotermia to realne zagro\u017cenia naszego zdrowia i \u017cycia.<br \/>\nCho\u0107 nikomu tego nie \u017cyczymy, w pewnym momencie ka\u017cdy z nas mo\u017ce sta\u0107 si\u0119 \u015bwiadkiem lub uczestnikiem wypadku, katastrofy naturalnej lub budowlanej, przypadkowego postrza\u0142u, albo nawet dzia\u0142a\u0144 wojennych. Zanim pojawi\u0105 si\u0119 odpowiednie s\u0142u\u017cby, to na nas spoczywa obowi\u0105zek udzielenia pierwszej pomocy.<\/p>\n<p>Pawe\u0142 Frankowski i Adam Cha\u0142uda napisali t\u0119 ksi\u0105\u017ck\u0119 przede wszystkim z my\u015bl\u0105 o turystach, survivalowcach, preppersach, \u017co\u0142nierzach WOT, uczniach klas mundurowych, przysz\u0142ych ratownikach KPP i medycznych. Uwzgl\u0119dnili zar\u00f3wno osoby dzia\u0142aj\u0105ce w ramach s\u0142u\u017cb cywilnych, jak i operuj\u0105ce na polu walki, dlatego te\u017c po\u0142\u0105czyli w poradniku medycyn\u0119 cywiln\u0105 z wojskow\u0105, opart\u0105 na wytycznych TCCC.<br \/>\nPoradnik pozwala zdoby\u0107 wiedz\u0119 o zasadach udzielania bezpiecznej i skutecznej pierwszej pomocy przedmedycznej, improwizacji i leczenia, a tak\u017ce obala szkodliwe medyczne mity.<\/p>\n<p>Zdob\u0105d\u017a wiedz\u0119, kt\u00f3ra ratuje \u017cycie!<\/p>\n","protected":false},"excerpt":{"rendered":"<p>Autor: Pawe\u0142 Frankowski Wydawca: Bezdro\u017ca Oprawa: Mi\u0119kka Format: 11.5&#215;19.0cm Liczba [&hellip;]<\/p>\n","protected":false},"featured_media":16960,"template":"","meta":[],"product_brand":[],"product_cat":[7493,8116],"product_tag":[5254,6586],"class_list":{"0":"post-16959","1":"product","2":"type-product","3":"status-publish","4":"has-post-thumbnail","6":"product_cat-medycyna","7":"product_cat-medycyna-ratunkowa","8":"product_tag-medycyna-ratunkowa","9":"product_tag-pierwsza-pomoc","11":"first","12":"instock","13":"sale","14":"shipping-taxable","15":"purchasable","16":"product-type-simple"},"_links":{"self":[{"href":"http:\/\/ksiegarnia-akademicka.pl\/index.php\/wp-json\/wp\/v2\/product\/16959","targetHints":{"allow":["GET"]}}],"collection":[{"href":"http:\/\/ksiegarnia-akademicka.pl\/index.php\/wp-json\/wp\/v2\/product"}],"about":[{"href":"http:\/\/ksiegarnia-akademicka.pl\/index.php\/wp-json\/wp\/v2\/types\/product"}],"wp:featuredmedia":[{"embeddable":true,"href":"http:\/\/ksiegarnia-akademicka.pl\/index.php\/wp-json\/wp\/v2\/media\/16960"}],"wp:attachment":[{"href":"http:\/\/ksiegarnia-akademicka.pl\/index.php\/wp-json\/wp\/v2\/media?parent=16959"}],"wp:term":[{"taxonomy":"product_brand","embeddable":true,"href":"http:\/\/ksiegarnia-akademicka.pl\/index.php\/wp-json\/wp\/v2\/product_brand?post=16959"},{"taxonomy":"product_cat","embeddable":true,"href":"http:\/\/ksiegarnia-akademicka.pl\/index.php\/wp-json\/wp\/v2\/product_cat?post=16959"},{"taxonomy":"product_tag","embeddable":true,"href":"http:\/\/ksiegarnia-akademicka.pl\/index.php\/wp-json\/wp\/v2\/product_tag?post=16959"}],"curies":[{"name":"wp","href":"https:\/\/api.w.org\/{rel}","templated":true}]}}