{"id":16912,"date":"2023-11-08T10:39:43","date_gmt":"2023-11-08T09:39:43","guid":{"rendered":"http:\/\/ksiegarnia-akademicka.pl\/?post_type=product&#038;p=16912"},"modified":"2024-12-05T09:30:00","modified_gmt":"2024-12-05T08:30:00","slug":"czubaszek-kobiety-inteligentne-robia-wrazenie-przemadrzalych","status":"publish","type":"product","link":"http:\/\/ksiegarnia-akademicka.pl\/index.php\/product\/czubaszek-kobiety-inteligentne-robia-wrazenie-przemadrzalych\/","title":{"rendered":"Czubaszek Kobiety inteligentne robi\u0105 wra\u017cenie przem\u0105drza\u0142ych"},"content":{"rendered":"<p>Autor:<br \/>\nRyszard Abraham<br \/>\nWydawca: Mando<br \/>\nOprawa: Zintegrowana<br \/>\nFormat: 19.4&#215;12.4cm<br \/>\nLiczba stron: 256<br \/>\nWydanie: 1<br \/>\nRok wydania: 2023<br \/>\nJ\u0119zyk wydania: polski<\/p>\n<p>Od nienachalnej urody do ci\u0119tej riposty \u201eSerwus, jestem nerwus\u2026\u201d, \u201eprzez sport do kalectwa\u2026\u201d, \u201enienachalna z urody\u201d, \u201eprawdziwej mi\u0142o\u015bci nie zaszkodzi nawet ma\u0142\u017ce\u0144stwo\u2026\u201d \u2013 mawia\u0142a Maria Czubaszek i tak zosta\u0142a mistrzyni\u0105 satyry. Nie kry\u0142a faktu, \u017ce roboty chwyta si\u0119, by prze\u017cy\u0107. Jednak bezsprzecznie lubi\u0142a roz\u015bmiesza\u0107. P\u00f3ki sama nie zacz\u0119\u0142a wyst\u0119powa\u0107 publicznie, pisa\u0142a teksty dla Ireny Kwiatkowskiej czy Wojciecha Pokory, wymy\u015bla\u0142a radiowe cykle i skecze. Z Wojciechem Karolakiem \u0142\u0105czy\u0142a j\u0105 mi\u0142o\u015b\u0107 i wsp\u00f3lnie napisane piosenki. Po opublikowaniu rozm\u00f3w z Arturem Andrusem sta\u0142a si\u0119 jedn\u0105 z najbardziej rozpoznawalnych Polek. I jedn\u0105 z najbardziej niepokornych. Potrafi\u0142a wybrn\u0105\u0107 z ka\u017cdej towarzyskiej opresji, ale gubi\u0142a si\u0119 przy obs\u0142udze elektronicznych sprz\u0119t\u00f3w. Ryszard Abraham, autor bestsellerowego Himilsbacha oraz Maklakiewicza, tym razem opisuje posta\u0107 tak nietypow\u0105, \u017ce wielu nie wierzy, by mog\u0142a istnie\u0107. Tworzy portret \u015bmia\u0142y i prowokuj\u0105cy. Bawi nie tylko anegdotami z \u017cycia Marii Czubaszek, ale tak\u017ce odkrywaniem \u017ar\u00f3de\u0142 jej nie\u015bmiertelnych bon mot\u00f3w i zab\u00f3jczego poczucia humoru.<\/p>\n","protected":false},"excerpt":{"rendered":"<p>Autor: Ryszard Abraham Wydawca: Mando Oprawa: Zintegrowana Format: 19.4&#215;12.4cm Liczba [&hellip;]<\/p>\n","protected":false},"featured_media":16913,"template":"","meta":[],"product_brand":[],"product_cat":[7707],"product_tag":[2322,5953],"class_list":{"0":"post-16912","1":"product","2":"type-product","3":"status-publish","4":"has-post-thumbnail","6":"product_cat-literatura","7":"product_tag-biografie","8":"product_tag-literatura","10":"first","11":"instock","12":"sale","13":"shipping-taxable","14":"purchasable","15":"product-type-simple"},"_links":{"self":[{"href":"http:\/\/ksiegarnia-akademicka.pl\/index.php\/wp-json\/wp\/v2\/product\/16912","targetHints":{"allow":["GET"]}}],"collection":[{"href":"http:\/\/ksiegarnia-akademicka.pl\/index.php\/wp-json\/wp\/v2\/product"}],"about":[{"href":"http:\/\/ksiegarnia-akademicka.pl\/index.php\/wp-json\/wp\/v2\/types\/product"}],"wp:featuredmedia":[{"embeddable":true,"href":"http:\/\/ksiegarnia-akademicka.pl\/index.php\/wp-json\/wp\/v2\/media\/16913"}],"wp:attachment":[{"href":"http:\/\/ksiegarnia-akademicka.pl\/index.php\/wp-json\/wp\/v2\/media?parent=16912"}],"wp:term":[{"taxonomy":"product_brand","embeddable":true,"href":"http:\/\/ksiegarnia-akademicka.pl\/index.php\/wp-json\/wp\/v2\/product_brand?post=16912"},{"taxonomy":"product_cat","embeddable":true,"href":"http:\/\/ksiegarnia-akademicka.pl\/index.php\/wp-json\/wp\/v2\/product_cat?post=16912"},{"taxonomy":"product_tag","embeddable":true,"href":"http:\/\/ksiegarnia-akademicka.pl\/index.php\/wp-json\/wp\/v2\/product_tag?post=16912"}],"curies":[{"name":"wp","href":"https:\/\/api.w.org\/{rel}","templated":true}]}}