{"id":16904,"date":"2023-11-08T10:30:51","date_gmt":"2023-11-08T09:30:51","guid":{"rendered":"http:\/\/ksiegarnia-akademicka.pl\/?post_type=product&#038;p=16904"},"modified":"2023-11-08T10:30:52","modified_gmt":"2023-11-08T09:30:52","slug":"prawo-w-kulturze-eseje-wybrane-z-teorii-i-filozofii-prawa","status":"publish","type":"product","link":"http:\/\/ksiegarnia-akademicka.pl\/index.php\/product\/prawo-w-kulturze-eseje-wybrane-z-teorii-i-filozofii-prawa\/","title":{"rendered":"Prawo w kulturze Eseje wybrane z teorii i filozofii prawa"},"content":{"rendered":"<p>Autor:<br \/>\nMarek Zirk-Sadowski<br \/>\nWydawca: Wolters Kluwer<br \/>\nOprawa: Twarda<br \/>\nFormat: 17.0&#215;24.5cm<br \/>\nLiczba stron: 520<br \/>\nRok wydania: 2023<br \/>\nJ\u0119zyk wydania: polski<\/p>\n<p>Ksi\u0105\u017cka stanowi zbi\u00f3r wybranych publikacji naukowych profesora Marka Zirk-Sadowskiego, dotycz\u0105cych zagadnie\u0144 z zakresu teorii i filozofii prawa. Okazj\u0105 do wydania dzie\u0142a jest pi\u0119\u0107dziesi\u0119ciolecie pracy naukowej autora.<\/p>\n<p>Eseje zosta\u0142y u\u0142o\u017cone chronologicznie i zebrane w trzech cz\u0119\u015bciach. W pierwszym okresie (1977-1989) autor porusza\u0142 kwestie relacji prawa i kultury g\u0142\u00f3wnie na p\u0142aszczy\u017anie j\u0119zykowej i analitycznej. Druga cz\u0119\u015b\u0107 (1990-2004) po\u015bwi\u0119cona jest kwestiom uczestniczenia prawnik\u00f3w w kulturze. Trzeci okres (2004-1922) gromadzi teksty, w kt\u00f3rych autor zaprezentowa\u0142 s\u0105dy jako wsp\u00f3lnoty komunikacyjne s\u0119dzi\u00f3w oraz porusza\u0142 problemy zmian kultury prawnej wynikaj\u0105cych z cz\u0142onkostwa w Unii Europejskiej.<\/p>\n<p>Najwa\u017cniejsze zagadnienia, wok\u00f3\u0142 kt\u00f3rych koncentruj\u0105 si\u0119 rozwa\u017cania autora we wszystkich wymienionych fazach, to problem prawotw\u00f3rstwa s\u0105dowego, nowo\u015bci normatywnej, relacji prawa do etyki i moralno\u015bci, roli pozytywizmu prawniczego w ewolucji kultury prawnej, aktywizmu s\u0119dziowskiego, wyk\u0142adni prawa we wsp\u00f3lnotach s\u0119dzi\u00f3w oraz to\u017csamo\u015bci prawa. Osobne miejsce zajmuj\u0105 eseje filozoficzne, przedstawiaj\u0105ce uj\u0119cie prawa w wybranych nurtach filozoficznych, w swoim czasie otwieraj\u0105ce dyskusje przedstawiane w p\u00f3\u017aniejszych opracowaniach.<\/p>\n","protected":false},"excerpt":{"rendered":"<p>Autor: Marek Zirk-Sadowski Wydawca: Wolters Kluwer Oprawa: Twarda Format: 17.0&#215;24.5cm [&hellip;]<\/p>\n","protected":false},"featured_media":16905,"template":"","meta":[],"product_brand":[],"product_cat":[7497,18],"product_tag":[2510,1008,8227],"class_list":{"0":"post-16904","1":"product","2":"type-product","3":"status-publish","4":"has-post-thumbnail","6":"product_cat-ogolne-zagadnienia-prawa","7":"product_cat-prawo","8":"product_tag-eseje","9":"product_tag-prawo","10":"product_tag-teoria-i-filozofia-prawa","12":"first","13":"instock","14":"sale","15":"shipping-taxable","16":"purchasable","17":"product-type-simple"},"_links":{"self":[{"href":"http:\/\/ksiegarnia-akademicka.pl\/index.php\/wp-json\/wp\/v2\/product\/16904","targetHints":{"allow":["GET"]}}],"collection":[{"href":"http:\/\/ksiegarnia-akademicka.pl\/index.php\/wp-json\/wp\/v2\/product"}],"about":[{"href":"http:\/\/ksiegarnia-akademicka.pl\/index.php\/wp-json\/wp\/v2\/types\/product"}],"wp:featuredmedia":[{"embeddable":true,"href":"http:\/\/ksiegarnia-akademicka.pl\/index.php\/wp-json\/wp\/v2\/media\/16905"}],"wp:attachment":[{"href":"http:\/\/ksiegarnia-akademicka.pl\/index.php\/wp-json\/wp\/v2\/media?parent=16904"}],"wp:term":[{"taxonomy":"product_brand","embeddable":true,"href":"http:\/\/ksiegarnia-akademicka.pl\/index.php\/wp-json\/wp\/v2\/product_brand?post=16904"},{"taxonomy":"product_cat","embeddable":true,"href":"http:\/\/ksiegarnia-akademicka.pl\/index.php\/wp-json\/wp\/v2\/product_cat?post=16904"},{"taxonomy":"product_tag","embeddable":true,"href":"http:\/\/ksiegarnia-akademicka.pl\/index.php\/wp-json\/wp\/v2\/product_tag?post=16904"}],"curies":[{"name":"wp","href":"https:\/\/api.w.org\/{rel}","templated":true}]}}