{"id":16900,"date":"2023-11-08T10:24:38","date_gmt":"2023-11-08T09:24:38","guid":{"rendered":"http:\/\/ksiegarnia-akademicka.pl\/?post_type=product&#038;p=16900"},"modified":"2023-11-08T10:24:38","modified_gmt":"2023-11-08T09:24:38","slug":"picasso-geniusz-ikona-legenda-biografia-buntownika","status":"publish","type":"product","link":"http:\/\/ksiegarnia-akademicka.pl\/index.php\/product\/picasso-geniusz-ikona-legenda-biografia-buntownika\/","title":{"rendered":"Picasso Geniusz. Ikona. Legenda. Biografia buntownika"},"content":{"rendered":"<p>Autor:<br \/>\nAnnie Cohen-Solal<br \/>\nT\u0142umacze: Nowakowska Justyna<br \/>\nWydawca: Znak<br \/>\nOprawa: Twarda<br \/>\nFormat: 15.5&#215;23.5cm<br \/>\nLiczba stron: 640<br \/>\nWydanie: 1<br \/>\nRok wydania: 2023<br \/>\nJ\u0119zyk wydania: polski<\/p>\n<p>Biograficzne \u015bledztwo, pulsuj\u0105ce niczym \u015bwietnie napisany thriller, otwiera oczy na prawdziwe \u017cycie geniusza, buntownika, cz\u0142owieka bez ojczyzny. To zrodzona z dociekliwych bada\u0144 odyseja Picassa we Francji. Cohen-Solal odpowiada na wiele niezadanych dot\u0105d pyta\u0144. Przenosi w czasy, zanim Piacasso sta\u0142 si\u0119 Picassem \u2013 kultowym artyst\u0105, czo\u0142ow\u0105 postaci\u0105 \u017cycia kulturalnego Francji. Dlaczego 1 grudnia 1914 roku prawie siedemset obraz\u00f3w artysty, jego rysunk\u00f3w i innych dzie\u0142 z okresu kubistycznego zosta\u0142o skonfiskowanych przez francuski rz\u0105d na okres prawie dziesi\u0119ciu lat? Dlaczego obrazy Picassa by\u0142y prawie ca\u0142kowicie nieobecne we francuskich kolekcjach publicznych a\u017c do 1947 roku? Dlaczego geniuszowi, kt\u00f3ry w 1937 roku stworzy\u0142 Guernic\u0119 jako wyraz sprzeciwu wobec faszyzmu, trzy lata p\u00f3\u017aniej, w przededniu nazistowskiej okupacji, odm\u00f3wiono francuskiego obywatelstwa? Picasso \u2013 artysta wybitny, wielki strateg dryfuj\u0105cy we Francji targanej napi\u0119ciami \u2013 narzuca \u015bwiatu swoj\u0105 mistrzowsk\u0105 wizj\u0119, buduje sieci powi\u0105za\u0144 i staje si\u0119 pot\u0119\u017cn\u0105 si\u0142\u0105 modernizuj\u0105c\u0105 kraj, kt\u00f3ry przez lata nie pozna\u0142 si\u0119 na jego geniuszu.<\/p>\n","protected":false},"excerpt":{"rendered":"<p>Autor: Annie Cohen-Solal T\u0142umacze: Nowakowska Justyna Wydawca: Znak Oprawa: Twarda [&hellip;]<\/p>\n","protected":false},"featured_media":16901,"template":"","meta":[],"product_brand":[],"product_cat":[38,7824],"product_tag":[71,5033,8226],"class_list":{"0":"post-16900","1":"product","2":"type-product","3":"status-publish","4":"has-post-thumbnail","6":"product_cat-historia","7":"product_cat-malarstwo","8":"product_tag-historia","9":"product_tag-malarstwo","10":"product_tag-pablo-picasso","12":"first","13":"instock","14":"sale","15":"shipping-taxable","16":"purchasable","17":"product-type-simple"},"_links":{"self":[{"href":"http:\/\/ksiegarnia-akademicka.pl\/index.php\/wp-json\/wp\/v2\/product\/16900","targetHints":{"allow":["GET"]}}],"collection":[{"href":"http:\/\/ksiegarnia-akademicka.pl\/index.php\/wp-json\/wp\/v2\/product"}],"about":[{"href":"http:\/\/ksiegarnia-akademicka.pl\/index.php\/wp-json\/wp\/v2\/types\/product"}],"wp:featuredmedia":[{"embeddable":true,"href":"http:\/\/ksiegarnia-akademicka.pl\/index.php\/wp-json\/wp\/v2\/media\/16901"}],"wp:attachment":[{"href":"http:\/\/ksiegarnia-akademicka.pl\/index.php\/wp-json\/wp\/v2\/media?parent=16900"}],"wp:term":[{"taxonomy":"product_brand","embeddable":true,"href":"http:\/\/ksiegarnia-akademicka.pl\/index.php\/wp-json\/wp\/v2\/product_brand?post=16900"},{"taxonomy":"product_cat","embeddable":true,"href":"http:\/\/ksiegarnia-akademicka.pl\/index.php\/wp-json\/wp\/v2\/product_cat?post=16900"},{"taxonomy":"product_tag","embeddable":true,"href":"http:\/\/ksiegarnia-akademicka.pl\/index.php\/wp-json\/wp\/v2\/product_tag?post=16900"}],"curies":[{"name":"wp","href":"https:\/\/api.w.org\/{rel}","templated":true}]}}