{"id":16834,"date":"2023-10-26T08:15:08","date_gmt":"2023-10-26T06:15:08","guid":{"rendered":"http:\/\/ksiegarnia-akademicka.pl\/?post_type=product&#038;p=16834"},"modified":"2023-10-26T08:15:08","modified_gmt":"2023-10-26T06:15:08","slug":"prawo-zamowien-publicznych-komentarz-4","status":"publish","type":"product","link":"http:\/\/ksiegarnia-akademicka.pl\/index.php\/product\/prawo-zamowien-publicznych-komentarz-4\/","title":{"rendered":"Prawo zam\u00f3wie\u0144 publicznych Komentarz"},"content":{"rendered":"<p>Autor:<br \/>\nPiotr Wi\u015bniewski<br \/>\nWydawca: Wolters Kluwer<br \/>\nOprawa: Twarda<br \/>\nLiczba stron: 2128<br \/>\nWydanie: 5<br \/>\nRok wydania: 2023<br \/>\nJ\u0119zyk wydania: polski<\/p>\n<p>Publikacja zawiera obszerne i szczeg\u00f3\u0142owe om\u00f3wienie wszystkich instytucji Prawa zam\u00f3wie\u0144 publicznych oraz dog\u0142\u0119bn\u0105 analiz\u0119 orzecznictwa i opinii Urz\u0119du Zam\u00f3wie\u0144 Publicznych.<\/p>\n<p>Szczeg\u00f3ln\u0105 uwag\u0119 zwr\u00f3cono na:<br \/>\n\u2022 funkcjonowanie procedur udzielania zam\u00f3wie\u0144 publicznych,<br \/>\n\u2022 rozbie\u017cno\u015bci interpretacyjne dotycz\u0105ce przepis\u00f3w o zam\u00f3wieniach publicznych,<br \/>\n\u2022 stanowiska Prezesa Urz\u0119du Zam\u00f3wie\u0144 Publicznych wyra\u017cane w wynikach przeprowadzanych kontroli post\u0119powa\u0144 o udzielanie zam\u00f3wie\u0144 publicznych.<\/p>\n<p>Komentarz umo\u017cliwi zamawiaj\u0105cym unikni\u0119cie b\u0142\u0119d\u00f3w zar\u00f3wno w toku wykonywania czynno\u015bci zwi\u0105zanych z przygotowaniem i przeprowadzeniem post\u0119powania, jak i na etapie realizacji umowy w sprawie zam\u00f3wienia publicznego, a wykonawcom \u2013 unikni\u0119cie odrzucenia oferty oraz skuteczne wnoszenie \u015brodk\u00f3w ochrony prawnej.<\/p>\n<p>Ksi\u0105\u017cka przeznaczona jest dla os\u00f3b zajmuj\u0105cych si\u0119 zam\u00f3wieniami publicznymi \u2013 zar\u00f3wno zamawiaj\u0105cych, jak i wykonawc\u00f3w. Zainteresuje osoby \u015bwiadcz\u0105ce us\u0142ugi doradztwa z zakresu stosowania przepis\u00f3w o zam\u00f3wieniach publicznych oraz organy kontroluj\u0105ce. B\u0119dzie cennym \u017ar\u00f3d\u0142em wiedzy dla student\u00f3w prawa i s\u0142uchaczy studi\u00f3w podyplomowych.<\/p>\n","protected":false},"excerpt":{"rendered":"<p>Autor: Piotr Wi\u015bniewski Wydawca: Wolters Kluwer Oprawa: Twarda Liczba stron: [&hellip;]<\/p>\n","protected":false},"featured_media":16835,"template":"","meta":[],"product_brand":[],"product_cat":[7495,18],"product_tag":[4394,4625],"class_list":{"0":"post-16834","1":"product","2":"type-product","3":"status-publish","4":"has-post-thumbnail","6":"product_cat-gospodarcze-i-handlowe","7":"product_cat-prawo","8":"product_tag-prawo-zamowien-publicznych","9":"product_tag-seria-komentarze","11":"first","12":"instock","13":"sale","14":"shipping-taxable","15":"purchasable","16":"product-type-simple"},"_links":{"self":[{"href":"http:\/\/ksiegarnia-akademicka.pl\/index.php\/wp-json\/wp\/v2\/product\/16834","targetHints":{"allow":["GET"]}}],"collection":[{"href":"http:\/\/ksiegarnia-akademicka.pl\/index.php\/wp-json\/wp\/v2\/product"}],"about":[{"href":"http:\/\/ksiegarnia-akademicka.pl\/index.php\/wp-json\/wp\/v2\/types\/product"}],"wp:featuredmedia":[{"embeddable":true,"href":"http:\/\/ksiegarnia-akademicka.pl\/index.php\/wp-json\/wp\/v2\/media\/16835"}],"wp:attachment":[{"href":"http:\/\/ksiegarnia-akademicka.pl\/index.php\/wp-json\/wp\/v2\/media?parent=16834"}],"wp:term":[{"taxonomy":"product_brand","embeddable":true,"href":"http:\/\/ksiegarnia-akademicka.pl\/index.php\/wp-json\/wp\/v2\/product_brand?post=16834"},{"taxonomy":"product_cat","embeddable":true,"href":"http:\/\/ksiegarnia-akademicka.pl\/index.php\/wp-json\/wp\/v2\/product_cat?post=16834"},{"taxonomy":"product_tag","embeddable":true,"href":"http:\/\/ksiegarnia-akademicka.pl\/index.php\/wp-json\/wp\/v2\/product_tag?post=16834"}],"curies":[{"name":"wp","href":"https:\/\/api.w.org\/{rel}","templated":true}]}}