{"id":16824,"date":"2023-10-25T09:15:59","date_gmt":"2023-10-25T07:15:59","guid":{"rendered":"http:\/\/ksiegarnia-akademicka.pl\/?post_type=product&#038;p=16824"},"modified":"2023-10-25T09:15:59","modified_gmt":"2023-10-25T07:15:59","slug":"pediatria-i-pielegniarstwo-pediatryczne","status":"publish","type":"product","link":"http:\/\/ksiegarnia-akademicka.pl\/index.php\/product\/pediatria-i-pielegniarstwo-pediatryczne\/","title":{"rendered":"Pediatria i piel\u0119gniarstwo pediatryczne"},"content":{"rendered":"<p>Redakcja: Piskorz-Og\u00f3rek Krystyna, Kaczmarski Maciej<br \/>\nWydawca: Help-Med<br \/>\nOprawa: Twarda<br \/>\nFormat: 17.0&#215;24.0cm<br \/>\nLiczba stron: 992<br \/>\nWydanie: 2<br \/>\nRok wydania: 2023<br \/>\nJ\u0119zyk wydania: polski<\/p>\n<p>Ksi\u0105\u017cka jest skierowana przede wszystkim do student\u00f3w piel\u0119gniarstwa i nauk o zdrowiu, piel\u0119gniarek pracuj\u0105cych w oddzia\u0142ach dla dzieci, w plac\u00f3wkach edukacyjnych i opieku\u0144czych oraz w podstawowej opiece zdrowotnej.<br \/>\n    Pediatria i piel\u0119gniarstwo pediatryczne. Wybrane zagadnienia jest podr\u0119cznikiem obowi\u0105zkowym dla student\u00f3w piel\u0119gniarstwa (zar\u00f3wno szczebli podstawowych jak i wy\u017cszych) oraz student\u00f3w nauk o zdrowiu.<br \/>\nPodr\u0119cznik ten powinien zainteresowa\u0107 r\u00f3wnie\u017c osoby sprawuj\u0105ce profesjonaln\u0105 opiek\u0119 nad dzie\u0107mi.<br \/>\nPublikacja obejmuje ca\u0142o\u015b\u0107 problematyki medyczno-psychospo\u0142ecznej i edukacyjnej, dotycz\u0105cej dzieci i m\u0142odzie\u017cy we wsp\u00f3\u0142czesnej Polsce, poza obszern\u0105 cz\u0119\u015bci\u0105 kliniczn\u0105 zawiera diagnozy i interwencje piel\u0119gniarskie w wybranych jednostkach chorobowych. Zosta\u0142a opracowana przez 69 autorek i autor\u00f3w, wywodz\u0105cych si\u0119 z uczelni, klinik i szpitali.<br \/>\nKsi\u0105\u017cka o obj\u0119to\u015bci 992 str., zawiera 116 tabel, 129 rycin oraz 9 za\u0142\u0105cznik\u00f3w.<br \/>\nW podr\u0119czniku zawarte s\u0105 rozdzia\u0142y dotycz\u0105ce wybranych diagnoz i interwencji piel\u0119gniarskich u pacjent\u00f3w w wybranych chorobach wieku rozwojowego. Podr\u0119cznik sk\u0142ada si\u0119 z trzech g\u0142\u00f3wnych cz\u0119\u015bci (60 rozdzia\u0142\u00f3w):<br \/>\nCz\u0119\u015b\u0107 1. Specyfika problem\u00f3w zdrowotnych w populacji wieku rozwojowego i opieki nad dzieckiem.<br \/>\nCz\u0119\u015b\u0107 2. Wybrane choroby wieku rozwojowego.<br \/>\nCz\u0119\u015b\u0107 3. Zaburzenia rozwoju dzieci i m\u0142odzie\u017cy.<br \/>\nWa\u017cn\u0105 cech\u0105 tej publikacji jest jej zakres tematyczny, kt\u00f3ry czyni j\u0105 podstawowym podr\u0119cznikiem do nauki pediatrii i piel\u0119gniarstwa pediatrycznego, zar\u00f3wno dla student\u00f3w piel\u0119gniarstwa, jak i w realizacji kszta\u0142cenia podyplomowego. Wi\u0119cej informacji www.help-med.pl<\/p>\n","protected":false},"excerpt":{"rendered":"<p>Redakcja: Piskorz-Og\u00f3rek Krystyna, Kaczmarski Maciej Wydawca: Help-Med Oprawa: Twarda Format: [&hellip;]<\/p>\n","protected":false},"featured_media":16825,"template":"","meta":[],"product_brand":[],"product_cat":[7493,8067,7965],"product_tag":[3074,4645],"class_list":{"0":"post-16824","1":"product","2":"type-product","3":"status-publish","4":"has-post-thumbnail","6":"product_cat-medycyna","7":"product_cat-pediatria","8":"product_cat-pielegniarstwo","9":"product_tag-pediatria","10":"product_tag-pielegniarstwo","12":"first","13":"instock","14":"sale","15":"shipping-taxable","16":"purchasable","17":"product-type-simple"},"_links":{"self":[{"href":"http:\/\/ksiegarnia-akademicka.pl\/index.php\/wp-json\/wp\/v2\/product\/16824","targetHints":{"allow":["GET"]}}],"collection":[{"href":"http:\/\/ksiegarnia-akademicka.pl\/index.php\/wp-json\/wp\/v2\/product"}],"about":[{"href":"http:\/\/ksiegarnia-akademicka.pl\/index.php\/wp-json\/wp\/v2\/types\/product"}],"wp:featuredmedia":[{"embeddable":true,"href":"http:\/\/ksiegarnia-akademicka.pl\/index.php\/wp-json\/wp\/v2\/media\/16825"}],"wp:attachment":[{"href":"http:\/\/ksiegarnia-akademicka.pl\/index.php\/wp-json\/wp\/v2\/media?parent=16824"}],"wp:term":[{"taxonomy":"product_brand","embeddable":true,"href":"http:\/\/ksiegarnia-akademicka.pl\/index.php\/wp-json\/wp\/v2\/product_brand?post=16824"},{"taxonomy":"product_cat","embeddable":true,"href":"http:\/\/ksiegarnia-akademicka.pl\/index.php\/wp-json\/wp\/v2\/product_cat?post=16824"},{"taxonomy":"product_tag","embeddable":true,"href":"http:\/\/ksiegarnia-akademicka.pl\/index.php\/wp-json\/wp\/v2\/product_tag?post=16824"}],"curies":[{"name":"wp","href":"https:\/\/api.w.org\/{rel}","templated":true}]}}