{"id":16800,"date":"2023-10-24T09:43:16","date_gmt":"2023-10-24T07:43:16","guid":{"rendered":"http:\/\/ksiegarnia-akademicka.pl\/?post_type=product&#038;p=16800"},"modified":"2023-10-24T09:44:01","modified_gmt":"2023-10-24T07:44:01","slug":"prawo-rodzinne-5","status":"publish","type":"product","link":"http:\/\/ksiegarnia-akademicka.pl\/index.php\/product\/prawo-rodzinne-5\/","title":{"rendered":"Prawo rodzinne"},"content":{"rendered":"<p>Autor:<br \/>\nKrzysztof Go\u0142\u0119biowski<br \/>\nWydawca: Wolters Kluwer<br \/>\nOprawa: Mi\u0119kka<br \/>\nLiczba stron: 600<br \/>\nWydanie: 1<br \/>\nRok wydania: 2023<br \/>\nJ\u0119zyk wydania: polski<\/p>\n<p>Podr\u0119cznik omawia podstawowe instytucje prawa rodzinnego, zgodnie ze struktur\u0105 Kodeksu rodzinnego i opieku\u0144czego, w powi\u0105zaniu z przepisami Kodeksu cywilnego.<\/p>\n<p>Prezentuje skutki okre\u015blonych stosunk\u00f3w prawnorodzinnych dla sytuacji osoby fizycznej, tak\u017ce w relacjach, kt\u00f3re nie maj\u0105 charakteru rodzinnego, oraz wa\u017cnych dla obrotu prawnego, np. maj\u0105cych wp\u0142yw na zawieranie um\u00f3w, m.in. dotycz\u0105cych:<br \/>\n\u2022 regulacji ma\u0142\u017ce\u0144skiego ustawowego ustroju maj\u0105tkowego,<br \/>\n\u2022 w\u0142adzy rodzicielskiej.<\/p>\n<p>W ksi\u0105\u017cce przybli\u017cono te zagadnienia, kt\u00f3rych zrozumienie sprawia studentom najwi\u0119cej trudno\u015bci, takie jak ma\u0142\u017ce\u0144skie ustroje maj\u0105tkowe czy w\u0142adza rodzicielska. Autor wskazuje te\u017c b\u0142\u0119dy pojawiaj\u0105ce si\u0119 najcz\u0119\u015bciej w odpowiedziach egzaminacyjnych i wyja\u015bnia przyczyny ich wyst\u0119powania.<\/p>\n<p>Podr\u0119cznik jest przeznaczony przede wszystkim dla student\u00f3w kierunk\u00f3w prawniczych, b\u0119dzie r\u00f3wnie\u017c przydatny studentom np. administracji czy ekonomii.<\/p>\n","protected":false},"excerpt":{"rendered":"<p>Autor: Krzysztof Go\u0142\u0119biowski Wydawca: Wolters Kluwer Oprawa: Mi\u0119kka Liczba stron: [&hellip;]<\/p>\n","protected":false},"featured_media":16801,"template":"","meta":[],"product_brand":[],"product_cat":[7491,18],"product_tag":[269,615,4584],"class_list":{"0":"post-16800","1":"product","2":"type-product","3":"status-publish","4":"has-post-thumbnail","6":"product_cat-cywilne","7":"product_cat-prawo","8":"product_tag-podrecznik-akademicki","9":"product_tag-prawo-cywilne","10":"product_tag-prawo-rodzinne-i-opiekuncze","12":"first","13":"instock","14":"sale","15":"shipping-taxable","16":"purchasable","17":"product-type-simple"},"_links":{"self":[{"href":"http:\/\/ksiegarnia-akademicka.pl\/index.php\/wp-json\/wp\/v2\/product\/16800","targetHints":{"allow":["GET"]}}],"collection":[{"href":"http:\/\/ksiegarnia-akademicka.pl\/index.php\/wp-json\/wp\/v2\/product"}],"about":[{"href":"http:\/\/ksiegarnia-akademicka.pl\/index.php\/wp-json\/wp\/v2\/types\/product"}],"wp:featuredmedia":[{"embeddable":true,"href":"http:\/\/ksiegarnia-akademicka.pl\/index.php\/wp-json\/wp\/v2\/media\/16801"}],"wp:attachment":[{"href":"http:\/\/ksiegarnia-akademicka.pl\/index.php\/wp-json\/wp\/v2\/media?parent=16800"}],"wp:term":[{"taxonomy":"product_brand","embeddable":true,"href":"http:\/\/ksiegarnia-akademicka.pl\/index.php\/wp-json\/wp\/v2\/product_brand?post=16800"},{"taxonomy":"product_cat","embeddable":true,"href":"http:\/\/ksiegarnia-akademicka.pl\/index.php\/wp-json\/wp\/v2\/product_cat?post=16800"},{"taxonomy":"product_tag","embeddable":true,"href":"http:\/\/ksiegarnia-akademicka.pl\/index.php\/wp-json\/wp\/v2\/product_tag?post=16800"}],"curies":[{"name":"wp","href":"https:\/\/api.w.org\/{rel}","templated":true}]}}