{"id":16754,"date":"2023-10-12T09:28:08","date_gmt":"2023-10-12T07:28:08","guid":{"rendered":"http:\/\/ksiegarnia-akademicka.pl\/?post_type=product&#038;p=16754"},"modified":"2023-10-12T09:28:09","modified_gmt":"2023-10-12T07:28:09","slug":"metrologia-geometryczna-powierzchni-technologicznych-zarysy-ksztaltu-falistosc-mikro-i-nanochropowatosc","status":"publish","type":"product","link":"http:\/\/ksiegarnia-akademicka.pl\/index.php\/product\/metrologia-geometryczna-powierzchni-technologicznych-zarysy-ksztaltu-falistosc-mikro-i-nanochropowatosc\/","title":{"rendered":"Metrologia geometryczna powierzchni technologicznych Zarysy kszta\u0142tu &#8211; Falisto\u015b\u0107 \u2013 Mikro- i nanochropowato\u015b\u0107"},"content":{"rendered":"<p>Autor:<br \/>\nStanis\u0142aw Adamczak<br \/>\nWydawca: Wydawnictwo Naukowe PWN<br \/>\nOprawa: Mi\u0119kka<br \/>\nFormat: 16.5&#215;23.5cm<br \/>\nLiczba stron: 450<br \/>\nWydanie: 1<br \/>\nRok wydania: 2023<br \/>\nJ\u0119zyk wydania: polski<\/p>\n<p>Przedstawiamy wyj\u0105tkow\u0105 publikacj\u0119 \u2013 kompendium po\u015bwi\u0119cone tematyce metrologii i analizie powierzchni. Publikacja powsta\u0142a dzi\u0119ki kilkudziesi\u0119cioletniemu do\u015bwiadczeniu w przemy\u015ble oraz dokonaniom badawczym i naukowym jej Autora \u2013 profesora dr. hab. Stanis\u0142awa Adamczaka profesora Politechniki \u015awi\u0119tokrzyskiej oraz by\u0142ego (dwukrotnego) rektora tej\u017ce uczelni. Autor w swojej ksi\u0105\u017cce przede wszystkim odnosi si\u0119 do praktyki przemys\u0142owej, publikacja jest wi\u0119c bogata w tre\u015bci przydatne w pracy in\u017cynierskiej, zawiera bardzo du\u017co ilustracji oraz przyk\u0142ad\u00f3w zastosowa\u0144 opisywanych rozwi\u0105za\u0144 w praktyce.<br \/>\nPublikacja kierowana jest przede wszystkim do metrolog\u00f3w, technolog\u00f3w oraz konstruktor\u00f3w urz\u0105dze\u0144 i aparatury pomiarowej, pracownik\u00f3w s\u0142u\u017cb kontrolno-pomiarowych i utrzymania ruchu, przemys\u0142u maszynowego i bran\u017c pokrewnych czy specjalist\u00f3w projektowania przemys\u0142owego. Z uwagi na przedstawion\u0105 tematyk\u0119 ksi\u0105\u017cka nadaje si\u0119 r\u00f3wnie\u017c jako lektura dla student\u00f3w I i II stopnia kierunk\u00f3w technicznych typu mechanika i budowa maszyn, in\u017cynieria produkcji i materia\u0142owa czy mechatronika, elektrotechnika, in\u017cynieria medyczna czy logistyka.<\/p>\n","protected":false},"excerpt":{"rendered":"<p>Autor: Stanis\u0142aw Adamczak Wydawca: Wydawnictwo Naukowe PWN Oprawa: Mi\u0119kka Format: [&hellip;]<\/p>\n","protected":false},"featured_media":16755,"template":"","meta":[],"product_brand":[],"product_cat":[7709,41],"product_tag":[5086],"class_list":{"0":"post-16754","1":"product","2":"type-product","3":"status-publish","4":"has-post-thumbnail","6":"product_cat-mechanika","7":"product_cat-nauki-techniczne","8":"product_tag-metrologia","10":"first","11":"instock","12":"sale","13":"shipping-taxable","14":"purchasable","15":"product-type-simple"},"_links":{"self":[{"href":"http:\/\/ksiegarnia-akademicka.pl\/index.php\/wp-json\/wp\/v2\/product\/16754","targetHints":{"allow":["GET"]}}],"collection":[{"href":"http:\/\/ksiegarnia-akademicka.pl\/index.php\/wp-json\/wp\/v2\/product"}],"about":[{"href":"http:\/\/ksiegarnia-akademicka.pl\/index.php\/wp-json\/wp\/v2\/types\/product"}],"wp:featuredmedia":[{"embeddable":true,"href":"http:\/\/ksiegarnia-akademicka.pl\/index.php\/wp-json\/wp\/v2\/media\/16755"}],"wp:attachment":[{"href":"http:\/\/ksiegarnia-akademicka.pl\/index.php\/wp-json\/wp\/v2\/media?parent=16754"}],"wp:term":[{"taxonomy":"product_brand","embeddable":true,"href":"http:\/\/ksiegarnia-akademicka.pl\/index.php\/wp-json\/wp\/v2\/product_brand?post=16754"},{"taxonomy":"product_cat","embeddable":true,"href":"http:\/\/ksiegarnia-akademicka.pl\/index.php\/wp-json\/wp\/v2\/product_cat?post=16754"},{"taxonomy":"product_tag","embeddable":true,"href":"http:\/\/ksiegarnia-akademicka.pl\/index.php\/wp-json\/wp\/v2\/product_tag?post=16754"}],"curies":[{"name":"wp","href":"https:\/\/api.w.org\/{rel}","templated":true}]}}