{"id":16597,"date":"2023-05-05T11:26:37","date_gmt":"2023-05-05T09:26:37","guid":{"rendered":"http:\/\/ksiegarnia-akademicka.pl\/?post_type=product&#038;p=16597"},"modified":"2023-05-05T11:26:37","modified_gmt":"2023-05-05T09:26:37","slug":"pit-komentarz-2023","status":"publish","type":"product","link":"http:\/\/ksiegarnia-akademicka.pl\/index.php\/product\/pit-komentarz-2023\/","title":{"rendered":"PIT Komentarz 2023"},"content":{"rendered":"<p>Autor:<br \/>\nMonika Brzostowska<br \/>\nWydawca: Wolters Kluwer<br \/>\nOprawa: Twarda<br \/>\nFormat: 14.8&#215;21.0cm<br \/>\nLiczba stron: 936<br \/>\nWydanie: 2<br \/>\nRok wydania: 2023<\/p>\n<p>Ustawa o podatku dochodowym od os\u00f3b fizycznych (PIT) jest jedn\u0105 z wa\u017cniejszych ustaw podatkowych, w spos\u00f3b bezpo\u015bredni dotyczy kilkudziesi\u0119ciu milion\u00f3w podatnik\u00f3w, a stosowanie jej przepis\u00f3w wci\u0105\u017c napotyka wiele problem\u00f3w interpretacyjnych.<\/p>\n<p>Autorki w prosty i przyst\u0119pny spos\u00f3b pomagaj\u0105 zrozumie\u0107 zawi\u0142o\u015bci ustawy, omawiaj\u0105c m.in. zagadnienia dotycz\u0105ce:<br \/>\n\u2022 przepis\u00f3w przej\u015bciowych odnosz\u0105cych si\u0119 do konfliktu zbrojnego w Ukrainie,<br \/>\n\u2022 nowych zasad rozliczania ma\u0142\u017conk\u00f3w i os\u00f3b samotnie wychowuj\u0105cych dzieci,<br \/>\n\u2022 nowych zasad poboru zaliczki na podatek dochodowy przy wi\u0119cej ni\u017c jednym p\u0142atniku,<br \/>\n\u2022 zmian w dochodach uzyskiwanych przez ma\u0142oletnie dzieci,<br \/>\n\u2022 rezygnacji pracownika z podwy\u017cszonych miesi\u0119cznych koszt\u00f3w uzyskania przychod\u00f3w,<br \/>\n\u2022 zmian w ulgach podatkowych, w tym uldze na zabytki,<br \/>\n\u2022 nowych o\u015bwiadcze\u0144 i wniosk\u00f3w przekazywanych p\u0142atnikom.<\/p>\n<p>Ksi\u0105\u017cka przeznaczona jest dla doradc\u00f3w podatkowych, w\u0142a\u015bcicieli biur rachunkowych oraz pracownik\u00f3w dzia\u0142\u00f3w finansowo-ksi\u0119gowych w przedsi\u0119biorstwach. Zainteresuje r\u00f3wnie\u017c adwokat\u00f3w i radc\u00f3w prawnych, a tak\u017ce pracownik\u00f3w organ\u00f3w podatkowych.<\/p>\n","protected":false},"excerpt":{"rendered":"<p>Autor: Monika Brzostowska Wydawca: Wolters Kluwer Oprawa: Twarda Format: 14.8&#215;21.0cm [&hellip;]<\/p>\n","protected":false},"featured_media":16598,"template":"","meta":[],"product_brand":[],"product_cat":[22,23],"product_tag":[1055,1496,4625],"class_list":{"0":"post-16597","1":"product","2":"type-product","3":"status-publish","4":"has-post-thumbnail","6":"product_cat-podatki-i-prawo-podatkowe","7":"product_cat-rachunkowosc","8":"product_tag-prawo-podatkowe","9":"product_tag-rachunkowosc","10":"product_tag-seria-komentarze","12":"first","13":"instock","14":"sale","15":"shipping-taxable","16":"purchasable","17":"product-type-simple"},"_links":{"self":[{"href":"http:\/\/ksiegarnia-akademicka.pl\/index.php\/wp-json\/wp\/v2\/product\/16597","targetHints":{"allow":["GET"]}}],"collection":[{"href":"http:\/\/ksiegarnia-akademicka.pl\/index.php\/wp-json\/wp\/v2\/product"}],"about":[{"href":"http:\/\/ksiegarnia-akademicka.pl\/index.php\/wp-json\/wp\/v2\/types\/product"}],"wp:featuredmedia":[{"embeddable":true,"href":"http:\/\/ksiegarnia-akademicka.pl\/index.php\/wp-json\/wp\/v2\/media\/16598"}],"wp:attachment":[{"href":"http:\/\/ksiegarnia-akademicka.pl\/index.php\/wp-json\/wp\/v2\/media?parent=16597"}],"wp:term":[{"taxonomy":"product_brand","embeddable":true,"href":"http:\/\/ksiegarnia-akademicka.pl\/index.php\/wp-json\/wp\/v2\/product_brand?post=16597"},{"taxonomy":"product_cat","embeddable":true,"href":"http:\/\/ksiegarnia-akademicka.pl\/index.php\/wp-json\/wp\/v2\/product_cat?post=16597"},{"taxonomy":"product_tag","embeddable":true,"href":"http:\/\/ksiegarnia-akademicka.pl\/index.php\/wp-json\/wp\/v2\/product_tag?post=16597"}],"curies":[{"name":"wp","href":"https:\/\/api.w.org\/{rel}","templated":true}]}}