{"id":16576,"date":"2023-04-20T09:48:34","date_gmt":"2023-04-20T07:48:34","guid":{"rendered":"http:\/\/ksiegarnia-akademicka.pl\/?post_type=product&#038;p=16576"},"modified":"2023-04-20T09:48:35","modified_gmt":"2023-04-20T07:48:35","slug":"ustawa-o-wspieraniu-i-resocjalizacji-nieletnich-komentarz","status":"publish","type":"product","link":"http:\/\/ksiegarnia-akademicka.pl\/index.php\/product\/ustawa-o-wspieraniu-i-resocjalizacji-nieletnich-komentarz\/","title":{"rendered":"Ustawa o wspieraniu i resocjalizacji nieletnich. Komentarz"},"content":{"rendered":"<p>Redakcja: dr Pawe\u0142 Drembkowski, dr Grzegorz Kowalski<br \/>\nWydawnictwo: C.H. Beck<br \/>\nSeria: Komentarze Kompaktowe<br \/>\nRok wydania: 2023<br \/>\nOprawa: Mi\u0119kka ze skrzyde\u0142kami<br \/>\nLiczba stron: 1132<br \/>\nWymiary: 160&#215;240 mm<br \/>\nWaga: 1630 g<br \/>\nISBN: 978-83-8291-775-8<\/p>\n<p>Szczeg\u00f3\u0142owy komentarz do nowej ustawy o wspieraniu i resocjalizacji nieletnich.<\/p>\n<p>Publikacja stanowi komentarz do ustawy z 9.6.2022 r. o wspieraniu i resocjalizacji nieletnich (Dz.U. z 2022 r. poz. 1700) kt\u00f3ra zast\u0105pi\u0142a dotychczasow\u0105 ustaw\u0119 o post\u0119powaniu w sprawach nieletnich.<\/p>\n<p>Ustawa o wspieraniu i resocjalizacji nieletnich przewiduje nowy katalog uprawnie\u0144 dla dyrektora szko\u0142y. B\u0119dzie on m\u00f3g\u0142 podejmowa\u0107 wobec nieletnich oddzia\u0142ywania wychowawcze bez zawiadamiania organ\u00f3w o demoralizacji lub pope\u0142nieniu czynu karalnego.<\/p>\n<p>Komentarz zawiera om\u00f3wienie m.in. zagadnie\u0144 takich jak:<\/p>\n<p>spo\u0142eczny obowi\u0105zek przeciwdzia\u0142ania demoralizacji nieletniego,<br \/>\nwprowadzenia mo\u017cliwo\u015bci pozas\u0105dowego reagowania na niew\u0142a\u015bciwe zachowanie nieletnich,<br \/>\nutworzenie okr\u0119gowych o\u015brodk\u00f3w wychowawczych,<br \/>\nkatalog \u015brodk\u00f3w s\u0142u\u017c\u0105cych przeciwdzia\u0142aniu demoralizacji nieletnich,<br \/>\ndefinicja \u015brodk\u00f3w wychowawczych,<br \/>\nzobowi\u0105zanie nieletniego do naprawienia szkody,<br \/>\ncele wykonywania \u015brodk\u00f3w wychowawczych, \u015brodka poprawczego lub leczniczego,<br \/>\nzakres dzia\u0142ania kuratora s\u0105dowego,<br \/>\npobyt nieletniego w m\u0142odzie\u017cowym o\u015brodku wychowawczym,<br \/>\nkontrola wykonywania zobowi\u0105zania rodzic\u00f3w albo opiekuna nieletniego,<br \/>\nzobowi\u0105zanie nieletniego do okre\u015blonego post\u0119powania,<br \/>\nprawo do obrony i inne prawa przys\u0142uguj\u0105ce nieletniemu.<br \/>\nCelem publikacji jest zaprezentowanie komentarza do nowej regulacji prawnej. Komentarz jest adresowany do adwokat\u00f3w, radc\u00f3w prawnych, aplikant\u00f3w, s\u0119dzi\u00f3w i prokurator\u00f3w i tych wszystkich, kt\u00f3rzy zainteresowani s\u0105 powy\u017csz\u0105 tematyk\u0105.<\/p>\n","protected":false},"excerpt":{"rendered":"<p>Redakcja: dr Pawe\u0142 Drembkowski, dr Grzegorz Kowalski Wydawnictwo: C.H. Beck [&hellip;]<\/p>\n","protected":false},"featured_media":16577,"template":"","meta":[],"product_brand":[],"product_cat":[7491,7490,18],"product_tag":[296,4584,6849],"class_list":{"0":"post-16576","1":"product","2":"type-product","3":"status-publish","4":"has-post-thumbnail","6":"product_cat-cywilne","7":"product_cat-karne","8":"product_cat-prawo","9":"product_tag-prawo-karne","10":"product_tag-prawo-rodzinne-i-opiekuncze","11":"product_tag-seria-komentarze-kompaktowe","13":"first","14":"instock","15":"sale","16":"shipping-taxable","17":"purchasable","18":"product-type-simple"},"_links":{"self":[{"href":"http:\/\/ksiegarnia-akademicka.pl\/index.php\/wp-json\/wp\/v2\/product\/16576","targetHints":{"allow":["GET"]}}],"collection":[{"href":"http:\/\/ksiegarnia-akademicka.pl\/index.php\/wp-json\/wp\/v2\/product"}],"about":[{"href":"http:\/\/ksiegarnia-akademicka.pl\/index.php\/wp-json\/wp\/v2\/types\/product"}],"wp:featuredmedia":[{"embeddable":true,"href":"http:\/\/ksiegarnia-akademicka.pl\/index.php\/wp-json\/wp\/v2\/media\/16577"}],"wp:attachment":[{"href":"http:\/\/ksiegarnia-akademicka.pl\/index.php\/wp-json\/wp\/v2\/media?parent=16576"}],"wp:term":[{"taxonomy":"product_brand","embeddable":true,"href":"http:\/\/ksiegarnia-akademicka.pl\/index.php\/wp-json\/wp\/v2\/product_brand?post=16576"},{"taxonomy":"product_cat","embeddable":true,"href":"http:\/\/ksiegarnia-akademicka.pl\/index.php\/wp-json\/wp\/v2\/product_cat?post=16576"},{"taxonomy":"product_tag","embeddable":true,"href":"http:\/\/ksiegarnia-akademicka.pl\/index.php\/wp-json\/wp\/v2\/product_tag?post=16576"}],"curies":[{"name":"wp","href":"https:\/\/api.w.org\/{rel}","templated":true}]}}