{"id":16574,"date":"2023-04-20T09:44:48","date_gmt":"2023-04-20T07:44:48","guid":{"rendered":"http:\/\/ksiegarnia-akademicka.pl\/?post_type=product&#038;p=16574"},"modified":"2024-12-05T09:14:48","modified_gmt":"2024-12-05T08:14:48","slug":"ustawa-o-ochronie-informacji-niejawnych-komentarz-2","status":"publish","type":"product","link":"http:\/\/ksiegarnia-akademicka.pl\/index.php\/product\/ustawa-o-ochronie-informacji-niejawnych-komentarz-2\/","title":{"rendered":"Ustawa o ochronie informacji niejawnych. Komentarz"},"content":{"rendered":"<p>Autor: r.pr. dr \u0141ukasz Nosarzewski, dr Bart\u0142omiej Opali\u0144ski, dr hab. Przemys\u0142aw Szustakiewicz, prof. U\u0141a.<br \/>\nWydawnictwo: C.H. Beck<br \/>\nSeria: Kr\u00f3tkie Komentarze Becka<br \/>\nRok wydania: 2023<br \/>\nOprawa: Mi\u0119kka ze skrzyde\u0142kami<br \/>\nLiczba stron: 304<br \/>\nWymiary: 145&#215;205 mm<br \/>\nWaga: 370 g<br \/>\nISBN: 978-83-8291-722-2<\/p>\n<p>Komentarz zawiera szczeg\u00f3\u0142owe om\u00f3wienie ustawy z 5.8.2010 r. o ochronie informacji niejawnych (t.j. Dz.U. z 2019 r. poz. 742 ze zm.).<\/p>\n<p>W publikacji przedstawiono zagadnienia dotycz\u0105ce:<\/p>\n<p>klasyfikowania, organizowania i przetwarzania informacji niejawnych;<br \/>\npost\u0119powania sprawdzaj\u0105cego prowadzonego w celu ustalenia, czy osoba nim obj\u0119ta daje r\u0119kojmi\u0119 zachowania tajemnicy;<br \/>\npost\u0119powania prowadzonego w celu ustalenia, czy przedsi\u0119biorca nim obj\u0119ty zapewnia warunki do ochrony informacji niejawnych;<br \/>\norganizacji kontroli stanu zabezpieczenia informacji niejawnych;<br \/>\nochrony informacji niejawnych w systemach teleinformatycznych;<br \/>\nstosowania \u015brodk\u00f3w bezpiecze\u0144stwa fizycznego w odniesieniu do informacji niejawnych.<br \/>\nW publikacji uwzgl\u0119dniono najnowsze zmiany legislacyjne do ustawy, w tym m.in.:<\/p>\n<p>ustaw\u0119 z 22.7.2022 r. o zmianie ustawy o S\u0142u\u017cbie Wi\u0119ziennej oraz niekt\u00f3rych innych ustaw (Dz.U. z 2022 r. poz. 1933), wprowadzaj\u0105c\u0105 do komentowanej ustawy zmiany o charakterze dostosowuj\u0105cym, wynikaj\u0105ce przede wszystkim z utworzenia Inspektoratu Wewn\u0119trznego S\u0142u\u017cby Wi\u0119ziennej;<br \/>\nustaw\u0119 z 11.3.2022 r. o obronie Ojczyzny (t.j. Dz.U. z 2022 r. poz. 2305), wprowadzaj\u0105c\u0105 zmiany zwi\u0105zane z rozwi\u0105zaniami informatycznym w zakresie wdra\u017cania system\u00f3w uzbrojenia.<br \/>\nPublikacja adresowana jest przede wszystkim do organ\u00f3w w\u0142adzy publicznej, a w szczeg\u00f3lno\u015bci organ\u00f3w administracji rz\u0105dowej, organ\u00f3w jednostek samorz\u0105du terytorialnego, a tak\u017ce innych podleg\u0142ych wymienionych organom jednostek organizacyjnych lub przez nie nadzorowanych, s\u0105d\u00f3w i trybuna\u0142\u00f3w, organ\u00f3w kontroli pa\u0144stwowej i ochrony prawa, przedsi\u0119biorc\u00f3w zamierzaj\u0105cych ubiega\u0107 si\u0119 albo ubiegaj\u0105cych si\u0119 o zawarcie um\u00f3w zwi\u0105zanych z dost\u0119pem do informacji niejawnych lub wykonuj\u0105cych takie umowy albo wykonuj\u0105cych na podstawie przepis\u00f3w prawa zadania zwi\u0105zane z dost\u0119pem do informacji niejawnych.<\/p>\n","protected":false},"excerpt":{"rendered":"<p>Autor: r.pr. dr \u0141ukasz Nosarzewski, dr Bart\u0142omiej Opali\u0144ski, dr hab. [&hellip;]<\/p>\n","protected":false},"featured_media":16575,"template":"","meta":[],"product_brand":[],"product_cat":[7492,7490,18],"product_tag":[564,485,5166],"class_list":{"0":"post-16574","1":"product","2":"type-product","3":"status-publish","4":"has-post-thumbnail","6":"product_cat-administracyjne","7":"product_cat-karne","8":"product_cat-prawo","9":"product_tag-postepowanie-administracyjne","10":"product_tag-prawo-administracyjne","11":"product_tag-seria-krotkie-komentarze-becka","13":"first","14":"instock","15":"sale","16":"shipping-taxable","17":"purchasable","18":"product-type-simple"},"_links":{"self":[{"href":"http:\/\/ksiegarnia-akademicka.pl\/index.php\/wp-json\/wp\/v2\/product\/16574","targetHints":{"allow":["GET"]}}],"collection":[{"href":"http:\/\/ksiegarnia-akademicka.pl\/index.php\/wp-json\/wp\/v2\/product"}],"about":[{"href":"http:\/\/ksiegarnia-akademicka.pl\/index.php\/wp-json\/wp\/v2\/types\/product"}],"wp:featuredmedia":[{"embeddable":true,"href":"http:\/\/ksiegarnia-akademicka.pl\/index.php\/wp-json\/wp\/v2\/media\/16575"}],"wp:attachment":[{"href":"http:\/\/ksiegarnia-akademicka.pl\/index.php\/wp-json\/wp\/v2\/media?parent=16574"}],"wp:term":[{"taxonomy":"product_brand","embeddable":true,"href":"http:\/\/ksiegarnia-akademicka.pl\/index.php\/wp-json\/wp\/v2\/product_brand?post=16574"},{"taxonomy":"product_cat","embeddable":true,"href":"http:\/\/ksiegarnia-akademicka.pl\/index.php\/wp-json\/wp\/v2\/product_cat?post=16574"},{"taxonomy":"product_tag","embeddable":true,"href":"http:\/\/ksiegarnia-akademicka.pl\/index.php\/wp-json\/wp\/v2\/product_tag?post=16574"}],"curies":[{"name":"wp","href":"https:\/\/api.w.org\/{rel}","templated":true}]}}