{"id":16572,"date":"2023-04-20T09:34:28","date_gmt":"2023-04-20T07:34:28","guid":{"rendered":"http:\/\/ksiegarnia-akademicka.pl\/?post_type=product&#038;p=16572"},"modified":"2024-12-05T09:14:58","modified_gmt":"2024-12-05T08:14:58","slug":"spolka-komandytowo-akcyjna-komentarz","status":"publish","type":"product","link":"http:\/\/ksiegarnia-akademicka.pl\/index.php\/product\/spolka-komandytowo-akcyjna-komentarz\/","title":{"rendered":"Sp\u00f3\u0142ka komandytowo-akcyjna. Komentarz"},"content":{"rendered":"<p>Redakcja: dr r.pr. Robert Szyszko<br \/>\nAutor: prof. ucz. dr hab. Marcin As\u0142anowicz, Uniwersytet SWPS, Adrian Borys, r.pr. Pawe\u0142 Duda, r. pr. dr hab. Izabella Gil, prof. UWr , dr hab. Stanis\u0142aw Ho\u0144ko, prof. US, dr J\u0119drzej Jerzmanowski, dr adw. Konrad Kleszczewski, not. Daniel Kupryja\u0144czyk, r.pr. Wojciech Majkowski, adw. Pawe\u0142 Szala, Dariusz W\u00f3jtowicz<br \/>\nSeria: Komentarze Kompaktowe<br \/>\nRok wydania: 2023<br \/>\nOprawa: Mi\u0119kka<br \/>\nLiczba stron: 796<br \/>\nWymiary: 160&#215;240 mm<br \/>\nWaga: 1300 g<br \/>\nISBN: 978-83-8291-638-6<\/p>\n<p>Kompleksowa analiza przepis\u00f3w dotycz\u0105cych sp\u00f3\u0142ki komandytowo-akcyjnej.<\/p>\n<p>Publikacj\u0119 wyr\u00f3\u017cnia przekrojowo\u015b\u0107 i interdyscyplinarno\u015b\u0107. Poszczeg\u00f3lne przepisy i instytucje prawa handlowego zosta\u0142y om\u00f3wione z perspektywy:<\/p>\n<p>A) prawa handlowego (cywilnego),<br \/>\nB) prawa procesowego (post\u0119powanie cywilne oraz arbitra\u017cowe, z uwzgl\u0119dnieniem problematyki post\u0119powania zabezpieczaj\u0105cego oraz egzekucyjnego),<br \/>\nC) prawa podatkowego (podatki obrotowe, dochodowe, ceny transferowe, a tak\u017ce szczeg\u00f3lne typy regulacji dotycz\u0105ce np. sp\u00f3\u0142ek nieruchomo\u015bciowych),<br \/>\nD) rachunkowo\u015bci (stosowanie przepis\u00f3w o rachunkowo\u015bci do S.K.A.; problematyka sprawozdawczo\u015bci finansowej S.K.A. w szczeg\u00f3lno\u015bci: podzia\u0142 zysku, pokrycie straty, ustalanie warto\u015bci bilansowej w przypadku umorzenia praw udzia\u0142owych itp.).<\/p>\n<p>Podzia\u0142 tematyczny na cz\u0119\u015bci (Cz\u0119\u015b\u0107 A, B, C, D) w ramach komentarza do danego artyku\u0142u zapewnia wieloaspektow\u0105 i kompleksow\u0105 analiz\u0119 poszczeg\u00f3lnych instytucji, za\u015b precyzyjny system odes\u0142a\u0144 wewn\u0119trznych pomi\u0119dzy cz\u0119\u015bciami i artyku\u0142ami u\u0142atwia Czytelnikowi odnalezienie konkretnego zagadnienia oraz wskazuje powi\u0105zania pomi\u0119dzy rozwi\u0105zaniami, kt\u00f3re s\u0105 kluczowe dla w\u0142a\u015bciwego stosowania przepis\u00f3w KSH o sp\u00f3\u0142ce komandytowo-akcyjnej w praktyce. Pomagaj\u0105 w tym tak\u017ce liczne przyk\u0142ady i odwo\u0142ania do praktyki orzeczniczej.<\/p>\n<p>Jedn\u0105 z zalet komentarza jest dok\u0142adna analiza zagadnie\u0144 obejmuj\u0105cych w szczeg\u00f3lno\u015bci:<\/p>\n<p>korzy\u015bci i ryzyka zwi\u0105zane z wyborem sp\u00f3\u0142ki komandytowo-akcyjnej jako formy organizacji dzia\u0142alno\u015bci w por\u00f3wnaniu do innych sp\u00f3\u0142ek;<br \/>\nog\u00f3ln\u0105 charakterystyk\u0119 sp\u00f3\u0142ki komandytowo-akcyjnej \u2013 umowny charakter stosunku sp\u00f3\u0142ki; podmiotowo\u015b\u0107; przenaszalno\u015b\u0107 praw udzia\u0142owych; odpowiedzialno\u015b\u0107 sp\u00f3\u0142ki oraz komplementariuszy i akcjonariuszy; problematyka osobowo-kapita\u0142owego charakteru S.K.A.;<br \/>\nproblematyk\u0119 publicznej S.K.A.;<br \/>\nprzegl\u0105d kategorii spor\u00f3w zwi\u0105zanych z organizacj\u0105 i funkcjonowaniem sp\u00f3\u0142ki komandytowo-akcyjnej;<br \/>\npost\u0119powanie procesowe \u2013 spory gospodarcze; post\u0119powanie nieprocesowe, post\u0119powanie egzekucyjne;<br \/>\nog\u00f3ln\u0105 charakterystyk\u0119 spor\u00f3w ze stosunku prawnego S.K.A. na gruncie arbitra\u017cu;<br \/>\nwielop\u0142aszczyznowo\u015b\u0107 stosunku prawnego sp\u00f3\u0142ki komandytowo-akcyjnej;<br \/>\nprawa i obowi\u0105zki komplementariuszy oraz akcjonariuszy;<br \/>\nzarz\u0105dzanie w S.K.A.<br \/>\nOm\u00f3wienie materia\u0142u z uwzgl\u0119dnieniem finans\u00f3w i rachunkowo\u015bci przy wyk\u0142adni przepis\u00f3w KSH sprawia, i\u017c proponowane rozwi\u0105zania w wi\u0119kszym stopniu odpowiadaj\u0105 potrzebom obrotu, pozwalaj\u0105c by interesariusze stosunku sp\u00f3\u0142ki (inwestorzy, zarz\u0105dzaj\u0105cy, finansuj\u0105cy, a tak\u017ce kontrahenci) mogli poodejmowa\u0107 decyzje w oparciu o dane wynikaj\u0105ce ze sprawozdawczo\u015bci finansowej, analizy finansowej (p\u0142ynno\u015b\u0107, wyp\u0142acalno\u015b\u0107, rentowno\u015b\u0107, kapita\u0142y obrotowe netto), analizy ryzyka itp.<\/p>\n","protected":false},"excerpt":{"rendered":"<p>Redakcja: dr r.pr. Robert Szyszko Autor: prof. ucz. dr hab. [&hellip;]<\/p>\n","protected":false},"featured_media":16573,"template":"","meta":[],"product_brand":[],"product_cat":[7495,18],"product_tag":[429,6849],"class_list":{"0":"post-16572","1":"product","2":"type-product","3":"status-publish","4":"has-post-thumbnail","6":"product_cat-gospodarcze-i-handlowe","7":"product_cat-prawo","8":"product_tag-prawo-handlowe","9":"product_tag-seria-komentarze-kompaktowe","11":"first","12":"instock","13":"sale","14":"shipping-taxable","15":"purchasable","16":"product-type-simple"},"_links":{"self":[{"href":"http:\/\/ksiegarnia-akademicka.pl\/index.php\/wp-json\/wp\/v2\/product\/16572","targetHints":{"allow":["GET"]}}],"collection":[{"href":"http:\/\/ksiegarnia-akademicka.pl\/index.php\/wp-json\/wp\/v2\/product"}],"about":[{"href":"http:\/\/ksiegarnia-akademicka.pl\/index.php\/wp-json\/wp\/v2\/types\/product"}],"wp:featuredmedia":[{"embeddable":true,"href":"http:\/\/ksiegarnia-akademicka.pl\/index.php\/wp-json\/wp\/v2\/media\/16573"}],"wp:attachment":[{"href":"http:\/\/ksiegarnia-akademicka.pl\/index.php\/wp-json\/wp\/v2\/media?parent=16572"}],"wp:term":[{"taxonomy":"product_brand","embeddable":true,"href":"http:\/\/ksiegarnia-akademicka.pl\/index.php\/wp-json\/wp\/v2\/product_brand?post=16572"},{"taxonomy":"product_cat","embeddable":true,"href":"http:\/\/ksiegarnia-akademicka.pl\/index.php\/wp-json\/wp\/v2\/product_cat?post=16572"},{"taxonomy":"product_tag","embeddable":true,"href":"http:\/\/ksiegarnia-akademicka.pl\/index.php\/wp-json\/wp\/v2\/product_tag?post=16572"}],"curies":[{"name":"wp","href":"https:\/\/api.w.org\/{rel}","templated":true}]}}