{"id":16540,"date":"2023-04-17T10:41:34","date_gmt":"2023-04-17T08:41:34","guid":{"rendered":"http:\/\/ksiegarnia-akademicka.pl\/?post_type=product&#038;p=16540"},"modified":"2023-04-17T10:41:35","modified_gmt":"2023-04-17T08:41:35","slug":"bioanalityka-tom-1-2","status":"publish","type":"product","link":"http:\/\/ksiegarnia-akademicka.pl\/index.php\/product\/bioanalityka-tom-1-2\/","title":{"rendered":"Bioanalityka Tom 1-2"},"content":{"rendered":"<p>Baranowska Irena, Buszewski Bogus\u0142aw<br \/>\nWydawca: Wydawnictwo Naukowe PWN<br \/>\nOprawa: Mi\u0119kka<br \/>\nFormat: 20.5&#215;24.5cm<br \/>\nRok wydania: 2023<br \/>\nJ\u0119zyk wydania: polski<\/p>\n<p>Bioanalityka w nauce i \u017cyciu. 1 Nowe wyzwania w bioanalizie klinicznej i ocenie naturalnych surowc\u00f3w leczniczych &#8211; redakcja naukowa Irena Baranowska, Bogus\u0142aw Buszewski<\/p>\n<p>Bioanalityka w nauce i \u017cyciu. 2 Nowe strategie analityczne i rozwi\u0105zania aparaturowe &#8211; redakcja naukowa Irena Baranowska, Bogus\u0142aw Buszewski<\/p>\n","protected":false},"excerpt":{"rendered":"<p>Baranowska Irena, Buszewski Bogus\u0142aw Wydawca: Wydawnictwo Naukowe PWN Oprawa: Mi\u0119kka [&hellip;]<\/p>\n","protected":false},"featured_media":16541,"template":"","meta":[],"product_brand":[],"product_cat":[42],"product_tag":[8207,4665,4390],"class_list":{"0":"post-16540","1":"product","2":"type-product","3":"status-publish","4":"has-post-thumbnail","6":"product_cat-chemia","7":"product_tag-bioanalityka","8":"product_tag-biofizyka","9":"product_tag-biologia","11":"first","12":"instock","13":"sale","14":"shipping-taxable","15":"purchasable","16":"product-type-simple"},"_links":{"self":[{"href":"http:\/\/ksiegarnia-akademicka.pl\/index.php\/wp-json\/wp\/v2\/product\/16540","targetHints":{"allow":["GET"]}}],"collection":[{"href":"http:\/\/ksiegarnia-akademicka.pl\/index.php\/wp-json\/wp\/v2\/product"}],"about":[{"href":"http:\/\/ksiegarnia-akademicka.pl\/index.php\/wp-json\/wp\/v2\/types\/product"}],"wp:featuredmedia":[{"embeddable":true,"href":"http:\/\/ksiegarnia-akademicka.pl\/index.php\/wp-json\/wp\/v2\/media\/16541"}],"wp:attachment":[{"href":"http:\/\/ksiegarnia-akademicka.pl\/index.php\/wp-json\/wp\/v2\/media?parent=16540"}],"wp:term":[{"taxonomy":"product_brand","embeddable":true,"href":"http:\/\/ksiegarnia-akademicka.pl\/index.php\/wp-json\/wp\/v2\/product_brand?post=16540"},{"taxonomy":"product_cat","embeddable":true,"href":"http:\/\/ksiegarnia-akademicka.pl\/index.php\/wp-json\/wp\/v2\/product_cat?post=16540"},{"taxonomy":"product_tag","embeddable":true,"href":"http:\/\/ksiegarnia-akademicka.pl\/index.php\/wp-json\/wp\/v2\/product_tag?post=16540"}],"curies":[{"name":"wp","href":"https:\/\/api.w.org\/{rel}","templated":true}]}}