{"id":16526,"date":"2023-04-17T10:15:24","date_gmt":"2023-04-17T08:15:24","guid":{"rendered":"http:\/\/ksiegarnia-akademicka.pl\/?post_type=product&#038;p=16526"},"modified":"2024-12-05T09:16:40","modified_gmt":"2024-12-05T08:16:40","slug":"ustawa-deweloperska-pytania-i-odpowiedzi","status":"publish","type":"product","link":"http:\/\/ksiegarnia-akademicka.pl\/index.php\/product\/ustawa-deweloperska-pytania-i-odpowiedzi\/","title":{"rendered":"Ustawa deweloperska. Pytania i odpowiedzi"},"content":{"rendered":"<p>Nale\u017cy do serii:<br \/>\nBIBLIOTEKA NOTARIUSZA<br \/>\nAutor:<br \/>\nHelena Ciep\u0142a<br \/>\nWydawca: Wolters Kluwer<br \/>\nOprawa: Mi\u0119kka<br \/>\nFormat: 14.8&#215;21.0cm<br \/>\nLiczba stron: 288<br \/>\nWydanie: 1<br \/>\nRok wydania: 2023<\/p>\n<p>Ksi\u0105\u017cka omawia tzw. now\u0105 ustaw\u0119 dewelopersk\u0105 o ochronie praw nabywcy lokalu mieszkalnego lub domu jednorodzinnego oraz Deweloperskim Funduszu Gwarancyjnym, obowi\u0105zuj\u0105c\u0105 od 1 lipca 2022 r. Publikacja w praktyczny spos\u00f3b, w formie pyta\u0144 i odpowiedzi, wyja\u015bnia problemy sygnalizowane przez uczestnik\u00f3w szkole\u0144 a odnosz\u0105ce si\u0119 do aspekt\u00f3w prawnych nowej ustawy deweloperskiej, kt\u00f3re nie zosta\u0142y rozstrzygni\u0119te przez orzecznictwo ze wzgl\u0119du na kr\u00f3tki okres obowi\u0105zywania tej regulacji.<\/p>\n<p>Pytania te dotycz\u0105 przede wszystkim:<br \/>\n\u2022 wprowadzonych do systemu nowych rozwi\u0105za\u0144 w przedmiocie zapewnienia efektywnej ochrony praw nabywc\u00f3w lokali mieszkalnych lub dom\u00f3w jednorodzinnych;<br \/>\n\u2022 powi\u0105zania wp\u0142at na mieszkaniowy rachunek powierniczy z harmonogramem<br \/>\nrealizacji przedsi\u0119wzi\u0119cia deweloperskiego, eliminacji ryzyka utraty przez nabywc\u00f3w \u015brodk\u00f3w finansowych zgromadzonych na mieszkaniowych rachunkach powierniczych;<br \/>\n\u2022 wprowadzenia obowi\u0105zku posiadania zgody banku albo zobowi\u0105zania do jej udzielenia na bezobci\u0105\u017ceniowe wyodr\u0119bnienie lokalu mieszkalnego i przeniesienie jego w\u0142asno\u015bci na nabywc\u0119 oraz wprowadzenie Deweloperskiego Funduszu Gwarancyjnego, zapewniaj\u0105cego wyp\u0142at\u0119 \u015brodk\u00f3w wp\u0142aconych przez nabywc\u0119 w sytuacji odst\u0105pienia od umowy deweloperskiej, og\u0142oszenia upad\u0142o\u015bci dewelopera czy banku prowadz\u0105cego mieszkaniowy rachunek powierniczy.<\/p>\n<p>Publikacja jest przeznaczona dla notariuszy, s\u0119dzi\u00f3w, adwokat\u00f3w, radc\u00f3w prawnych, prokurator\u00f3w. B\u0119dzie pomocna tak\u017ce dla przedsi\u0119biorc\u00f3w oraz os\u00f3b zarz\u0105dzaj\u0105cych sp\u00f3\u0142kami deweloperskimi w zakresie stosowania przepis\u00f3w nowej ustawy.<\/p>\n<p>Publikacja zawiera wzory pism dost\u0119pne w wersji elektronicznej<\/p>\n","protected":false},"excerpt":{"rendered":"<p>Nale\u017cy do serii: BIBLIOTEKA NOTARIUSZA Autor: Helena Ciep\u0142a Wydawca: Wolters [&hellip;]<\/p>\n","protected":false},"featured_media":16527,"template":"","meta":[],"product_brand":[],"product_cat":[7495,34,18],"product_tag":[705,4576,5172],"class_list":{"0":"post-16526","1":"product","2":"type-product","3":"status-publish","4":"has-post-thumbnail","6":"product_cat-gospodarcze-i-handlowe","7":"product_cat-nieruchomosci","8":"product_cat-prawo","9":"product_tag-nieruchomosci","10":"product_tag-prawo-budowlane","11":"product_tag-prawo-mieszkaniowe","13":"first","14":"instock","15":"sale","16":"shipping-taxable","17":"purchasable","18":"product-type-simple"},"_links":{"self":[{"href":"http:\/\/ksiegarnia-akademicka.pl\/index.php\/wp-json\/wp\/v2\/product\/16526","targetHints":{"allow":["GET"]}}],"collection":[{"href":"http:\/\/ksiegarnia-akademicka.pl\/index.php\/wp-json\/wp\/v2\/product"}],"about":[{"href":"http:\/\/ksiegarnia-akademicka.pl\/index.php\/wp-json\/wp\/v2\/types\/product"}],"wp:featuredmedia":[{"embeddable":true,"href":"http:\/\/ksiegarnia-akademicka.pl\/index.php\/wp-json\/wp\/v2\/media\/16527"}],"wp:attachment":[{"href":"http:\/\/ksiegarnia-akademicka.pl\/index.php\/wp-json\/wp\/v2\/media?parent=16526"}],"wp:term":[{"taxonomy":"product_brand","embeddable":true,"href":"http:\/\/ksiegarnia-akademicka.pl\/index.php\/wp-json\/wp\/v2\/product_brand?post=16526"},{"taxonomy":"product_cat","embeddable":true,"href":"http:\/\/ksiegarnia-akademicka.pl\/index.php\/wp-json\/wp\/v2\/product_cat?post=16526"},{"taxonomy":"product_tag","embeddable":true,"href":"http:\/\/ksiegarnia-akademicka.pl\/index.php\/wp-json\/wp\/v2\/product_tag?post=16526"}],"curies":[{"name":"wp","href":"https:\/\/api.w.org\/{rel}","templated":true}]}}