{"id":16449,"date":"2023-03-09T09:39:59","date_gmt":"2023-03-09T08:39:59","guid":{"rendered":"http:\/\/ksiegarnia-akademicka.pl\/?post_type=product&#038;p=16449"},"modified":"2024-12-05T09:19:41","modified_gmt":"2024-12-05T08:19:41","slug":"kodeks-postepowania-administracyjnego-komentarz-7","status":"publish","type":"product","link":"http:\/\/ksiegarnia-akademicka.pl\/index.php\/product\/kodeks-postepowania-administracyjnego-komentarz-7\/","title":{"rendered":"Kodeks post\u0119powania administracyjnego. Komentarz"},"content":{"rendered":"<p>Autor:<br \/>\nZbigniew Kmieciak<br \/>\nJoanna Wegner<br \/>\nMaciej Wojtu\u0144<br \/>\nWydawca: Wolters Kluwer<br \/>\nOprawa: Twarda<br \/>\nFormat: 17.6&#215;25.0cm<br \/>\nLiczba stron: 1188<br \/>\nWydanie: 1<br \/>\nRok wydania: 2023<br \/>\nJ\u0119zyk wydania: polski<\/p>\n<p>Komentarz zawiera przekrojow\u0105 i wyczerpuj\u0105c\u0105 analiz\u0119 przepis\u00f3w w przedmiocie post\u0119powania administracyjnego jurysdykcyjnego (og\u00f3lnego), skarg i wniosk\u00f3w, wydawania za\u015bwiadcze\u0144 oraz rozstrzygania spor\u00f3w o w\u0142a\u015bciwo\u015b\u0107 w obr\u0119bie administracji publicznej, jak r\u00f3wnie\u017c administracyjnych kar pieni\u0119\u017cnych i europejskiej wsp\u00f3\u0142pracy administracyjnej. Uwzgl\u0119dniono w nim nie tylko ustalenia nauki prawa, orzecznictwa s\u0105dowego i do\u015bwiadczenia praktyki administracyjnej, lecz tak\u017ce bogaty materia\u0142 legislacyjny.<\/p>\n<p>Autorzy szczeg\u00f3ln\u0105 uwag\u0119 po\u015bwi\u0119cili zagadnieniom wywo\u0142uj\u0105cym najwi\u0119cej w\u0105tpliwo\u015bci i niedostatecznie opisanym w literaturze, w tym funkcjonuj\u0105cym od niedawna konstrukcjom, takim jak: ponaglenie kierowane do organu administracji publicznej, posiedzenie w trybie wsp\u00f3\u0142dzia\u0142ania, mediacja, milcz\u0105ce za\u0142atwienie sprawy i uproszczony tryb jej rozpatrzenia lub dualny re\u017cim post\u0119powania wyja\u015bniaj\u0105cego prowadzonego w rezultacie wniesienia odwo\u0142ania.<br \/>\nW komentarzu obja\u015bniono z\u0142o\u017cone relacje wyst\u0119puj\u0105ce zar\u00f3wno pomi\u0119dzy poszczeg\u00f3lnymi instytucjami unormowanymi w Kodeksie, jak i ich zwi\u0105zki z uregulowaniami prawa materialnego i procesowego o charakterze lex specialis. Przedstawiono w nim tak\u017ce konstytucyjny i europejski kontekst wprowadzonych rozwi\u0105za\u0144 przez Kodeks post\u0119powania administracyjnego.<\/p>\n<p>Komentarz jest przeznaczony przede wszystkim dla pracownik\u00f3w administracji publicznej (rz\u0105dowej i samorz\u0105dowej), s\u0119dzi\u00f3w s\u0105d\u00f3w administracyjnych i powszechnych, adwokat\u00f3w, radc\u00f3w prawnych i prokurator\u00f3w. B\u0119dzie przydatny tak\u017ce aplikantom zawod\u00f3w prawniczych, studentom i osobom za\u0142atwiaj\u0105cym sprawy w urz\u0119dach. Powinien ponadto dostarczy\u0107 specjalistycznej wiedzy \u015brodowisku naukowemu, zw\u0142aszcza tym, kt\u00f3rzy zajmuj\u0105 si\u0119 problematyk\u0105 prawa administracyjnego materialnego i procesowego.<\/p>\n","protected":false},"excerpt":{"rendered":"<p>Autor: Zbigniew Kmieciak Joanna Wegner Maciej Wojtu\u0144 Wydawca: Wolters Kluwer [&hellip;]<\/p>\n","protected":false},"featured_media":16450,"template":"","meta":[],"product_brand":[],"product_cat":[7492,18],"product_tag":[564,4625],"class_list":{"0":"post-16449","1":"product","2":"type-product","3":"status-publish","4":"has-post-thumbnail","6":"product_cat-administracyjne","7":"product_cat-prawo","8":"product_tag-postepowanie-administracyjne","9":"product_tag-seria-komentarze","11":"first","12":"instock","13":"sale","14":"shipping-taxable","15":"purchasable","16":"product-type-simple"},"_links":{"self":[{"href":"http:\/\/ksiegarnia-akademicka.pl\/index.php\/wp-json\/wp\/v2\/product\/16449","targetHints":{"allow":["GET"]}}],"collection":[{"href":"http:\/\/ksiegarnia-akademicka.pl\/index.php\/wp-json\/wp\/v2\/product"}],"about":[{"href":"http:\/\/ksiegarnia-akademicka.pl\/index.php\/wp-json\/wp\/v2\/types\/product"}],"wp:featuredmedia":[{"embeddable":true,"href":"http:\/\/ksiegarnia-akademicka.pl\/index.php\/wp-json\/wp\/v2\/media\/16450"}],"wp:attachment":[{"href":"http:\/\/ksiegarnia-akademicka.pl\/index.php\/wp-json\/wp\/v2\/media?parent=16449"}],"wp:term":[{"taxonomy":"product_brand","embeddable":true,"href":"http:\/\/ksiegarnia-akademicka.pl\/index.php\/wp-json\/wp\/v2\/product_brand?post=16449"},{"taxonomy":"product_cat","embeddable":true,"href":"http:\/\/ksiegarnia-akademicka.pl\/index.php\/wp-json\/wp\/v2\/product_cat?post=16449"},{"taxonomy":"product_tag","embeddable":true,"href":"http:\/\/ksiegarnia-akademicka.pl\/index.php\/wp-json\/wp\/v2\/product_tag?post=16449"}],"curies":[{"name":"wp","href":"https:\/\/api.w.org\/{rel}","templated":true}]}}