{"id":16402,"date":"2023-02-28T09:03:42","date_gmt":"2023-02-28T08:03:42","guid":{"rendered":"http:\/\/ksiegarnia-akademicka.pl\/?post_type=product&#038;p=16402"},"modified":"2023-02-28T09:03:42","modified_gmt":"2023-02-28T08:03:42","slug":"ukrainsko-polska-umowa-o-pomocy-prawnej-i-stosunkach-prawnych-w-sprawach-cywilnych-i-karnych-komentarz-do-przepisow-o-sprawach-cywilnych","status":"publish","type":"product","link":"http:\/\/ksiegarnia-akademicka.pl\/index.php\/product\/ukrainsko-polska-umowa-o-pomocy-prawnej-i-stosunkach-prawnych-w-sprawach-cywilnych-i-karnych-komentarz-do-przepisow-o-sprawach-cywilnych\/","title":{"rendered":"Ukrai\u0144sko-polska umowa o pomocy prawnej i stosunkach prawnych w sprawach cywilnych i karnych Komentarz do przepis\u00f3w o sprawach cywilnych"},"content":{"rendered":"<p>Nale\u017cy do serii:<br \/>\nKOMENTARZE PRAKTYCZNE<br \/>\nAutor:<br \/>\nPilich Mateusz, Tur\u0142ukowski Jaros\u0142aw<br \/>\nRedakcja: Pilich Mateusz<br \/>\nWydawca: Wolters Kluwer<br \/>\nOprawa: Mi\u0119kka<br \/>\nFormat: 15.0&#215;21.0cm<br \/>\nLiczba stron: 268<br \/>\nWydanie: 1<br \/>\nRok wydania: 2023<br \/>\nJ\u0119zyk wydania: polski<\/p>\n<p>Ksi\u0105\u017cka stanowi systematyczne om\u00f3wienie przepis\u00f3w cz\u0119\u015bci cywilnej dwustronnej umowy polsko-ukrai\u0144skiej o pomocy prawnej i obrocie prawnym mi\u0119dzy Polsk\u0105 a Ukrain\u0105.<\/p>\n<p>Komentowana materia dotyczy m.in.:<br \/>\njurysdykcji s\u0105d\u00f3w i organ\u00f3w oraz prawa w\u0142a\u015bciwego w sprawach z zakresu prawa cywilnego mi\u0119dzy obu pa\u0144stwami,<br \/>\npomocy prawnej,<br \/>\ntoku czynno\u015bci procesowych w post\u0119powaniach z udzia\u0142em obywateli ukrai\u0144skich w Polsce lub obywateli polskich w Ukrainie,<br \/>\nzagadnie\u0144 z zakresu prawa pracy, prawa rodzinnego.<\/p>\n<p>Publikacja pomo\u017ce szczeg\u00f3lnie s\u0119dziom, prokuratorom, radcom prawnym, notariuszom, a tak\u017ce innym prawnikom praktykom, pracownikom organ\u00f3w administracji publicznej oraz pe\u0142nomocnikom stron w rozstrzyganiu bie\u017c\u0105cych problem\u00f3w w post\u0119powaniach transgranicznych polsko-ukrai\u0144skich.<\/p>\n","protected":false},"excerpt":{"rendered":"<p>Nale\u017cy do serii: KOMENTARZE PRAKTYCZNE Autor: Pilich Mateusz, Tur\u0142ukowski Jaros\u0142aw [&hellip;]<\/p>\n","protected":false},"featured_media":16403,"template":"","meta":[],"product_brand":[],"product_cat":[18,7719],"product_tag":[1027,4603],"class_list":{"0":"post-16402","1":"product","2":"type-product","3":"status-publish","4":"has-post-thumbnail","6":"product_cat-prawo","7":"product_cat-prawo-miedzynarodowe","8":"product_tag-prawo-miedzynarodowe","9":"product_tag-seria-komentarze-praktyczne","11":"first","12":"instock","13":"sale","14":"shipping-taxable","15":"purchasable","16":"product-type-simple"},"_links":{"self":[{"href":"http:\/\/ksiegarnia-akademicka.pl\/index.php\/wp-json\/wp\/v2\/product\/16402","targetHints":{"allow":["GET"]}}],"collection":[{"href":"http:\/\/ksiegarnia-akademicka.pl\/index.php\/wp-json\/wp\/v2\/product"}],"about":[{"href":"http:\/\/ksiegarnia-akademicka.pl\/index.php\/wp-json\/wp\/v2\/types\/product"}],"wp:featuredmedia":[{"embeddable":true,"href":"http:\/\/ksiegarnia-akademicka.pl\/index.php\/wp-json\/wp\/v2\/media\/16403"}],"wp:attachment":[{"href":"http:\/\/ksiegarnia-akademicka.pl\/index.php\/wp-json\/wp\/v2\/media?parent=16402"}],"wp:term":[{"taxonomy":"product_brand","embeddable":true,"href":"http:\/\/ksiegarnia-akademicka.pl\/index.php\/wp-json\/wp\/v2\/product_brand?post=16402"},{"taxonomy":"product_cat","embeddable":true,"href":"http:\/\/ksiegarnia-akademicka.pl\/index.php\/wp-json\/wp\/v2\/product_cat?post=16402"},{"taxonomy":"product_tag","embeddable":true,"href":"http:\/\/ksiegarnia-akademicka.pl\/index.php\/wp-json\/wp\/v2\/product_tag?post=16402"}],"curies":[{"name":"wp","href":"https:\/\/api.w.org\/{rel}","templated":true}]}}