{"id":16371,"date":"2023-02-23T12:06:10","date_gmt":"2023-02-23T11:06:10","guid":{"rendered":"http:\/\/ksiegarnia-akademicka.pl\/?post_type=product&#038;p=16371"},"modified":"2023-02-23T12:06:10","modified_gmt":"2023-02-23T11:06:10","slug":"bezpieczenstwo-systemow-informatycznych-zasady-i-praktyka-tom-1","status":"publish","type":"product","link":"http:\/\/ksiegarnia-akademicka.pl\/index.php\/product\/bezpieczenstwo-systemow-informatycznych-zasady-i-praktyka-tom-1\/","title":{"rendered":"Bezpiecze\u0144stwo system\u00f3w informatycznych. Zasady i praktyka Tom 1"},"content":{"rendered":"<p>Autor:<br \/>\nWilliam Stallings<br \/>\nT\u0142umacze: P\u0142oski Zdzis\u0142aw, Meryk Rados\u0142aw<br \/>\nWydawca: Helion<br \/>\nOprawa: Mi\u0119kka<br \/>\nFormat: 16.8&#215;23.7cm<br \/>\nLiczba stron: 632<br \/>\nWydanie: 4<br \/>\nRok wydania: 2023<br \/>\nJ\u0119zyk wydania: polski<\/p>\n<p>Zapewnienie bezpiecze\u0144stwa systemu informatycznego jest dzi\u015b nie lada wyzwaniem. Mi\u0119dzy administratorami a napastnikami trwa ci\u0105g\u0142y wy\u015bcig zbroje\u0144. Agresorzy dysponuj\u0105 bardzo r\u00f3\u017cnymi narz\u0119dziami i cz\u0119sto post\u0119puj\u0105 w spos\u00f3b nieprzewidywalny. W efekcie ka\u017cde zabezpieczenie us\u0142ugi czy zasobu, mimo \u017ce pocz\u0105tkowo wydaje si\u0119 doskona\u0142e, pr\u0119dzej czy p\u00f3\u017aniej okazuje si\u0119 podatne na ataki. Jedyn\u0105 rzecz\u0105, jak\u0105 mo\u017ce zrobi\u0107 administrator bezpiecze\u0144stwa systemu, jest ci\u0105g\u0142e utrzymywanie stanu gotowo\u015bci, a tak\u017ce odpowiednio wczesne wykrywanie pr\u00f3b ataku i sukcesywne ich neutralizowanie. Poza tym powinien ca\u0142y czas si\u0119 uczy\u0107 i aktualizowa\u0107 swoj\u0105 wiedz\u0119.<\/p>\n<p>Ta ksi\u0105\u017cka to kolejne, zaktualizowane i uzupe\u0142nione wydanie znakomitego podr\u0119cznika przeznaczonego dla projektant\u00f3w system\u00f3w i administrator\u00f3w bezpiecze\u0144stwa. Poruszono w niej zagadnienia okre\u015blania zagro\u017ce\u0144 system\u00f3w komputerowych i sieci, oceny wzgl\u0119dnego ryzyka tych zagro\u017ce\u0144 i opracowywania efektywnych kosztowo i przyjaznych dla u\u017cytkownika \u015brodk\u00f3w zaradczych. Wyja\u015bniono tak\u017ce najwa\u017cniejsze zasady utrzymywania bezpiecze\u0144stwa systemu i wskazano, dlaczego ich przestrzeganie ma kluczowe znaczenie. Zaprezentowano r\u00f3wnie\u017c metody projektowe pozwalaj\u0105ce na zaspokojenie wymaga\u0144 bezpiecze\u0144stwa komputerowego, szeroko om\u00f3wiono wa\u017cniejsze standardy w tej dziedzinie, a poszczeg\u00f3lne kwestie zilustrowano za pomoc\u0105 praktycznych przyk\u0142ad\u00f3w.<\/p>\n<p>Najciekawsze zagadnienia:<\/p>\n<p>Zasady bezpiecze\u0144stwa i ich wdro\u017cenie<br \/>\nBezpiecze\u0144stwo oprogramowania i infrastruktury<br \/>\nElementy kryptografii<br \/>\nPraca administratora bezpiecze\u0144stwa<br \/>\nZapewnienie bezpiecznej pracy sieci<\/p>\n<p>Cyberobrona: b\u0105d\u017a czujny i przygotuj si\u0119!<\/p>\n","protected":false},"excerpt":{"rendered":"<p>Autor: William Stallings T\u0142umacze: P\u0142oski Zdzis\u0142aw, Meryk Rados\u0142aw Wydawca: Helion [&hellip;]<\/p>\n","protected":false},"featured_media":16372,"template":"","meta":[],"product_brand":[],"product_cat":[36],"product_tag":[103,3521],"class_list":{"0":"post-16371","1":"product","2":"type-product","3":"status-publish","4":"has-post-thumbnail","6":"product_cat-informatyka","7":"product_tag-informatyka","8":"product_tag-systemy-informatyczne","10":"first","11":"instock","12":"sale","13":"shipping-taxable","14":"purchasable","15":"product-type-simple"},"_links":{"self":[{"href":"http:\/\/ksiegarnia-akademicka.pl\/index.php\/wp-json\/wp\/v2\/product\/16371","targetHints":{"allow":["GET"]}}],"collection":[{"href":"http:\/\/ksiegarnia-akademicka.pl\/index.php\/wp-json\/wp\/v2\/product"}],"about":[{"href":"http:\/\/ksiegarnia-akademicka.pl\/index.php\/wp-json\/wp\/v2\/types\/product"}],"wp:featuredmedia":[{"embeddable":true,"href":"http:\/\/ksiegarnia-akademicka.pl\/index.php\/wp-json\/wp\/v2\/media\/16372"}],"wp:attachment":[{"href":"http:\/\/ksiegarnia-akademicka.pl\/index.php\/wp-json\/wp\/v2\/media?parent=16371"}],"wp:term":[{"taxonomy":"product_brand","embeddable":true,"href":"http:\/\/ksiegarnia-akademicka.pl\/index.php\/wp-json\/wp\/v2\/product_brand?post=16371"},{"taxonomy":"product_cat","embeddable":true,"href":"http:\/\/ksiegarnia-akademicka.pl\/index.php\/wp-json\/wp\/v2\/product_cat?post=16371"},{"taxonomy":"product_tag","embeddable":true,"href":"http:\/\/ksiegarnia-akademicka.pl\/index.php\/wp-json\/wp\/v2\/product_tag?post=16371"}],"curies":[{"name":"wp","href":"https:\/\/api.w.org\/{rel}","templated":true}]}}