{"id":16334,"date":"2023-02-23T10:32:11","date_gmt":"2023-02-23T09:32:11","guid":{"rendered":"http:\/\/ksiegarnia-akademicka.pl\/?post_type=product&#038;p=16334"},"modified":"2023-02-23T10:32:11","modified_gmt":"2023-02-23T09:32:11","slug":"ukonczenie-sadowego-postepowania-egzekucyjnego","status":"publish","type":"product","link":"http:\/\/ksiegarnia-akademicka.pl\/index.php\/product\/ukonczenie-sadowego-postepowania-egzekucyjnego\/","title":{"rendered":"Uko\u0144czenie s\u0105dowego post\u0119powania egzekucyjnego"},"content":{"rendered":"<p>Nale\u017cy do serii:<br \/>\nBIBLIOTEKA S\u0104DOWA<br \/>\nAutor:<br \/>\nMonika Ged<br \/>\nWydawca: Wolters Kluwer<br \/>\nOprawa: Twarda<br \/>\nFormat: 17.6&#215;25.0cm<br \/>\nLiczba stron: 252<br \/>\nWydanie: 1<br \/>\nRok wydania: 2023<br \/>\nJ\u0119zyk wydania: polski<\/p>\n<p>Publikacja analizuje sposoby uko\u0144czenia s\u0105dowego post\u0119powania egzekucyjnego, czyli umorzenia post\u0119powania egzekucyjnego oraz uko\u0144czenia go w inny spos\u00f3b ni\u017c przez umorzenie.<\/p>\n<p>Szczeg\u00f3\u0142owo om\u00f3wiono m.in.:<br \/>\n\u2022 przyczyny umorzenia post\u0119powania: na wniosek, z urz\u0119du oraz z mocy prawa, z obja\u015bnieniem poszczeg\u00f3lnych przepis\u00f3w stanowi\u0105cych podstaw\u0119 umorzenia;<br \/>\n\u2022 skutki umorzenia post\u0119powania egzekucyjnego;<br \/>\n\u2022 przyczyny odmowy wszcz\u0119cia egzekucji;<br \/>\n\u2022 koszty post\u0119powania egzekucyjnego zwi\u0105zane z jego uko\u0144czeniem;<br \/>\n\u2022 \u015brodki zaskar\u017cenia na tle czynno\u015bci ko\u0144cz\u0105cych post\u0119powanie egzekucyjne.<\/p>\n<p>W ksi\u0105\u017cce uwzgl\u0119dniono tak\u017ce ostatnie zmiany dotycz\u0105ce post\u0119powania egzekucyjnego, w tym ustaw\u0119 z 8.06.2022 r. o zmianie niekt\u00f3rych ustaw w celu automatyzacji za\u0142atwiania niekt\u00f3rych spraw przez Krajow\u0105 Administracj\u0119 Skarbow\u0105, kt\u00f3r\u0105 m.in. na\u0142o\u017cono na komornik\u00f3w s\u0105dowych obowi\u0105zek uchylania dokonanego zaj\u0119cia niezw\u0142ocznie po umorzeniu post\u0119powania egzekucyjnego.<\/p>\n<p>Ksi\u0105\u017cka jest przeznaczona dla przedstawicieli zawod\u00f3w prawniczych: komornik\u00f3w, adwokat\u00f3w, radc\u00f3w prawnych i s\u0119dzi\u00f3w. Zainteresuje te\u017c mened\u017cer\u00f3w dzia\u0142\u00f3w windykacji i egzekucji.<\/p>\n","protected":false},"excerpt":{"rendered":"<p>Nale\u017cy do serii: BIBLIOTEKA S\u0104DOWA Autor: Monika Ged Wydawca: Wolters [&hellip;]<\/p>\n","protected":false},"featured_media":16335,"template":"","meta":[],"product_brand":[],"product_cat":[7490,18],"product_tag":[623,4745],"class_list":{"0":"post-16334","1":"product","2":"type-product","3":"status-publish","4":"has-post-thumbnail","6":"product_cat-karne","7":"product_cat-prawo","8":"product_tag-postepowanie-egzekucyjne","9":"product_tag-seria-biblioteka-sadowa-2","11":"first","12":"instock","13":"sale","14":"shipping-taxable","15":"purchasable","16":"product-type-simple"},"_links":{"self":[{"href":"http:\/\/ksiegarnia-akademicka.pl\/index.php\/wp-json\/wp\/v2\/product\/16334","targetHints":{"allow":["GET"]}}],"collection":[{"href":"http:\/\/ksiegarnia-akademicka.pl\/index.php\/wp-json\/wp\/v2\/product"}],"about":[{"href":"http:\/\/ksiegarnia-akademicka.pl\/index.php\/wp-json\/wp\/v2\/types\/product"}],"wp:featuredmedia":[{"embeddable":true,"href":"http:\/\/ksiegarnia-akademicka.pl\/index.php\/wp-json\/wp\/v2\/media\/16335"}],"wp:attachment":[{"href":"http:\/\/ksiegarnia-akademicka.pl\/index.php\/wp-json\/wp\/v2\/media?parent=16334"}],"wp:term":[{"taxonomy":"product_brand","embeddable":true,"href":"http:\/\/ksiegarnia-akademicka.pl\/index.php\/wp-json\/wp\/v2\/product_brand?post=16334"},{"taxonomy":"product_cat","embeddable":true,"href":"http:\/\/ksiegarnia-akademicka.pl\/index.php\/wp-json\/wp\/v2\/product_cat?post=16334"},{"taxonomy":"product_tag","embeddable":true,"href":"http:\/\/ksiegarnia-akademicka.pl\/index.php\/wp-json\/wp\/v2\/product_tag?post=16334"}],"curies":[{"name":"wp","href":"https:\/\/api.w.org\/{rel}","templated":true}]}}