{"id":16328,"date":"2023-02-23T10:21:32","date_gmt":"2023-02-23T09:21:32","guid":{"rendered":"http:\/\/ksiegarnia-akademicka.pl\/?post_type=product&#038;p=16328"},"modified":"2025-01-25T12:01:17","modified_gmt":"2025-01-25T11:01:17","slug":"kpk-kodeks-postepowania-karnego-oraz-ustawy-towarzyszace","status":"publish","type":"product","link":"http:\/\/ksiegarnia-akademicka.pl\/index.php\/product\/kpk-kodeks-postepowania-karnego-oraz-ustawy-towarzyszace\/","title":{"rendered":"KPK. Kodeks post\u0119powania karnego oraz ustawy towarzysz\u0105ce"},"content":{"rendered":"<p>Redakcja: \u017belazowska Wioletta<br \/>\nWydawca: C.H. Beck<br \/>\nOprawa: Mi\u0119kka<br \/>\nFormat: 12.2&#215;19.5cm<br \/>\nLiczba stron: 768<br \/>\nWydanie: 13<br \/>\nRok wydania: 2025<br \/>\nJ\u0119zyk wydania: polski<\/p>\n<p><strong>Stan prawny: 1 stycznia 2025 r.<\/strong><\/p>\n<p>Zbi\u00f3r uwzgl\u0119dnia zmiany wchodz\u0105ce w \u017cycie:<\/p>\n<p>Kodeks post\u0119powania karnego:<\/p>\n<ul>\n<li><strong>15.2.2024 r.<\/strong>\u00a0\u2013 Ustawa o zmianie ustawy \u2013 Kodeks post\u0119powania cywilnego oraz niekt\u00f3rych innych ustaw z dnia 13 stycznia 2023 r. (Dz.U. z 2023 r. poz. 289),<\/li>\n<li><strong>15.2.2024 r.<\/strong>\u00a0\u2013 Ustawa o zmianie ustawy \u2013 Kodeks post\u0119powania karnego oraz niekt\u00f3rych innych ustaw z dnia 14 kwietnia 2023 r. (Dz.U. z 2023 r. poz. 818),<\/li>\n<li><strong>15.2.2024 r.<\/strong>\u00a0\u2013 Ustawa o zmianie ustawy \u2013 Kodeks rodzinny i opieku\u0144czy oraz niekt\u00f3rych innych ustaw z dnia 28 lipca 2023 r. (Dz.U. z 2023 r. poz. 1606),<\/li>\n<li><strong>14.3.2024 r.<\/strong>\u00a0\u2013 Ustawa o zmianie ustawy \u2013 Kodeks karny oraz niekt\u00f3rych innych ustaw z dnia 7 lipca 2022 r. (Dz.U. z 2022 r. poz. 2600),<\/li>\n<li><strong>14.3.2024 r.<\/strong>\u00a0\u2013 Ustawa o zmianie ustawy \u2013 Kodeks post\u0119powania cywilnego, ustawy \u2013 Prawo o ustroju s\u0105d\u00f3w powszechnych, ustawy \u2013 Kodeks post\u0119powania karnego oraz niekt\u00f3rych innych ustaw z dnia 7 lipca 2023 r. (Dz.U. z 2023 r. poz. 1860),<\/li>\n<li><strong>31.8.2024 r.<\/strong>\u00a0\u2013 Ustawa o zmianie niekt\u00f3rych ustaw w celu usprawnienia dzia\u0142a\u0144 Si\u0142 Zbrojnych Rzeczypospolitej Polskiej, Policji oraz Stra\u017cy Granicznej na wypadek zagro\u017cenia bezpiecze\u0144stwa pa\u0144stwa z dnia 26 lipca 2024 r. (Dz.U. z 2024 r. poz. 1248),<\/li>\n<li><strong>10.11.2024 r.<\/strong>\u00a0\u2013 Przepisy wprowadzaj\u0105ce ustaw\u0119 \u2013 Prawo komunikacji elektronicznej z dnia 12 lipca 2024 r. (Dz.U. z 2024 r. poz. 1222),<\/li>\n<li><strong>1.10.2028 r.<\/strong>\u00a0\u2013 Ustawa o dor\u0119czeniach elektronicznych z dnia 18 listopada 2020 r. (Dz.U. z 2020 r. poz. 2320 ze zm.),<\/li>\n<li><strong>1.10.2029 r.<\/strong>\u00a0\u2013 Ustawa o dor\u0119czeniach elektronicznych z dnia 18 listopada 2020 r. (Dz.U. z 2020 r. poz. 2320 ze zm.).<\/li>\n<\/ul>\n<p>Rozporz\u0105dzenie Ministra Sprawiedliwo\u015bci w sprawie szczeg\u00f3\u0142owych zasad i trybu dor\u0119czania pism organ\u00f3w procesowych w post\u0119powaniu karnym:<\/p>\n<ul>\n<li><strong>Nowy tekst jednolity z dnia 16 wrze\u015bnia 2024 r.<\/strong>\u00a0(Dz.U. z 2024 r. poz. 1463).<\/li>\n<\/ul>\n<p>Nowe Rozporz\u0105dzenie Ministra Sprawiedliwo\u015bci w sprawie sposobu przygotowania i przeprowadzenia przes\u0142ucha\u0144 w trybie okre\u015blonym w art. 185a\u2013185c oraz art. 185e Kodeksu post\u0119powania karnego oraz warunk\u00f3w, jakim powinny odpowiada\u0107 pomieszczenia przeznaczone do przeprowadzania takich przes\u0142ucha\u0144 z dnia 22 wrze\u015bnia 2024 r. (Dz.U. z 2024 r. poz. 1477)<\/p>\n<p>Kodeks karny wykonawczy:<\/p>\n<ul>\n<li><strong>Nowy tekst jednolity z dnia 21 marca 2024 r.<\/strong>\u00a0(Dz.U. z 2024 r. poz. 706),<\/li>\n<li><strong>1.1.2025 r.<\/strong>\u00a0\u2013 Ustawa o ochronie ludno\u015bci i obronie cywilnej z dnia 5 grudnia 2024 r. (Dz.U. z 2024 r. poz. 1907),<\/li>\n<li><strong>1.1.2026 r.<\/strong>\u00a0\u2013 Ustawa o zmianie ustawy \u2013 Kodeks karny oraz niekt\u00f3rych innych ustaw z dnia 7 lipca 2022 r. (Dz.U. z 2022 r. poz. 2600).<\/li>\n<\/ul>\n<p>Rozporz\u0105dzenie Ministra Sprawiedliwo\u015bci w sprawie sposobu i trybu wykonywania czynno\u015bci przez kurator\u00f3w s\u0105dowych w sprawach karnych wykonawczych:<\/p>\n<ul>\n<li><strong>Nowy tekst jednolity z dnia 23 wrze\u015bnia 2024 r.<\/strong>\u00a0(Dz.U. z 2024 r. poz. 1455).<\/li>\n<\/ul>\n<p>Rozporz\u0105dzenie Ministra Sprawiedliwo\u015bci w sprawie sposob\u00f3w prowadzenia oddzia\u0142ywa\u0144 penitencjarnych w zak\u0142adach karnych i aresztach \u015bledczych:<\/p>\n<ul>\n<li><strong>Nowy tekst jednolity z dnia 3 wrze\u015bnia 2024 r.<\/strong>\u00a0(Dz.U. z 2024 r. poz. 1344).<\/li>\n<\/ul>\n<p>Kodeks post\u0119powania w sprawach o wykroczenia:<\/p>\n<ul>\n<li><strong>Nowy tekst jednolity z dnia 11 czerwca 2024 r.<\/strong>\u00a0(Dz.U. z 2024 r. poz. 977),<\/li>\n<li><strong>1.11.2024 r.<\/strong>\u00a0\u2013 Ustawa o zmianie ustawy o delegowaniu kierowc\u00f3w w transporcie drogowym oraz niekt\u00f3rych innych ustaw z dnia 25 wrze\u015bnia 2024 r. (Dz.U. z 2024 r. poz. 1544),<\/li>\n<li><strong>1.10.2029 r.<\/strong>\u00a0\u2013 Ustawa o dor\u0119czeniach elektronicznych z dnia 18 listopada 2020 r. (Dz.U. z 2020 r. poz. 2320 ze zm.).<\/li>\n<\/ul>\n<p>Ksi\u0105\u017cka zawiera:<\/p>\n<ul>\n<li>Tekst ustawy Kodeks post\u0119powania karnego i przepisy wprowadzaj\u0105ce,<\/li>\n<li>Tekst ustawy Kodeks karny wykonawczy,<\/li>\n<li>Tekst ustawy Kodeks post\u0119powania w sprawach o wykroczenia,<\/li>\n<li>Ustaw\u0119 o przeciwdzia\u0142aniu narkomanii,<\/li>\n<li>Ustaw\u0119 o op\u0142atach w sprawach karnych,<\/li>\n<li>Rozporz\u0105dzenia,<\/li>\n<li>Indeks rzeczowy.<\/li>\n<\/ul>\n<hr class=\"dotted\" \/>\n<p>Ksi\u0105\u017cka adresowana jest do prawnik\u00f3w oraz student\u00f3w prawa, dla kt\u00f3rych znajomo\u015b\u0107 obowi\u0105zuj\u0105cych przepis\u00f3w stanowi warunek prawid\u0142owego wykonywania zawodu. Kolejne wydania publikacji uwzgl\u0119dniaj\u0105 najnowsze zmiany, przez co zapewniaj\u0105 bie\u017c\u0105c\u0105 znajomo\u015b\u0107 prawa.<\/p>\n<ul>\n<li>Aktualny stan prawny<\/li>\n<li>Czytelne has\u0142a i tekst<\/li>\n<li>Przypisy od Redakcji<\/li>\n<li>Wyr\u00f3\u017cnienie najnowszych zmian<\/li>\n<li>Wyb\u00f3r akt\u00f3w prawnych<\/li>\n<li>Indeks rzeczowy<\/li>\n<\/ul>\n","protected":false},"excerpt":{"rendered":"<p>Redakcja: \u017belazowska Wioletta Wydawca: C.H. Beck Oprawa: Mi\u0119kka Format: 12.2&#215;19.5cm [&hellip;]<\/p>\n","protected":false},"featured_media":19940,"template":"","meta":[],"product_brand":[],"product_cat":[7490,7530,18],"product_tag":[331,296,318],"class_list":{"0":"post-16328","1":"product","2":"type-product","3":"status-publish","4":"has-post-thumbnail","6":"product_cat-karne","7":"product_cat-nowosci","8":"product_cat-prawo","9":"product_tag-postepowanie-karne","10":"product_tag-prawo-karne","11":"product_tag-seria-teksty-ustaw-becka","13":"first","14":"instock","15":"sale","16":"shipping-taxable","17":"purchasable","18":"product-type-simple"},"_links":{"self":[{"href":"http:\/\/ksiegarnia-akademicka.pl\/index.php\/wp-json\/wp\/v2\/product\/16328","targetHints":{"allow":["GET"]}}],"collection":[{"href":"http:\/\/ksiegarnia-akademicka.pl\/index.php\/wp-json\/wp\/v2\/product"}],"about":[{"href":"http:\/\/ksiegarnia-akademicka.pl\/index.php\/wp-json\/wp\/v2\/types\/product"}],"wp:featuredmedia":[{"embeddable":true,"href":"http:\/\/ksiegarnia-akademicka.pl\/index.php\/wp-json\/wp\/v2\/media\/19940"}],"wp:attachment":[{"href":"http:\/\/ksiegarnia-akademicka.pl\/index.php\/wp-json\/wp\/v2\/media?parent=16328"}],"wp:term":[{"taxonomy":"product_brand","embeddable":true,"href":"http:\/\/ksiegarnia-akademicka.pl\/index.php\/wp-json\/wp\/v2\/product_brand?post=16328"},{"taxonomy":"product_cat","embeddable":true,"href":"http:\/\/ksiegarnia-akademicka.pl\/index.php\/wp-json\/wp\/v2\/product_cat?post=16328"},{"taxonomy":"product_tag","embeddable":true,"href":"http:\/\/ksiegarnia-akademicka.pl\/index.php\/wp-json\/wp\/v2\/product_tag?post=16328"}],"curies":[{"name":"wp","href":"https:\/\/api.w.org\/{rel}","templated":true}]}}