{"id":16317,"date":"2023-02-15T09:05:01","date_gmt":"2023-02-15T08:05:01","guid":{"rendered":"http:\/\/ksiegarnia-akademicka.pl\/?post_type=product&#038;p=16317"},"modified":"2023-02-15T14:15:47","modified_gmt":"2023-02-15T13:15:47","slug":"c-zbior-zadan-z-rozwiazaniami-2","status":"publish","type":"product","link":"http:\/\/ksiegarnia-akademicka.pl\/index.php\/product\/c-zbior-zadan-z-rozwiazaniami-2\/","title":{"rendered":"C++ Zbi\u00f3r zada\u0144 z rozwi\u0105zaniami"},"content":{"rendered":"<p>Autor:<br \/>\nTomasz Ja\u015bniewski<br \/>\nWydawca: Helion<br \/>\nOprawa: Mi\u0119kka<br \/>\nFormat: 16.0&#215;23.5cm<br \/>\nLiczba stron: 128<br \/>\nRok wydania: 2023<br \/>\nJ\u0119zyk wydania: polski<\/p>\n<p>Hello world! \u2015 i co dalej w C++?<\/p>\n<p>Autor tego zbioru zada\u0144 jest programist\u0105 i nauczycielem. To prawdziwy pasjonat programowania \u2015 w tym w j\u0119zyku C++ \u2015 kt\u00f3re traktuje jak przed\u0142u\u017cenie ludzkiej mowy. Uwa\u017ca, \u017ce praktycznie na wszystko, co robimy w \u017cyciu, mo\u017cna spojrze\u0107 jak na wykonywanie funkcji i algorytm\u00f3w, kt\u00f3re opisujemy za pomoc\u0105 s\u0142\u00f3w. Od razu wida\u0107 zwi\u0105zek mi\u0119dzy podej\u015bciem humanistycznym i informatycznym! Dlatego te\u017c nauka programowania w \u017cadnym stopniu nie jest opanowywaniem jakiej\u015b specjalnej wiedzy tylko dla wtajemniczonych. To po prostu utrwalanie tego, co ju\u017c wiemy i umiemy, tyle \u017ce w spos\u00f3b logiczny i uporz\u0105dkowany.<\/p>\n<p>Niestety, nauka j\u0119zyk\u00f3w programowania w szkole nader cz\u0119sto ogranicza si\u0119 do przekazania suchych informacji na ich temat. Wielu uczni\u00f3w, instynktownie wyczuwaj\u0105c potencja\u0142 zdobytej w\u0142a\u015bnie wiedzy na temat C++, stawia pytania: Co mam teraz robi\u0107? Jaki program napisa\u0107? Jak wykorzysta\u0107 to, co by\u0142o na lekcjach? W odpowiedzi na nie powsta\u0142 ten zbi\u00f3r zada\u0144. Stanowi on pr\u00f3b\u0119 ukierunkowania, uporz\u0105dkowania i wzbogacenia czasu pomi\u0119dzy pierwsz\u0105 lekcj\u0105 z \u201eHello world!\u201d a pierwsz\u0105 sprzedan\u0105 aplikacj\u0105 \u2015 stworzon\u0105 samodzielnie lub w zespole. Czasu radosnej nauki, kiedy wszystko wydaje si\u0119 mo\u017cliwe, a ogranicza nas tylko wyobra\u017ania.<\/p>\n<p>Po\u015bwi\u0119cony C++ zbi\u00f3r zada\u0144 z rozwi\u0105zaniami:<br \/>\njest podzielony na cz\u0119\u015bci zale\u017cne od posiadanych umiej\u0119tno\u015bci, a te zosta\u0142y uporz\u0105dkowane tak, by odpowiada\u0107 procesowi nauki j\u0119zyka C++<br \/>\npomaga zw\u0142aszcza w przygotowaniu do matury z informatyki i w nauce programowania na studiach<br \/>\nuwzgl\u0119dnia standard C++20<br \/>\nzawiera propozycje rozwi\u0105za\u0144<\/p>\n","protected":false},"excerpt":{"rendered":"<p>Autor: Tomasz Ja\u015bniewski Wydawca: Helion Oprawa: Mi\u0119kka Format: 16.0&#215;23.5cm Liczba [&hellip;]<\/p>\n","protected":false},"featured_media":16318,"template":"","meta":[],"product_brand":[],"product_cat":[36],"product_tag":[103,4452],"class_list":{"0":"post-16317","1":"product","2":"type-product","3":"status-publish","4":"has-post-thumbnail","6":"product_cat-informatyka","7":"product_tag-informatyka","8":"product_tag-jezyki-programowania","10":"first","11":"instock","12":"sale","13":"shipping-taxable","14":"purchasable","15":"product-type-simple"},"_links":{"self":[{"href":"http:\/\/ksiegarnia-akademicka.pl\/index.php\/wp-json\/wp\/v2\/product\/16317","targetHints":{"allow":["GET"]}}],"collection":[{"href":"http:\/\/ksiegarnia-akademicka.pl\/index.php\/wp-json\/wp\/v2\/product"}],"about":[{"href":"http:\/\/ksiegarnia-akademicka.pl\/index.php\/wp-json\/wp\/v2\/types\/product"}],"wp:featuredmedia":[{"embeddable":true,"href":"http:\/\/ksiegarnia-akademicka.pl\/index.php\/wp-json\/wp\/v2\/media\/16318"}],"wp:attachment":[{"href":"http:\/\/ksiegarnia-akademicka.pl\/index.php\/wp-json\/wp\/v2\/media?parent=16317"}],"wp:term":[{"taxonomy":"product_brand","embeddable":true,"href":"http:\/\/ksiegarnia-akademicka.pl\/index.php\/wp-json\/wp\/v2\/product_brand?post=16317"},{"taxonomy":"product_cat","embeddable":true,"href":"http:\/\/ksiegarnia-akademicka.pl\/index.php\/wp-json\/wp\/v2\/product_cat?post=16317"},{"taxonomy":"product_tag","embeddable":true,"href":"http:\/\/ksiegarnia-akademicka.pl\/index.php\/wp-json\/wp\/v2\/product_tag?post=16317"}],"curies":[{"name":"wp","href":"https:\/\/api.w.org\/{rel}","templated":true}]}}