{"id":16311,"date":"2023-02-15T08:58:47","date_gmt":"2023-02-15T07:58:47","guid":{"rendered":"http:\/\/ksiegarnia-akademicka.pl\/?post_type=product&#038;p=16311"},"modified":"2023-02-15T08:58:47","modified_gmt":"2023-02-15T07:58:47","slug":"zarzadzanie-bezpieczenstwem-narodowym-polski","status":"publish","type":"product","link":"http:\/\/ksiegarnia-akademicka.pl\/index.php\/product\/zarzadzanie-bezpieczenstwem-narodowym-polski\/","title":{"rendered":"Zarz\u0105dzanie bezpiecze\u0144stwem narodowym Polski"},"content":{"rendered":"<p>Autor:<br \/>\nPawe\u0142 Bogacz<br \/>\nWydawca: PWE<br \/>\nOprawa: Mi\u0119kka<br \/>\nFormat: 16.0&#215;23.5cm<br \/>\nLiczba stron: 280<br \/>\nRok wydania: 2023<br \/>\nJ\u0119zyk wydania: polski<\/p>\n<p>W prezentowanej monografii autor podejmuje zagadnienia zarz\u0105dzania w dziedzinie bezpiecze\u0144stwa narodowego Polski, rozumianego jako proces zapewniania przez w\u0142adze RP warunk\u00f3w niezb\u0119dnych do wsp\u00f3\u0142pracy mi\u0119dzy przemys\u0142em obronnym, si\u0142ami zbrojnymi, nauk\u0105 i polityk\u0105. Autor odwo\u0142uje si\u0119 do dorobku podej\u015bcia systemowego i teorii podejmowania decyzji. Praca stanowi studium przypadku na przyk\u0142adzie zastosowa\u0144 metod wielokryterialnych: AHP, ANP, REMBRANDT, DEMATEL. W badaniu wzi\u0119\u0142o udzia\u0142 75 przedstawicieli przemys\u0142u obronnego, si\u0142 zbrojnych, nauki, polityki i dyplomacji. Dla ka\u017cdej z grup badanych opracowano hierarchie czynnik\u00f3w, subczynnik\u00f3w, wariant\u00f3w oraz przeprowadzono analiz\u0119 korzy\u015bci, szans, koszt\u00f3w i ryzyka (BOCR) w odniesieniu do zarz\u0105dzania w dziedzinie bezpiecze\u0144stwa narodowego RP. Respondentami byli eksperci i decydenci, z kt\u00f3rych cz\u0119\u015b\u0107 pe\u0142ni (lub pe\u0142ni\u0142a) najbardziej odpowiedzialne funkcje publiczne.<\/p>\n","protected":false},"excerpt":{"rendered":"<p>Autor: Pawe\u0142 Bogacz Wydawca: PWE Oprawa: Mi\u0119kka Format: 16.0&#215;23.5cm Liczba [&hellip;]<\/p>\n","protected":false},"featured_media":16312,"template":"","meta":[],"product_brand":[],"product_cat":[27,7507],"product_tag":[5893,74],"class_list":{"0":"post-16311","1":"product","2":"type-product","3":"status-publish","4":"has-post-thumbnail","6":"product_cat-nauki-spoleczne","7":"product_cat-politologia","8":"product_tag-bezpieczenstwo-narodowe","9":"product_tag-politologia","11":"first","12":"instock","13":"sale","14":"shipping-taxable","15":"purchasable","16":"product-type-simple"},"_links":{"self":[{"href":"http:\/\/ksiegarnia-akademicka.pl\/index.php\/wp-json\/wp\/v2\/product\/16311","targetHints":{"allow":["GET"]}}],"collection":[{"href":"http:\/\/ksiegarnia-akademicka.pl\/index.php\/wp-json\/wp\/v2\/product"}],"about":[{"href":"http:\/\/ksiegarnia-akademicka.pl\/index.php\/wp-json\/wp\/v2\/types\/product"}],"wp:featuredmedia":[{"embeddable":true,"href":"http:\/\/ksiegarnia-akademicka.pl\/index.php\/wp-json\/wp\/v2\/media\/16312"}],"wp:attachment":[{"href":"http:\/\/ksiegarnia-akademicka.pl\/index.php\/wp-json\/wp\/v2\/media?parent=16311"}],"wp:term":[{"taxonomy":"product_brand","embeddable":true,"href":"http:\/\/ksiegarnia-akademicka.pl\/index.php\/wp-json\/wp\/v2\/product_brand?post=16311"},{"taxonomy":"product_cat","embeddable":true,"href":"http:\/\/ksiegarnia-akademicka.pl\/index.php\/wp-json\/wp\/v2\/product_cat?post=16311"},{"taxonomy":"product_tag","embeddable":true,"href":"http:\/\/ksiegarnia-akademicka.pl\/index.php\/wp-json\/wp\/v2\/product_tag?post=16311"}],"curies":[{"name":"wp","href":"https:\/\/api.w.org\/{rel}","templated":true}]}}