{"id":16296,"date":"2023-02-15T08:33:43","date_gmt":"2023-02-15T07:33:43","guid":{"rendered":"http:\/\/ksiegarnia-akademicka.pl\/?post_type=product&#038;p=16296"},"modified":"2023-02-15T08:33:43","modified_gmt":"2023-02-15T07:33:43","slug":"wywiad-i-analityka-w-biznesie-prawne-i-praktyczne-aspekty-biznesowej-analizy-wywiadowczej","status":"publish","type":"product","link":"http:\/\/ksiegarnia-akademicka.pl\/index.php\/product\/wywiad-i-analityka-w-biznesie-prawne-i-praktyczne-aspekty-biznesowej-analizy-wywiadowczej\/","title":{"rendered":"Wywiad i analityka w biznesie Prawne i praktyczne aspekty biznesowej analizy wywiadowczej"},"content":{"rendered":"<p>Autor:<br \/>\nTomasz Safja\u0144ski<br \/>\nPawe\u0142 \u0141abuz<br \/>\nPiotr Herman<br \/>\nRedakcja: Difin<br \/>\nWydawca: Difin<br \/>\nOprawa: Mi\u0119kka<br \/>\nLiczba stron: 292<br \/>\nRok wydania: 2023<br \/>\nJ\u0119zyk wydania: polski<\/p>\n<p>Ksi\u0105\u017cka stanowi cenne \u017ar\u00f3d\u0142o wiedzy dla wszystkich pracownik\u00f3w przedsi\u0119biorstw (g\u0142\u00f3wnie jednak wykonuj\u0105cych obowi\u0105zki w zakresie wywiadu i analityki) oraz os\u00f3b zatrudnionych w organach administracji rz\u0105dowej oraz samorz\u0105dowej (realizuj\u0105cych czynno\u015bci zwi\u0105zane z bezpiecze\u0144stwem dzia\u0142alno\u015bci gospodarczej), a tak\u017ce dla ka\u017cdej osoby planuj\u0105cej w przysz\u0142o\u015bci zaj\u0105\u0107 si\u0119 zawodowo przedmiotow\u0105 tematyk\u0105 w sektorze przedsi\u0119biorstw lub sektorze publicznym.<\/p>\n<p>Do grona adresat\u00f3w ksi\u0105\u017cki, w spos\u00f3b szczeg\u00f3lny, nale\u017c\u0105 prawnicy, kt\u00f3rzy na co dzie\u0144 pracuj\u0105 w przedsi\u0119biorstwach, reprezentuj\u0105c i chroni\u0105c ich interesy. Ponadto osoby wykonuj\u0105ce ma\u0142o znany, lecz jak\u017ce cz\u0119sto wykonywany zaw\u00f3d z zakresu bezpiecze\u0144stwa biznesu, czyli tzw. \u201ebezpiecznicy\u201d (inaczej: specjali\u015bci ds. bezpiecze\u0144stwa wewn\u0119trznego lub bezpiecze\u0144stwa biznesu). Z monografi\u0105 powinni zapozna\u0107 si\u0119 r\u00f3wnie\u017c prezesi sp\u00f3\u0142ek, cz\u0142onkowie zarz\u0105d\u00f3w, osoby pracuj\u0105ce w kom\u00f3rkach finansowych, kadrowych oraz odpowiedzialne za kreowanie w\u0142a\u015bciwej polityki bezpiecze\u0144stwa. Patronat: Stowarzyszenie Taktyk\u00f3w Kryminalistyki, Pomorska Szko\u0142a Wy\u017csza, Wy\u017csza Szko\u0142a Kszta\u0142cenia Zawodowego, Szpiegul.<\/p>\n","protected":false},"excerpt":{"rendered":"<p>Autor: Tomasz Safja\u0144ski Pawe\u0142 \u0141abuz Piotr Herman Redakcja: Difin Wydawca: [&hellip;]<\/p>\n","protected":false},"featured_media":16297,"template":"","meta":[],"product_brand":[],"product_cat":[32,7514,31,30,7515],"product_tag":[1802,361],"class_list":{"0":"post-16296","1":"product","2":"type-product","3":"status-publish","4":"has-post-thumbnail","6":"product_cat-biznes","7":"product_cat-negocjacje","8":"product_cat-przedsiebiorstwo","9":"product_cat-zarzadzanie","10":"product_cat-zarzadzanie-przedsiebiorstwem","11":"product_tag-biznes","12":"product_tag-przedsiebiorstwo","14":"first","15":"instock","16":"sale","17":"shipping-taxable","18":"purchasable","19":"product-type-simple"},"_links":{"self":[{"href":"http:\/\/ksiegarnia-akademicka.pl\/index.php\/wp-json\/wp\/v2\/product\/16296","targetHints":{"allow":["GET"]}}],"collection":[{"href":"http:\/\/ksiegarnia-akademicka.pl\/index.php\/wp-json\/wp\/v2\/product"}],"about":[{"href":"http:\/\/ksiegarnia-akademicka.pl\/index.php\/wp-json\/wp\/v2\/types\/product"}],"wp:featuredmedia":[{"embeddable":true,"href":"http:\/\/ksiegarnia-akademicka.pl\/index.php\/wp-json\/wp\/v2\/media\/16297"}],"wp:attachment":[{"href":"http:\/\/ksiegarnia-akademicka.pl\/index.php\/wp-json\/wp\/v2\/media?parent=16296"}],"wp:term":[{"taxonomy":"product_brand","embeddable":true,"href":"http:\/\/ksiegarnia-akademicka.pl\/index.php\/wp-json\/wp\/v2\/product_brand?post=16296"},{"taxonomy":"product_cat","embeddable":true,"href":"http:\/\/ksiegarnia-akademicka.pl\/index.php\/wp-json\/wp\/v2\/product_cat?post=16296"},{"taxonomy":"product_tag","embeddable":true,"href":"http:\/\/ksiegarnia-akademicka.pl\/index.php\/wp-json\/wp\/v2\/product_tag?post=16296"}],"curies":[{"name":"wp","href":"https:\/\/api.w.org\/{rel}","templated":true}]}}