{"id":1627,"date":"2018-05-22T12:44:05","date_gmt":"2018-05-22T10:44:05","guid":{"rendered":"http:\/\/ksiegarnia-akademicka.pl\/index.php\/product\/pedagogika-specjalna-podrecznik-akademicki-tom-2\/"},"modified":"2023-11-14T13:48:37","modified_gmt":"2023-11-14T12:48:37","slug":"pedagogika-specjalna-podrecznik-akademicki-tom-2","status":"publish","type":"product","link":"http:\/\/ksiegarnia-akademicka.pl\/index.php\/product\/pedagogika-specjalna-podrecznik-akademicki-tom-2\/","title":{"rendered":"Pedagogika specjalna. Podr\u0119cznik akademicki. Tom 2"},"content":{"rendered":"<p>Autor:<br \/>\nSmith Deborah Deutsch<br \/>\nT\u0142umacze: Korbel Agata Justyna<br \/>\nWydawca: Wydawnictwo Naukowe PWN<br \/>\nOprawa: Mi\u0119kka<br \/>\nFormat: 17.0&#215;24.0cm<br \/>\nLiczba stron: 404<br \/>\nWydanie: 1<br \/>\nRok wydania: 2008<\/p>\n<p>Podstawowy podr\u0119cznik z zakresu pedagogiki specjalnej przybli\u017caj\u0105cy najwa\u017cniejsze i aktualne zagadnienia tej dyscypliny w Polsce i na \u015bwiecie. Autorka wyczerpuj\u0105co omawia zagadnienia po\u015bwi\u0119cone kontekstowi edukacji specjalnej w dobie obecnych szans i mo\u017cliwo\u015bci, indywidualizacji w zakresie planowania kszta\u0142cenia os\u00f3b niepe\u0142nosprawnych oraz konkretnych rozwi\u0105za\u0144 w tej dziedzinie. Przybli\u017ca wiedz\u0119 oraz sposoby pracy z osobami maj\u0105cymi konkretne zaburzenia czy odchylenia od normy. Omawia specyfik\u0119 upo\u015bledzenia fizycznego, chor\u00f3b przewlek\u0142ych i specjalnej opieki zdrowotnej, kszta\u0142cenia os\u00f3b z problemami wzroku i s\u0142uchu, dzieci z zaburzeniami emocjonalnymi oraz zaburzeniami zachowania. Pokazuje konkretne rozwi\u0105zania dotycz\u0105ce uczenia si\u0119 os\u00f3b upo\u015bledzonych umys\u0142owo, dzieci z zaburzeniami m\u00f3wienia i j\u0119zyka, czy specyficzne problemy dzieci z autyzmem. Szczeg\u00f3\u0142owo prezentuje problemy os\u00f3b z niepe\u0142nosprawno\u015bci\u0105 z\u0142o\u017con\u0105, g\u0142uchoniemych oraz z pourazowym uszkodzeniem m\u00f3zgu. Przedstawia tak\u017ce problemy r\u00f3\u017cnic kulturowych w zakresie kszta\u0142cenia os\u00f3b niepe\u0142nosprawnych, w tym dwuj\u0119zycznych. Jeden z rozdzia\u0142\u00f3w po\u015bwi\u0119cony jest r\u00f3wnie\u017c rozwojowi dzieci zdolnych oraz specyfice pracy z nimi.<\/p>\n","protected":false},"excerpt":{"rendered":"<p>Autor: Smith Deborah Deutsch T\u0142umacze: Korbel Agata Justyna Wydawca: Wydawnictwo [&hellip;]<\/p>\n","protected":false},"featured_media":9115,"template":"","meta":[],"product_brand":[],"product_cat":[28],"product_tag":[51,1706],"class_list":{"0":"post-1627","1":"product","2":"type-product","3":"status-publish","4":"has-post-thumbnail","6":"product_cat-pedagogika","7":"product_tag-pedagogika","8":"product_tag-pedagogika-specjalna","10":"first","11":"outofstock","12":"sale","13":"shipping-taxable","14":"purchasable","15":"product-type-simple"},"_links":{"self":[{"href":"http:\/\/ksiegarnia-akademicka.pl\/index.php\/wp-json\/wp\/v2\/product\/1627","targetHints":{"allow":["GET"]}}],"collection":[{"href":"http:\/\/ksiegarnia-akademicka.pl\/index.php\/wp-json\/wp\/v2\/product"}],"about":[{"href":"http:\/\/ksiegarnia-akademicka.pl\/index.php\/wp-json\/wp\/v2\/types\/product"}],"wp:featuredmedia":[{"embeddable":true,"href":"http:\/\/ksiegarnia-akademicka.pl\/index.php\/wp-json\/wp\/v2\/media\/9115"}],"wp:attachment":[{"href":"http:\/\/ksiegarnia-akademicka.pl\/index.php\/wp-json\/wp\/v2\/media?parent=1627"}],"wp:term":[{"taxonomy":"product_brand","embeddable":true,"href":"http:\/\/ksiegarnia-akademicka.pl\/index.php\/wp-json\/wp\/v2\/product_brand?post=1627"},{"taxonomy":"product_cat","embeddable":true,"href":"http:\/\/ksiegarnia-akademicka.pl\/index.php\/wp-json\/wp\/v2\/product_cat?post=1627"},{"taxonomy":"product_tag","embeddable":true,"href":"http:\/\/ksiegarnia-akademicka.pl\/index.php\/wp-json\/wp\/v2\/product_tag?post=1627"}],"curies":[{"name":"wp","href":"https:\/\/api.w.org\/{rel}","templated":true}]}}