{"id":16269,"date":"2023-02-09T10:54:00","date_gmt":"2023-02-09T09:54:00","guid":{"rendered":"http:\/\/ksiegarnia-akademicka.pl\/?post_type=product&#038;p=16269"},"modified":"2023-02-09T10:54:00","modified_gmt":"2023-02-09T09:54:00","slug":"przewodnik-po-zmianach-przepisow-2023-podatki-rachunkowosc-prawo-pracy-zus","status":"publish","type":"product","link":"http:\/\/ksiegarnia-akademicka.pl\/index.php\/product\/przewodnik-po-zmianach-przepisow-2023-podatki-rachunkowosc-prawo-pracy-zus\/","title":{"rendered":"Przewodnik po zmianach przepis\u00f3w 2023 Podatki, rachunkowo\u015b\u0107 , prawo pracy, ZUS"},"content":{"rendered":"<p>Wydawca: Infor<br \/>\nOprawa: Kartonowa Foliowana<br \/>\nFormat: 16.5&#215;23.5cm<br \/>\nLiczba stron: 186<br \/>\nRok wydania: 2023<br \/>\nJ\u0119zyk wydania: polski<\/p>\n<p>Autorzy publikacji przyst\u0119pnie przedstawiaj\u0105 wszystkie zmiany w przepisach podatkowych (VAT, PIT, CIT, akcyzie i innych) oraz w rachunkowo\u015bci, prawie pracy i ubezpiecze\u0144 spo\u0142ecznych \u2013 zar\u00f3wno wprowadzanych z pocz\u0105tkiem 2023 r., jak i tych, kt\u00f3re znane s\u0105 ju\u017c teraz, lecz wejd\u0105 w \u017cycie w trakcie 2023 r.<br \/>\nPoradnik prezentuje poszczeg\u00f3lne zagadnienia w unikatowej formie \u2013 om\u00f3wione s\u0105 w nim regulacje przed zmian\u0105 przepis\u00f3w i po ich zmianie. Na pocz\u0105tku ka\u017cdego dzia\u0142u tematycznego znajduj\u0105 si\u0119 praktyczne zestawienia tabelaryczne zmian prawa z informacj\u0105, czego dotyczy zmiana i na czym polega.<br \/>\nDzi\u0119ki takiemu uj\u0119ciu osoby, kt\u00f3re si\u0119gn\u0105 po publikacj\u0119, uzyskaj\u0105 m.in. pe\u0142n\u0105 wiedz\u0119 o wszystkich zmienianych przepisach podatkowych na 2023 r. oraz limitach rachunkowych wa\u017cnych dla wykonania obowi\u0105zk\u00f3w na\u0142o\u017conych przepisami o rachunkowo\u015bci.<br \/>\nATUTY PUBLIKACJI:<br \/>\nPrzekrojowy komentarz do najnowszych zmian z zakresu podatk\u00f3w i rachunkowo\u015bci oraz prawa pracy i ZUS. Przewodnik zawiera: tabelaryczne zestawienia zmian na pocz\u0105tku ka\u017cdego dzia\u0142u tematycznego, om\u00f3wienie ka\u017cdej zmiany przez por\u00f3wnanie regulacji w brzmieniu obowi\u0105zuj\u0105cym przed i po zmianie, a tak\u017ce ocen\u0119 wprowadzonej zmiany w komentarzu eksperta.<\/p>\n","protected":false},"excerpt":{"rendered":"<p>Wydawca: Infor Oprawa: Kartonowa Foliowana Format: 16.5&#215;23.5cm Liczba stron: 186 [&hellip;]<\/p>\n","protected":false},"featured_media":16270,"template":"","meta":[],"product_brand":[],"product_cat":[22,23,21],"product_tag":[355,1496,249],"class_list":{"0":"post-16269","1":"product","2":"type-product","3":"status-publish","4":"has-post-thumbnail","6":"product_cat-podatki-i-prawo-podatkowe","7":"product_cat-rachunkowosc","8":"product_cat-ubezpieczenia","9":"product_tag-podatki","10":"product_tag-rachunkowosc","11":"product_tag-ubezpieczenia","13":"first","14":"instock","15":"sale","16":"shipping-taxable","17":"purchasable","18":"product-type-simple"},"_links":{"self":[{"href":"http:\/\/ksiegarnia-akademicka.pl\/index.php\/wp-json\/wp\/v2\/product\/16269","targetHints":{"allow":["GET"]}}],"collection":[{"href":"http:\/\/ksiegarnia-akademicka.pl\/index.php\/wp-json\/wp\/v2\/product"}],"about":[{"href":"http:\/\/ksiegarnia-akademicka.pl\/index.php\/wp-json\/wp\/v2\/types\/product"}],"wp:featuredmedia":[{"embeddable":true,"href":"http:\/\/ksiegarnia-akademicka.pl\/index.php\/wp-json\/wp\/v2\/media\/16270"}],"wp:attachment":[{"href":"http:\/\/ksiegarnia-akademicka.pl\/index.php\/wp-json\/wp\/v2\/media?parent=16269"}],"wp:term":[{"taxonomy":"product_brand","embeddable":true,"href":"http:\/\/ksiegarnia-akademicka.pl\/index.php\/wp-json\/wp\/v2\/product_brand?post=16269"},{"taxonomy":"product_cat","embeddable":true,"href":"http:\/\/ksiegarnia-akademicka.pl\/index.php\/wp-json\/wp\/v2\/product_cat?post=16269"},{"taxonomy":"product_tag","embeddable":true,"href":"http:\/\/ksiegarnia-akademicka.pl\/index.php\/wp-json\/wp\/v2\/product_tag?post=16269"}],"curies":[{"name":"wp","href":"https:\/\/api.w.org\/{rel}","templated":true}]}}