{"id":16264,"date":"2023-02-09T10:36:54","date_gmt":"2023-02-09T09:36:54","guid":{"rendered":"http:\/\/ksiegarnia-akademicka.pl\/?post_type=product&#038;p=16264"},"modified":"2023-02-09T10:36:55","modified_gmt":"2023-02-09T09:36:55","slug":"ordynacja-podatkowa-prawo-materialne-i-procesowe","status":"publish","type":"product","link":"http:\/\/ksiegarnia-akademicka.pl\/index.php\/product\/ordynacja-podatkowa-prawo-materialne-i-procesowe\/","title":{"rendered":"Ordynacja podatkowa Prawo materialne i procesowe"},"content":{"rendered":"<p>Redakcja: D\u0105bek Pawe\u0142, Stolarski Konrad<br \/>\nWydawca: Difin<br \/>\nOprawa: Mi\u0119kka<br \/>\nLiczba stron: 310<br \/>\nRok wydania: 2023<br \/>\nJ\u0119zyk wydania: polski<\/p>\n<p>Podr\u0119cznik adresowany jest do student\u00f3w prawa, administracji, ekonomii, finans\u00f3w i rachunkowo\u015bci, jak te\u017c do wszystkich tych, kt\u00f3rzy chc\u0105 ugruntowa\u0107 swoj\u0105 wiedz\u0119 z zakresu materialnego prawa podatkowego oraz regulacji zwi\u0105zanych z podatkowym prawem procesowym. Omawiane zagadnienia zosta\u0142y przedstawione w spos\u00f3b jasny, zwi\u0119z\u0142y i wyczerpuj\u0105cy w zakresie podstawowych informacji, koniecznych do zrozumienia istoty poruszanych w podr\u0119czniku kwestii prawnych. Opracowanie w spos\u00f3b pe\u0142ny odzwierciedla szerok\u0105 gam\u0119 problem\u00f3w teoretycznych, jak i praktyki stosowania prawa podatkowego, z tym \u017ce zagadnienia teoretyczne zosta\u0142y uj\u0119te w ramach niezb\u0119dnego minimum, za\u015b autorzy w przewa\u017caj\u0105cym stopniu skoncentrowali si\u0119 na analizie poszczeg\u00f3lnych regulacji prawnych.<\/p>\n<p>Na publikacj\u0119 sk\u0142ada si\u0119 sze\u015b\u0107 rozdzia\u0142\u00f3w. Pierwszy rozdzia\u0142 obejmuje \u017ar\u00f3d\u0142a i wyk\u0142adni\u0119 prawa podatkowego. Drugi dotyczy materialnego prawa podatkowego, za\u015b w rozdziale trzecim przedstawiono zagadnienia odnosz\u0105ce si\u0119 do post\u0119powania podatkowego. Uzupe\u0142nienie podstawowych zagadnie\u0144, om\u00f3wionych w trzech pierwszych rozdzia\u0142ach, stanowi\u0105 kolejne cz\u0119\u015bci, w kt\u00f3rych analizie poddano instytucj\u0119 kontroli podatkowej, zabezpieczenia zobowi\u0105za\u0144 podatkowych, typy urz\u0119dowych interpretacji przepis\u00f3w prawa podatkowego, jak r\u00f3wnie\u017c uchylania si\u0119 i unikania opodatkowania wraz ze schematami podatkowymi. Uk\u0142ad taki zapewnia uporz\u0105dkowanie ca\u0142o\u015bci omawianego materia\u0142u normatywnego i przejrzysto\u015b\u0107 analizy, co jest nie tylko niezb\u0119dne dla potencjalnego czytelnika, lecz r\u00f3wnie\u017c pozwala na lepsze zrozumienie istoty materialnego i procesowego prawa podatkowego.<\/p>\n","protected":false},"excerpt":{"rendered":"<p>Redakcja: D\u0105bek Pawe\u0142, Stolarski Konrad Wydawca: Difin Oprawa: Mi\u0119kka Liczba [&hellip;]<\/p>\n","protected":false},"featured_media":16265,"template":"","meta":[],"product_brand":[],"product_cat":[22],"product_tag":[1056,355,1055],"class_list":{"0":"post-16264","1":"product","2":"type-product","3":"status-publish","4":"has-post-thumbnail","6":"product_cat-podatki-i-prawo-podatkowe","7":"product_tag-ordynacja-podatkowa","8":"product_tag-podatki","9":"product_tag-prawo-podatkowe","11":"first","12":"instock","13":"sale","14":"shipping-taxable","15":"purchasable","16":"product-type-simple"},"_links":{"self":[{"href":"http:\/\/ksiegarnia-akademicka.pl\/index.php\/wp-json\/wp\/v2\/product\/16264","targetHints":{"allow":["GET"]}}],"collection":[{"href":"http:\/\/ksiegarnia-akademicka.pl\/index.php\/wp-json\/wp\/v2\/product"}],"about":[{"href":"http:\/\/ksiegarnia-akademicka.pl\/index.php\/wp-json\/wp\/v2\/types\/product"}],"wp:featuredmedia":[{"embeddable":true,"href":"http:\/\/ksiegarnia-akademicka.pl\/index.php\/wp-json\/wp\/v2\/media\/16265"}],"wp:attachment":[{"href":"http:\/\/ksiegarnia-akademicka.pl\/index.php\/wp-json\/wp\/v2\/media?parent=16264"}],"wp:term":[{"taxonomy":"product_brand","embeddable":true,"href":"http:\/\/ksiegarnia-akademicka.pl\/index.php\/wp-json\/wp\/v2\/product_brand?post=16264"},{"taxonomy":"product_cat","embeddable":true,"href":"http:\/\/ksiegarnia-akademicka.pl\/index.php\/wp-json\/wp\/v2\/product_cat?post=16264"},{"taxonomy":"product_tag","embeddable":true,"href":"http:\/\/ksiegarnia-akademicka.pl\/index.php\/wp-json\/wp\/v2\/product_tag?post=16264"}],"curies":[{"name":"wp","href":"https:\/\/api.w.org\/{rel}","templated":true}]}}