{"id":1626,"date":"2018-05-22T12:44:04","date_gmt":"2018-05-22T10:44:04","guid":{"rendered":"http:\/\/ksiegarnia-akademicka.pl\/index.php\/product\/mechanika-plynow-w-inzynierii-i-ochronie-srodowiska\/"},"modified":"2026-01-12T12:27:38","modified_gmt":"2026-01-12T11:27:38","slug":"mechanika-plynow-w-inzynierii-i-ochronie-srodowiska","status":"publish","type":"product","link":"http:\/\/ksiegarnia-akademicka.pl\/index.php\/product\/mechanika-plynow-w-inzynierii-i-ochronie-srodowiska\/","title":{"rendered":"Mechanika p\u0142yn\u00f3w w in\u017cynierii \u015brodowiska"},"content":{"rendered":"<p>Autor:<br \/>\nRoman Zarzycki<br \/>\nZdzis\u0142aw Orzechowski<br \/>\nJerzy Prywer<br \/>\nWydawca: Wydawnictwo Naukowe PWN<br \/>\nOprawa: Mi\u0119kka<br \/>\nFormat: 16.5&#215;23.5cm<br \/>\nLiczba stron: 624<br \/>\nWydanie: 1<br \/>\nRok wydania: 2018<\/p>\n<p>Materia\u0142 zawarty w ninejszym podr\u0119czniku podzielono na dwie cz\u0119\u015bci.<br \/>\nW cz\u0119\u015bci I om\u00f3wiono przep\u0142ywy jednofazowe, a w cz\u0119\u015bci II mechanik\u0119 p\u0142yn\u00f3w dla przep\u0142yw\u00f3w dwufazowych.<\/p>\n<p>Autorami podr\u0119cznika s\u0105 najwybitniejsi polscy naukowcy z dziedziny in\u017cynierii i ochrony \u015brodowiska, pracuj\u0105cy na uczelniach i w instytutach naukowych.<\/p>\n","protected":false},"excerpt":{"rendered":"<p>Autor: Roman Zarzycki Zdzis\u0142aw Orzechowski Jerzy Prywer Wydawca: Wydawnictwo Naukowe [&hellip;]<\/p>\n","protected":false},"featured_media":9286,"template":"","meta":[],"product_brand":[],"product_cat":[7709,41,39],"product_tag":[1949,4454,5016,4045],"class_list":{"0":"post-1626","1":"product","2":"type-product","3":"status-publish","4":"has-post-thumbnail","6":"product_cat-mechanika","7":"product_cat-nauki-techniczne","8":"product_cat-srodowisko-prawo-i-zarzadzanie","9":"product_tag-ekologia","10":"product_tag-inzynieria-srodowiska","11":"product_tag-mechanika-plynow","12":"product_tag-ochrona-srodowiska","14":"first","15":"outofstock","16":"sale","17":"shipping-taxable","18":"purchasable","19":"product-type-simple"},"_links":{"self":[{"href":"http:\/\/ksiegarnia-akademicka.pl\/index.php\/wp-json\/wp\/v2\/product\/1626","targetHints":{"allow":["GET"]}}],"collection":[{"href":"http:\/\/ksiegarnia-akademicka.pl\/index.php\/wp-json\/wp\/v2\/product"}],"about":[{"href":"http:\/\/ksiegarnia-akademicka.pl\/index.php\/wp-json\/wp\/v2\/types\/product"}],"wp:featuredmedia":[{"embeddable":true,"href":"http:\/\/ksiegarnia-akademicka.pl\/index.php\/wp-json\/wp\/v2\/media\/9286"}],"wp:attachment":[{"href":"http:\/\/ksiegarnia-akademicka.pl\/index.php\/wp-json\/wp\/v2\/media?parent=1626"}],"wp:term":[{"taxonomy":"product_brand","embeddable":true,"href":"http:\/\/ksiegarnia-akademicka.pl\/index.php\/wp-json\/wp\/v2\/product_brand?post=1626"},{"taxonomy":"product_cat","embeddable":true,"href":"http:\/\/ksiegarnia-akademicka.pl\/index.php\/wp-json\/wp\/v2\/product_cat?post=1626"},{"taxonomy":"product_tag","embeddable":true,"href":"http:\/\/ksiegarnia-akademicka.pl\/index.php\/wp-json\/wp\/v2\/product_tag?post=1626"}],"curies":[{"name":"wp","href":"https:\/\/api.w.org\/{rel}","templated":true}]}}