{"id":16228,"date":"2023-02-08T08:43:59","date_gmt":"2023-02-08T07:43:59","guid":{"rendered":"http:\/\/ksiegarnia-akademicka.pl\/?post_type=product&#038;p=16228"},"modified":"2024-12-05T09:22:13","modified_gmt":"2024-12-05T08:22:13","slug":"wybrane-aspekty-bezpieczenstwa-socjalnego-panstwa-polskiego","status":"publish","type":"product","link":"http:\/\/ksiegarnia-akademicka.pl\/index.php\/product\/wybrane-aspekty-bezpieczenstwa-socjalnego-panstwa-polskiego\/","title":{"rendered":"Wybrane aspekty bezpiecze\u0144stwa socjalnego pa\u0144stwa polskiego"},"content":{"rendered":"<p>Autor: Katarzyna G\u0142\u0105bicka-auleitner<br \/>\nSeria: Monografie UTH<br \/>\nWydawnictwo: Wydawnictwo Uniwersytetu Technologiczno-Humanistycznego<br \/>\nRok wydania: 2023<br \/>\nIlo\u015b\u0107 stron: 109<\/p>\n<p>Spis tre\u015bci<br \/>\nWarto\u015bci i zasady bezpiecze\u0144stwa socjalnego,<br \/>\nBezpiecze\u0144stwo socjalne jako potrzeba pierwszego rz\u0119du,<br \/>\nSystem pomocy spo\u0142ecznej jako instytucjonalna gwarancja bezpiecze\u0144stwa socjalnego,<br \/>\nBezpiecze\u0144stwo socjalne rodzin,<br \/>\nBezpiecze\u0144stwo socjalne dzieci,<br \/>\nBezpiecze\u0144stwo socjalne senior\u00f3w,<br \/>\nBezpiecze\u0144stwo socjalne os\u00f3b z niepe\u0142nosprawno\u015bci\u0105,<br \/>\nBezpiecze\u0144stwo socjalne uchod\u017ac\u00f3w<\/p>\n","protected":false},"excerpt":{"rendered":"<p>Autor: Katarzyna G\u0142\u0105bicka-auleitner Seria: Monografie UTH Wydawnictwo: Wydawnictwo Uniwersytetu Technologiczno-Humanistycznego [&hellip;]<\/p>\n","protected":false},"featured_media":16229,"template":"","meta":[],"product_brand":[],"product_cat":[27,7510,8018,43],"product_tag":[8172,225,6402],"class_list":{"0":"post-16228","1":"product","2":"type-product","3":"status-publish","4":"has-post-thumbnail","6":"product_cat-nauki-spoleczne","7":"product_cat-polityka-spoleczna","8":"product_cat-prawo-i-administracja","9":"product_cat-wydawnictwo-uth","10":"product_tag-bezpieczenstwo-socjalne","11":"product_tag-polityka-spoleczna","12":"product_tag-seria-monografie-uth","14":"first","15":"instock","16":"shipping-taxable","17":"purchasable","18":"product-type-simple"},"_links":{"self":[{"href":"http:\/\/ksiegarnia-akademicka.pl\/index.php\/wp-json\/wp\/v2\/product\/16228","targetHints":{"allow":["GET"]}}],"collection":[{"href":"http:\/\/ksiegarnia-akademicka.pl\/index.php\/wp-json\/wp\/v2\/product"}],"about":[{"href":"http:\/\/ksiegarnia-akademicka.pl\/index.php\/wp-json\/wp\/v2\/types\/product"}],"wp:featuredmedia":[{"embeddable":true,"href":"http:\/\/ksiegarnia-akademicka.pl\/index.php\/wp-json\/wp\/v2\/media\/16229"}],"wp:attachment":[{"href":"http:\/\/ksiegarnia-akademicka.pl\/index.php\/wp-json\/wp\/v2\/media?parent=16228"}],"wp:term":[{"taxonomy":"product_brand","embeddable":true,"href":"http:\/\/ksiegarnia-akademicka.pl\/index.php\/wp-json\/wp\/v2\/product_brand?post=16228"},{"taxonomy":"product_cat","embeddable":true,"href":"http:\/\/ksiegarnia-akademicka.pl\/index.php\/wp-json\/wp\/v2\/product_cat?post=16228"},{"taxonomy":"product_tag","embeddable":true,"href":"http:\/\/ksiegarnia-akademicka.pl\/index.php\/wp-json\/wp\/v2\/product_tag?post=16228"}],"curies":[{"name":"wp","href":"https:\/\/api.w.org\/{rel}","templated":true}]}}