{"id":16193,"date":"2023-01-24T09:19:04","date_gmt":"2023-01-24T08:19:04","guid":{"rendered":"http:\/\/ksiegarnia-akademicka.pl\/?post_type=product&#038;p=16193"},"modified":"2023-01-24T09:19:06","modified_gmt":"2023-01-24T08:19:06","slug":"przeciwdzialanie-praniu-pieniedzy-oraz-finansowaniu-terroryzmu-komentarz","status":"publish","type":"product","link":"http:\/\/ksiegarnia-akademicka.pl\/index.php\/product\/przeciwdzialanie-praniu-pieniedzy-oraz-finansowaniu-terroryzmu-komentarz\/","title":{"rendered":"Przeciwdzia\u0142anie praniu pieni\u0119dzy oraz finansowaniu terroryzmu. Komentarz"},"content":{"rendered":"<p>Redakcja naukowa: Micha\u0142 Nowakowski<br \/>\nKarolina Ga\u0142\u0119zowska, Joanna Grynfelder, Rados\u0142aw Obczy\u0144ski, Andrzej Otto, Beata Paxford<br \/>\nWydawnictwo: Wolters Kluwer Polska<br \/>\nRok publikacji: 2023<br \/>\nWydanie: 1<br \/>\nLiczba stron: 540<br \/>\nSeria: Komentarze praktyczne<br \/>\nRodzaj: Komentarz<br \/>\nOk\u0142adka: twarda<br \/>\nFormat: B5<\/p>\n<p>Publikacja zawiera praktyczny komentarz do zagadnie\u0144 zwi\u0105zanych z ustaw\u0105 o przeciwdzia\u0142aniu praniu pieni\u0119dzy oraz finansowaniu terroryzmu. Odnosi si\u0119 przy tym do zmian maj\u0105cych na celu popraw\u0119 funkcjonowania systemu, wprowadzonych w zwi\u0105zku z implementacj\u0105 dyrektywy Parlamentu Europejskiego i Rady 2018\/843 z 30 maja 2018 r. zmieniaj\u0105cej dyrektyw\u0119 (UE) 2015\/849 w sprawie zapobiegania wykorzystywaniu systemu finansowego do prania pieni\u0119dzy lub finansowania terroryzmu oraz zmieniaj\u0105cej dyrektywy 2009\/138\/WE i 2013\/36\/UE.<\/p>\n<p>Autorzy omawiaj\u0105 m.in. zagadnienia dotycz\u0105ce:<br \/>\n&#8211; walut wirtualnych (kryptoaktyw\u00f3w),<br \/>\n&#8211; os\u00f3b zajmuj\u0105cych eksponowane stanowisko polityczne (PEP),<br \/>\n&#8211; stosowania \u015brodk\u00f3w bezpiecze\u0144stwa finansowego,<br \/>\n&#8211; wykorzystania nowych technologii na potrzeby wynikaj\u0105ce z omawianej ustawy.<\/p>\n<p>Ksi\u0105\u017cka jest przeznaczona dla pracownik\u00f3w instytucji obowi\u0105zanych do stosowania komentowanej ustawy, w tym m.in. bank\u00f3w, sp\u00f3\u0142dzielczych kas oszcz\u0119dno\u015bciowo-kredytowych, funduszy inwestycyjnych, kancelarii adwokackich i radcowskich oraz ksi\u0119gowych, notariuszy i doradc\u00f3w podatkowych. B\u0119dzie tak\u017ce przydatnym \u017ar\u00f3d\u0142em wiedzy dla s\u0119dzi\u00f3w, prokurator\u00f3w oraz urz\u0119dnik\u00f3w organ\u00f3w pa\u0144stwowych posiadaj\u0105cych uprawnienia kontrolne w zakresie przeciwdzia\u0142ania praniu pieni\u0119dzy i finansowaniu terroryzmu.<\/p>\n","protected":false},"excerpt":{"rendered":"<p>Redakcja naukowa: Micha\u0142 Nowakowski Karolina Ga\u0142\u0119zowska, Joanna Grynfelder, Rados\u0142aw Obczy\u0144ski, [&hellip;]<\/p>\n","protected":false},"featured_media":16194,"template":"","meta":[],"product_brand":[],"product_cat":[7490,22,18,23],"product_tag":[296,1055,4603],"class_list":{"0":"post-16193","1":"product","2":"type-product","3":"status-publish","4":"has-post-thumbnail","6":"product_cat-karne","7":"product_cat-podatki-i-prawo-podatkowe","8":"product_cat-prawo","9":"product_cat-rachunkowosc","10":"product_tag-prawo-karne","11":"product_tag-prawo-podatkowe","12":"product_tag-seria-komentarze-praktyczne","14":"first","15":"instock","16":"sale","17":"shipping-taxable","18":"purchasable","19":"product-type-simple"},"_links":{"self":[{"href":"http:\/\/ksiegarnia-akademicka.pl\/index.php\/wp-json\/wp\/v2\/product\/16193","targetHints":{"allow":["GET"]}}],"collection":[{"href":"http:\/\/ksiegarnia-akademicka.pl\/index.php\/wp-json\/wp\/v2\/product"}],"about":[{"href":"http:\/\/ksiegarnia-akademicka.pl\/index.php\/wp-json\/wp\/v2\/types\/product"}],"wp:featuredmedia":[{"embeddable":true,"href":"http:\/\/ksiegarnia-akademicka.pl\/index.php\/wp-json\/wp\/v2\/media\/16194"}],"wp:attachment":[{"href":"http:\/\/ksiegarnia-akademicka.pl\/index.php\/wp-json\/wp\/v2\/media?parent=16193"}],"wp:term":[{"taxonomy":"product_brand","embeddable":true,"href":"http:\/\/ksiegarnia-akademicka.pl\/index.php\/wp-json\/wp\/v2\/product_brand?post=16193"},{"taxonomy":"product_cat","embeddable":true,"href":"http:\/\/ksiegarnia-akademicka.pl\/index.php\/wp-json\/wp\/v2\/product_cat?post=16193"},{"taxonomy":"product_tag","embeddable":true,"href":"http:\/\/ksiegarnia-akademicka.pl\/index.php\/wp-json\/wp\/v2\/product_tag?post=16193"}],"curies":[{"name":"wp","href":"https:\/\/api.w.org\/{rel}","templated":true}]}}