{"id":16174,"date":"2023-01-23T11:17:50","date_gmt":"2023-01-23T10:17:50","guid":{"rendered":"http:\/\/ksiegarnia-akademicka.pl\/?post_type=product&#038;p=16174"},"modified":"2024-12-05T09:04:08","modified_gmt":"2024-12-05T08:04:08","slug":"ustawa-o-krajowym-rejestrze-zadluzonych-komentarz","status":"publish","type":"product","link":"http:\/\/ksiegarnia-akademicka.pl\/index.php\/product\/ustawa-o-krajowym-rejestrze-zadluzonych-komentarz\/","title":{"rendered":"Ustawa o Krajowym Rejestrze Zad\u0142u\u017conych. Komentarz"},"content":{"rendered":"<p>Autor: dr hab. Izabella Gil prof. nadzw. UWr , prof. dr hab. Jacek Go\u0142aczy\u0144ski, adw. dr \u0141ukasz Go\u017adziaszek, mgr Krystyna Rogala<br \/>\nWydawnictwo: C.H. Beck<br \/>\nSeria: Kr\u00f3tkie Komentarze Becka<br \/>\nRok wydania: 2022<br \/>\nOprawa: Mi\u0119kka<br \/>\nLiczba stron: 336<br \/>\nWymiary: 145&#215;205 mm<br \/>\nWaga: 410 g<br \/>\nISBN: 978-83-8291-588-4<\/p>\n<p>Krajowy Rejestr Zad\u0142u\u017conych to og\u00f3lnodost\u0119pny, jawny i bezp\u0142atny rejestr, prowadzony w systemie teleinformatycznym przez Ministra Sprawiedliwo\u015bci, w kt\u00f3rym ujawnia si\u0119 dane dotycz\u0105ce d\u0142u\u017cnik\u00f3w niewyp\u0142acalnych, d\u0142u\u017cnik\u00f3w zagro\u017conych niewyp\u0142acalno\u015bci\u0105 lub d\u0142u\u017cnik\u00f3w, wobec kt\u00f3rych umorzono bezskuteczn\u0105 egzekucj\u0119.<\/p>\n<p>Prezentowana publikacja to komentarz do ustawy z 6.12.2018 r. o Krajowym Rejestrze Zad\u0142u\u017conych (t.j. Dz.U. z 2021 r. poz. 1909 ze zm.), kt\u00f3ry w kompleksowy i wnikliwy spos\u00f3b omawia wprowadzone uregulowania. W opracowaniu uwzgl\u0119dniono aktualny stan prawny, a tak\u017ce najnowsze orzecznictwo.<\/p>\n<p>W komentarzu zawarto om\u00f3wiono zagadnienia takie jak:<\/p>\n<p>organ prowadz\u0105cy Rejestr;<br \/>\nrejestr upad\u0142o\u015bci;<br \/>\nzakres informacji ujawnianych w Rejestrze;<br \/>\nzaprzestanie ujawniania danych w Rejestrze;<br \/>\njawno\u015b\u0107 Rejestru;<br \/>\ns\u0105d w\u0142a\u015bciwy do rozpoznania wniosku zarz\u0105dcy lub d\u0142u\u017cnika sprawuj\u0105cego zarz\u0105d w\u0142asny maj\u0105tkiem.<br \/>\nKomentarz przeznaczony jest przede wszystkim dla praktyk\u00f3w: s\u0119dzi\u00f3w, adwokat\u00f3w, radc\u00f3w prawnych, komornik\u00f3w, a tak\u017ce wszystkich zainteresowanych powy\u017csz\u0105 tematyk\u0105.<\/p>\n","protected":false},"excerpt":{"rendered":"<p>Autor: dr hab. Izabella Gil prof. nadzw. UWr , prof. [&hellip;]<\/p>\n","protected":false},"featured_media":16175,"template":"","meta":[],"product_brand":[],"product_cat":[7495,18],"product_tag":[428,7712,2192,5166],"class_list":{"0":"post-16174","1":"product","2":"type-product","3":"status-publish","4":"has-post-thumbnail","6":"product_cat-gospodarcze-i-handlowe","7":"product_cat-prawo","8":"product_tag-prawo-gospodarcze","9":"product_tag-prawo-restrukturyzacyjne","10":"product_tag-prawo-upadlosciowe","11":"product_tag-seria-krotkie-komentarze-becka","13":"first","14":"instock","15":"sale","16":"shipping-taxable","17":"purchasable","18":"product-type-simple"},"_links":{"self":[{"href":"http:\/\/ksiegarnia-akademicka.pl\/index.php\/wp-json\/wp\/v2\/product\/16174","targetHints":{"allow":["GET"]}}],"collection":[{"href":"http:\/\/ksiegarnia-akademicka.pl\/index.php\/wp-json\/wp\/v2\/product"}],"about":[{"href":"http:\/\/ksiegarnia-akademicka.pl\/index.php\/wp-json\/wp\/v2\/types\/product"}],"wp:featuredmedia":[{"embeddable":true,"href":"http:\/\/ksiegarnia-akademicka.pl\/index.php\/wp-json\/wp\/v2\/media\/16175"}],"wp:attachment":[{"href":"http:\/\/ksiegarnia-akademicka.pl\/index.php\/wp-json\/wp\/v2\/media?parent=16174"}],"wp:term":[{"taxonomy":"product_brand","embeddable":true,"href":"http:\/\/ksiegarnia-akademicka.pl\/index.php\/wp-json\/wp\/v2\/product_brand?post=16174"},{"taxonomy":"product_cat","embeddable":true,"href":"http:\/\/ksiegarnia-akademicka.pl\/index.php\/wp-json\/wp\/v2\/product_cat?post=16174"},{"taxonomy":"product_tag","embeddable":true,"href":"http:\/\/ksiegarnia-akademicka.pl\/index.php\/wp-json\/wp\/v2\/product_tag?post=16174"}],"curies":[{"name":"wp","href":"https:\/\/api.w.org\/{rel}","templated":true}]}}