{"id":16172,"date":"2023-01-23T11:12:44","date_gmt":"2023-01-23T10:12:44","guid":{"rendered":"http:\/\/ksiegarnia-akademicka.pl\/?post_type=product&#038;p=16172"},"modified":"2024-12-05T09:04:20","modified_gmt":"2024-12-05T08:04:20","slug":"redakcja-prof-dr-hab-mariusz-zalucki","status":"publish","type":"product","link":"http:\/\/ksiegarnia-akademicka.pl\/index.php\/product\/redakcja-prof-dr-hab-mariusz-zalucki\/","title":{"rendered":"Kodeks rodzinny i opieku\u0144czy. Komentarz"},"content":{"rendered":"<p>Redakcja: prof. dr hab. Mariusz Za\u0142ucki<br \/>\nWydawnictwo: C.H. Beck<br \/>\nSeria: Komentarze Kompaktowe<br \/>\nRok wydania: 2022<br \/>\nOprawa: Twarda<br \/>\nLiczba stron: 864<br \/>\nWymiary: 160&#215;240 mm<br \/>\nWaga: 1420 g<br \/>\nISBN: 978-83-8291-085-8<\/p>\n<p>Pierwsze wydanie jednotomowego komentarza pod redakcj\u0105 prof. dr. hab. Mariusza Za\u0142uckiego, w spos\u00f3b szczeg\u00f3\u0142owy oraz praktyczny omawia przepisy ustawy z 25.2.1964 r. \u2013 Kodeks rodziny i opieku\u0144czy.<\/p>\n<p>Publikacja omawia zagadnienia dotycz\u0105ce m.in.:<\/p>\n<p>ma\u0142\u017ce\u0144stwa (zawarcie i ustanie ma\u0142\u017ce\u0144stwa, prawa i obowi\u0105zki ma\u0142\u017conk\u00f3w);<br \/>\npokrewie\u0144stwa i powinowactwa (pochodzenie dziecka i w\u0142adza rodzicielska, piecza zast\u0119pcza, kontakty z dzieckiem);<br \/>\nobowi\u0105zku alimentacyjnego;<br \/>\nma\u0142\u017ce\u0144skich ustroj\u00f3w maj\u0105tkowych (ustawowy, umowny, wsp\u00f3lno\u015b\u0107 i rozdzielno\u015b\u0107 maj\u0105tkowa, a tak\u017ce przymusowy ustr\u00f3j maj\u0105tkowy);<br \/>\nopieki i kurateli (opieka nad ma\u0142oletnim, nadz\u00f3r nad sprawowaniem opieki, zwolnienie opiekuna i ustanie opieki, opieka nad ubezw\u0142asnowolnionym ca\u0142kowicie);<br \/>\nrozwodu i separacji.<br \/>\nKomentarz w spos\u00f3b jasny i przejrzysty pozwala na rozwi\u0105zanie pojawiaj\u0105cych si\u0119 w praktyce problem\u00f3w zwi\u0105zanych z wyk\u0142adni\u0105 przepis\u00f3w zawartych w KRO.<\/p>\n<p>Dla wygody Czytelnik\u00f3w, u\u0142atwiaj\u0105c szybk\u0105 orientacj\u0119 w tek\u015bcie, Komentarz wyr\u00f3\u017cnia si\u0119 szczeg\u00f3\u0142ow\u0105 struktur\u0105 wewn\u0119trzn\u0105, z precyzyjnym, przejrzystym i jednolitym podzia\u0142em zagadnie\u0144.<\/p>\n<p>Komentarz adresowany jest w szczeg\u00f3lno\u015bci do praktyk\u00f3w prawa (adwokat\u00f3w, radc\u00f3w prawnych, s\u0119dzi\u00f3w), ale tak\u017ce dla kurator\u00f3w s\u0105dowych, s\u0119dzi\u00f3w rodzinnych, pracownik\u00f3w socjalnych, pedagog\u00f3w, psycholog\u00f3w oraz rodzic\u00f3w ma\u0142oletnich, kt\u00f3rzy w zwi\u0105zku z wychowywaniem dzieci maj\u0105 problemy natury prawnej.<\/p>\n<p>Komentarz stanowi r\u00f3wnie\u017c nieocenion\u0105 pomoc dla doktorant\u00f3w, aplikant\u00f3w zawod\u00f3w prawniczych i student\u00f3w.<\/p>\n<p>Stan prawny: 1.01.2023 r.<\/p>\n","protected":false},"excerpt":{"rendered":"<p>Redakcja: prof. dr hab. Mariusz Za\u0142ucki Wydawnictwo: C.H. Beck Seria: [&hellip;]<\/p>\n","protected":false},"featured_media":16173,"template":"","meta":[],"product_brand":[],"product_cat":[7491,18],"product_tag":[615,4584,6849],"class_list":{"0":"post-16172","1":"product","2":"type-product","3":"status-publish","4":"has-post-thumbnail","6":"product_cat-cywilne","7":"product_cat-prawo","8":"product_tag-prawo-cywilne","9":"product_tag-prawo-rodzinne-i-opiekuncze","10":"product_tag-seria-komentarze-kompaktowe","12":"first","13":"instock","14":"sale","15":"shipping-taxable","16":"purchasable","17":"product-type-simple"},"_links":{"self":[{"href":"http:\/\/ksiegarnia-akademicka.pl\/index.php\/wp-json\/wp\/v2\/product\/16172","targetHints":{"allow":["GET"]}}],"collection":[{"href":"http:\/\/ksiegarnia-akademicka.pl\/index.php\/wp-json\/wp\/v2\/product"}],"about":[{"href":"http:\/\/ksiegarnia-akademicka.pl\/index.php\/wp-json\/wp\/v2\/types\/product"}],"wp:featuredmedia":[{"embeddable":true,"href":"http:\/\/ksiegarnia-akademicka.pl\/index.php\/wp-json\/wp\/v2\/media\/16173"}],"wp:attachment":[{"href":"http:\/\/ksiegarnia-akademicka.pl\/index.php\/wp-json\/wp\/v2\/media?parent=16172"}],"wp:term":[{"taxonomy":"product_brand","embeddable":true,"href":"http:\/\/ksiegarnia-akademicka.pl\/index.php\/wp-json\/wp\/v2\/product_brand?post=16172"},{"taxonomy":"product_cat","embeddable":true,"href":"http:\/\/ksiegarnia-akademicka.pl\/index.php\/wp-json\/wp\/v2\/product_cat?post=16172"},{"taxonomy":"product_tag","embeddable":true,"href":"http:\/\/ksiegarnia-akademicka.pl\/index.php\/wp-json\/wp\/v2\/product_tag?post=16172"}],"curies":[{"name":"wp","href":"https:\/\/api.w.org\/{rel}","templated":true}]}}