{"id":16095,"date":"2023-01-17T09:19:22","date_gmt":"2023-01-17T08:19:22","guid":{"rendered":"http:\/\/ksiegarnia-akademicka.pl\/?post_type=product&#038;p=16095"},"modified":"2024-12-05T09:06:54","modified_gmt":"2024-12-05T08:06:54","slug":"w-kalejdoskopie-negocjacji-miedzynarodowych","status":"publish","type":"product","link":"http:\/\/ksiegarnia-akademicka.pl\/index.php\/product\/w-kalejdoskopie-negocjacji-miedzynarodowych\/","title":{"rendered":"W kalejdoskopie negocjacji mi\u0119dzynarodowych"},"content":{"rendered":"<p>Redakcja: Biele\u0144 Stanis\u0142aw<br \/>\nWydawca: Aspra<br \/>\nOprawa: Mi\u0119kka ze skrzyde\u0142kami<br \/>\nLiczba stron: 240<br \/>\nRok wydania: 2023<br \/>\nJ\u0119zyk wydania: polski<\/p>\n<p>Intencj\u0105 Autor\u00f3w niniejszego zbioru nie by\u0142a systematyczna i rozleg\u0142a analiza teorii i praktyki negocjacji mi\u0119dzynarodowych, a jedynie ich wybranych aspekt\u00f3w, kt\u00f3re z r\u00f3\u017cnych powod\u00f3w znalaz\u0142y si\u0119 w orbicie ich zainteresowa\u0144. Wyb\u00f3r zagadnie\u0144, kt\u00f3re zawarto w prezentowanym zbiorze, z natury rzeczy ma zatem charakter subiektywny i arbitralny, co nie jest bynajmniej zarzutem, gdy\u017c w zamian otrzymujemy zgrabny zestaw syntetycznych tekst\u00f3w, kt\u00f3rych Autorzy dziel\u0105 si\u0119 swoj\u0105 wiedz\u0105 na takie tematy, jak komunikacja niewerbalna, style komunikacyjne i negocjacyjne (m. in. chi\u0144ski, korea\u0144ski, arabski), konteksty kulturowe, czy te\u017c refleksjami og\u00f3lniejszej natury co do samej sztuki negocjowania, czy zwi\u0105zk\u00f3w mi\u0119dzy wojn\u0105 i negocjacjami. Oddawany do r\u0105k Czytelnik\u00f3w zbi\u00f3r mo\u017ce by\u0107 zatem przydatny zar\u00f3wno dla student\u00f3w i badaczy, jak i praktyk\u00f3w. Pozwala te\u017c lepiej zrozumie\u0107 warto\u015b\u0107 nieustannego poszerzania wiedzy dla doskonalenia warsztatu, aby poprawia\u0107 skuteczno\u015b\u0107 negocjacyjn\u0105. Pozostaje mie\u0107 nadziej\u0119, \u017ce lepsze zrozumienie negocjacji, jako jednego z g\u0142\u00f3wnych narz\u0119dzi dyplomacji, przyczyni si\u0119 do zwi\u0119kszenia efektywno\u015bci tego procesu i uczyni go rzeczywist\u0105 alternatyw\u0105 dla dzia\u0142a\u0144 wojennych.<br \/>\nZ recenzji wydawniczej Prof. dr hab. Jolanty Bry\u0142y<\/p>\n<p>Autor i jednocze\u015bnie redaktor tomu z zespo\u0142em m\u0142odych badaczy jest zwolennikiem rozwijania w stosunkach mi\u0119dzynarodowych szerokiego dialogu i podejmowania wielostronnych dzia\u0142a\u0144 dyplomatycznych z niezb\u0119dnymi, dobrze przygotowanymi negocjacjami. Temu celowi powinna s\u0142u\u017cy\u0107 edukacja i upowszechnianie wiedzy o tych instrumentach budowania porozumie\u0144 i osi\u0105gania trudnych kompromis\u00f3w. Recenzowana publikacja ma niew\u0105tpliwie oryginalne walory poznawcze i edukacyjne. Jej autorzy przekonuj\u0105, \u017ce \u017caden porz\u0105dek mi\u0119dzynarodowy nie przetrwa d\u0142u\u017cej, je\u015bli zostanie podyktowany lub narzucony si\u0142\u0105. Jedynie \u0142ad wynegocjowany z udzia\u0142em pa\u0144stw i podmiot\u00f3w niepa\u0144stwowych ma szans\u0119 przetrwa\u0107 i sprosta\u0107 rozmaitym wyzwaniom oraz poradzi\u0107 sobie z rosn\u0105cymi zagro\u017ceniami, w tym z wojn\u0105.<br \/>\nZ recenzji wydawniczej Prof. dr. hab. Kazimierza \u0141astawskiego<\/p>\n","protected":false},"excerpt":{"rendered":"<p>Redakcja: Biele\u0144 Stanis\u0142aw Wydawca: Aspra Oprawa: Mi\u0119kka ze skrzyde\u0142kami Liczba [&hellip;]<\/p>\n","protected":false},"featured_media":16096,"template":"","meta":[],"product_brand":[],"product_cat":[27,7507,7994],"product_tag":[559],"class_list":{"0":"post-16095","1":"product","2":"type-product","3":"status-publish","4":"has-post-thumbnail","6":"product_cat-nauki-spoleczne","7":"product_cat-politologia","8":"product_cat-poradniki","9":"product_tag-negocjacje","11":"first","12":"instock","13":"sale","14":"shipping-taxable","15":"purchasable","16":"product-type-simple"},"_links":{"self":[{"href":"http:\/\/ksiegarnia-akademicka.pl\/index.php\/wp-json\/wp\/v2\/product\/16095","targetHints":{"allow":["GET"]}}],"collection":[{"href":"http:\/\/ksiegarnia-akademicka.pl\/index.php\/wp-json\/wp\/v2\/product"}],"about":[{"href":"http:\/\/ksiegarnia-akademicka.pl\/index.php\/wp-json\/wp\/v2\/types\/product"}],"wp:featuredmedia":[{"embeddable":true,"href":"http:\/\/ksiegarnia-akademicka.pl\/index.php\/wp-json\/wp\/v2\/media\/16096"}],"wp:attachment":[{"href":"http:\/\/ksiegarnia-akademicka.pl\/index.php\/wp-json\/wp\/v2\/media?parent=16095"}],"wp:term":[{"taxonomy":"product_brand","embeddable":true,"href":"http:\/\/ksiegarnia-akademicka.pl\/index.php\/wp-json\/wp\/v2\/product_brand?post=16095"},{"taxonomy":"product_cat","embeddable":true,"href":"http:\/\/ksiegarnia-akademicka.pl\/index.php\/wp-json\/wp\/v2\/product_cat?post=16095"},{"taxonomy":"product_tag","embeddable":true,"href":"http:\/\/ksiegarnia-akademicka.pl\/index.php\/wp-json\/wp\/v2\/product_tag?post=16095"}],"curies":[{"name":"wp","href":"https:\/\/api.w.org\/{rel}","templated":true}]}}