{"id":16083,"date":"2023-01-17T09:01:02","date_gmt":"2023-01-17T08:01:02","guid":{"rendered":"http:\/\/ksiegarnia-akademicka.pl\/?post_type=product&#038;p=16083"},"modified":"2023-01-17T09:01:03","modified_gmt":"2023-01-17T08:01:03","slug":"miedzynarodowe-prawo-rodzinne-filiacja-piecza-nad-dzieckiem-alimentacja","status":"publish","type":"product","link":"http:\/\/ksiegarnia-akademicka.pl\/index.php\/product\/miedzynarodowe-prawo-rodzinne-filiacja-piecza-nad-dzieckiem-alimentacja\/","title":{"rendered":"Mi\u0119dzynarodowe prawo rodzinne Filiacja. Piecza nad dzieckiem. Alimentacja"},"content":{"rendered":"<p>Redakcja: Mostowik Piotr<br \/>\nWydawca: Wolters Kluwer<br \/>\nOprawa: Twarda<br \/>\nFormat: 17.6&#215;25.0cm<br \/>\nLiczba stron: 736<br \/>\nWydanie: 1<br \/>\nRok wydania: 2023<br \/>\nJ\u0119zyk wydania: polski<\/p>\n<p>Publikacja dotyczy zagadnie\u0144 mi\u0119dzynarodowego prawa rodzinnego. Zawarto\u015b\u0107 i uk\u0142ad ksi\u0105\u017cki wynikaj\u0105 z praktycznego podej\u015bcia do spraw z elementem zagranicznym, przyk\u0142adowo takich, w kt\u00f3rych dziecko zamieszkuje w innym pa\u0144stwie ni\u017c jego matka, ojciec lub \u2013 za terminologi\u0105 przyj\u0119t\u0105 w umowach mi\u0119dzynarodowych \u2013 inny podmiot odpowiedzialno\u015bci rodzicielskiej. Regulowane s\u0105 przez normy o r\u00f3\u017cnych zakresach, funkcjach i genezie, a \u0142\u0105czy je okoliczno\u015b\u0107, \u017ce w praktyce znajduj\u0105 zastosowanie w sytuacjach mi\u0119dzynarodowych (transgranicznych).<\/p>\n<p>W publikacji om\u00f3wiono takie kwestie, jak:<br \/>\n&#8211; filiacja, czyli prawne pochodzenie dziecka, w tym uznanie i s\u0105dowe ustalenie oraz praktyk\u0119 rejestracji stanu cywilnego;<br \/>\n&#8211; bie\u017c\u0105ce relacje mi\u0119dzy matk\u0105 i ojcem a dzieckiem, czyli w\u0142adz\u0119 rodzicielsk\u0105, kontakty z dzieckiem, opiek\u0119 prawn\u0105 i kuratel\u0119, problemy prawne w razie uprowadzenia dziecka za granic\u0119;<br \/>\n&#8211; obowi\u0105zek alimentacyjny i dochodzenie aliment\u00f3w w sytuacjach mi\u0119dzynarodowych.<\/p>\n<p>Publikacja swoim zakresem obejmuje te\u017c w\u0119z\u0142owe zagadnienia materialnoprawne, w szczeg\u00f3lno\u015bci kwesti\u0119 podstawowych zasad krajowego porz\u0105dku prawnego, do kt\u00f3rych odnosz\u0105 si\u0119 przepisy kolizyjne i z zakresu mi\u0119dzynarodowego post\u0119powania cywilnego, rozw\u00f3j jurysdykcyjnego i kolizyjnego \u0142\u0105cznika zwyk\u0142ego (sta\u0142ego) pobytu dziecka oraz wybrane kwestie post\u0119powania cywilnego w sprawach rodzinnych, ze szczeg\u00f3lnym uwzgl\u0119dnieniem mediacji oraz post\u0119powania w razie uprowadzenia dziecka za granic\u0119. Przedstawiono tak\u017ce mi\u0119dzypa\u0144stwow\u0105 wsp\u00f3\u0142prac\u0119 w sprawach transgranicznych (w tym pomoc prawn\u0105), dorobek Organizacji Narod\u00f3w Zjednoczonych i Rady Europy, jak te\u017c zagadnienia mi\u0119dzynarodowego prawa karnego.<\/p>\n<p>Publikacja w spos\u00f3b kompleksowy uwzgl\u0119dnia przepisy krajowego (w tym prawa prywatnego mi\u0119dzynarodowego i kodeksu post\u0119powania cywilnego), konwencje haskie ( w tym z lat 1980, 1996 i 2007) oraz rozporz\u0105dzenia unijne (w tym 2019\/1111) wraz z projektowanymi na 2023 r. w tym zakresie zmianami ustawodawczymi.<\/p>\n<p>Ksi\u0105\u017cka jest przeznaczona przede wszystkim dla adwokat\u00f3w, radc\u00f3w prawnych i s\u0119dzi\u00f3w, a tak\u017ce notariuszy i komornik\u00f3w oraz pracownik\u00f3w urz\u0119d\u00f3w stanu cywilnego.<\/p>\n","protected":false},"excerpt":{"rendered":"<p>Redakcja: Mostowik Piotr Wydawca: Wolters Kluwer Oprawa: Twarda Format: 17.6&#215;25.0cm [&hellip;]<\/p>\n","protected":false},"featured_media":16084,"template":"","meta":[],"product_brand":[],"product_cat":[7491,18],"product_tag":[615,645,4745],"class_list":{"0":"post-16083","1":"product","2":"type-product","3":"status-publish","4":"has-post-thumbnail","6":"product_cat-cywilne","7":"product_cat-prawo","8":"product_tag-prawo-cywilne","9":"product_tag-prawo-rodzinne","10":"product_tag-seria-biblioteka-sadowa-2","12":"first","13":"instock","14":"sale","15":"shipping-taxable","16":"purchasable","17":"product-type-simple"},"_links":{"self":[{"href":"http:\/\/ksiegarnia-akademicka.pl\/index.php\/wp-json\/wp\/v2\/product\/16083","targetHints":{"allow":["GET"]}}],"collection":[{"href":"http:\/\/ksiegarnia-akademicka.pl\/index.php\/wp-json\/wp\/v2\/product"}],"about":[{"href":"http:\/\/ksiegarnia-akademicka.pl\/index.php\/wp-json\/wp\/v2\/types\/product"}],"wp:featuredmedia":[{"embeddable":true,"href":"http:\/\/ksiegarnia-akademicka.pl\/index.php\/wp-json\/wp\/v2\/media\/16084"}],"wp:attachment":[{"href":"http:\/\/ksiegarnia-akademicka.pl\/index.php\/wp-json\/wp\/v2\/media?parent=16083"}],"wp:term":[{"taxonomy":"product_brand","embeddable":true,"href":"http:\/\/ksiegarnia-akademicka.pl\/index.php\/wp-json\/wp\/v2\/product_brand?post=16083"},{"taxonomy":"product_cat","embeddable":true,"href":"http:\/\/ksiegarnia-akademicka.pl\/index.php\/wp-json\/wp\/v2\/product_cat?post=16083"},{"taxonomy":"product_tag","embeddable":true,"href":"http:\/\/ksiegarnia-akademicka.pl\/index.php\/wp-json\/wp\/v2\/product_tag?post=16083"}],"curies":[{"name":"wp","href":"https:\/\/api.w.org\/{rel}","templated":true}]}}