{"id":15981,"date":"2022-12-14T09:36:18","date_gmt":"2022-12-14T08:36:18","guid":{"rendered":"http:\/\/ksiegarnia-akademicka.pl\/?post_type=product&#038;p=15981"},"modified":"2024-12-05T09:07:27","modified_gmt":"2024-12-05T08:07:27","slug":"wraz-czyli-bez-opowiadania-i-listy-z-krainy-nonsensu","status":"publish","type":"product","link":"http:\/\/ksiegarnia-akademicka.pl\/index.php\/product\/wraz-czyli-bez-opowiadania-i-listy-z-krainy-nonsensu\/","title":{"rendered":"Wraz czyli bez Opowiadania i listy z krainy nonsensu"},"content":{"rendered":"<p>Autor:<br \/>\nJeremi Przybora<br \/>\nWydawca: Znak<br \/>\nOprawa: Twarda<br \/>\nFormat: 14.0&#215;20.5cm<br \/>\nLiczba stron: 288<br \/>\nWydanie: 1<br \/>\nRok wydania: 2022<br \/>\nJ\u0119zyk wydania: polski<\/p>\n<p>Kr\u00f3lestwo absurdu mistrza Przybory Siostra Odorata z zakonu si\u00f3str solenizantek, przed kt\u00f3r\u0105 skry\u0107 si\u0119 mo\u017cna jedynie w klasztorze Ojc\u00f3w Azylian\u00f3w. Czuj\u0105ce zagubienie w g\u00f3rach owczarki nizinne oraz serdelteriery, co to nie bior\u0105 do ust par\u00f3wek. I wreszcie dentysta, kt\u00f3ry wie, jak odr\u00f3\u017cni\u0107 prawdziwego m\u0119\u017cczyzn\u0119 od mi\u0119czaka. Jeremi Przybora \u2013 wirtuoz s\u0142owa, artysta o wyj\u0105tkowej wyobra\u017ani, poeta uwielbiany przez pokolenia \u2013 zaprasza nas do \u015bwiata, w kt\u00f3rym kr\u00f3luje purnonsens.<br \/>\nNieszablonowego wyboru dokona\u0142 Micha\u0142 Rusinek, znawca nonsensu we wszelkiej postaci, sam nale\u017c\u0105cy do plemienia przyborian. Nietuzinkowe skojarzenia, absurdy, popis j\u0119zykowego kunsztu i dowcipu. Bo zdrowy rozs\u0105dek jest pass\u00e9! Stanis\u0142aw Bara\u0144czak pisa\u0142, \u017ce purnonsensowa tw\u00f3rczo\u015b\u0107 Jeremiego Przybory pomog\u0142a ludziom wyj\u015b\u0107 \u201eprawie bez szwanku\u201d z ci\u0119\u017ckiego nonsensu PRL-u. Ja natomiast jestem g\u0142\u0119boko przekonany, \u017ce ta tw\u00f3rczo\u015b\u0107 mo\u017ce tak\u017ce pom\u00f3c przetrwa\u0107 nonsensy wsp\u00f3\u0142czesnej polskiej rzeczywisto\u015bci.<br \/>\nfragment Wst\u0119pu Micha\u0142a Rusinka<\/p>\n","protected":false},"excerpt":{"rendered":"<p>Autor: Jeremi Przybora Wydawca: Znak Oprawa: Twarda Format: 14.0&#215;20.5cm Liczba [&hellip;]<\/p>\n","protected":false},"featured_media":15982,"template":"","meta":[],"product_brand":[],"product_cat":[7707],"product_tag":[6300],"class_list":{"0":"post-15981","1":"product","2":"type-product","3":"status-publish","4":"has-post-thumbnail","6":"product_cat-literatura","7":"product_tag-literatura-polska","9":"first","10":"instock","11":"sale","12":"shipping-taxable","13":"purchasable","14":"product-type-simple"},"_links":{"self":[{"href":"http:\/\/ksiegarnia-akademicka.pl\/index.php\/wp-json\/wp\/v2\/product\/15981","targetHints":{"allow":["GET"]}}],"collection":[{"href":"http:\/\/ksiegarnia-akademicka.pl\/index.php\/wp-json\/wp\/v2\/product"}],"about":[{"href":"http:\/\/ksiegarnia-akademicka.pl\/index.php\/wp-json\/wp\/v2\/types\/product"}],"wp:featuredmedia":[{"embeddable":true,"href":"http:\/\/ksiegarnia-akademicka.pl\/index.php\/wp-json\/wp\/v2\/media\/15982"}],"wp:attachment":[{"href":"http:\/\/ksiegarnia-akademicka.pl\/index.php\/wp-json\/wp\/v2\/media?parent=15981"}],"wp:term":[{"taxonomy":"product_brand","embeddable":true,"href":"http:\/\/ksiegarnia-akademicka.pl\/index.php\/wp-json\/wp\/v2\/product_brand?post=15981"},{"taxonomy":"product_cat","embeddable":true,"href":"http:\/\/ksiegarnia-akademicka.pl\/index.php\/wp-json\/wp\/v2\/product_cat?post=15981"},{"taxonomy":"product_tag","embeddable":true,"href":"http:\/\/ksiegarnia-akademicka.pl\/index.php\/wp-json\/wp\/v2\/product_tag?post=15981"}],"curies":[{"name":"wp","href":"https:\/\/api.w.org\/{rel}","templated":true}]}}