{"id":15972,"date":"2022-12-12T15:41:15","date_gmt":"2022-12-12T14:41:15","guid":{"rendered":"http:\/\/ksiegarnia-akademicka.pl\/?post_type=product&#038;p=15972"},"modified":"2022-12-12T15:41:16","modified_gmt":"2022-12-12T14:41:16","slug":"bajki-filozoficzne","status":"publish","type":"product","link":"http:\/\/ksiegarnia-akademicka.pl\/index.php\/product\/bajki-filozoficzne\/","title":{"rendered":"Bajki filozoficzne"},"content":{"rendered":"<p>Autor:<br \/>\nMichel Piquemal<br \/>\nT\u0142umacze: Sobieraj Helena<br \/>\nIlustracje: Malmon Agnieszka<br \/>\nWydawca: Muchomor<br \/>\nOprawa: Twarda<br \/>\nFormat: 20.8&#215;14.0cm<br \/>\nLiczba stron: 72<br \/>\nRok wydania: 2022<br \/>\nJ\u0119zyk wydania: polski<\/p>\n<p>&#8222;Bajki filozoficzne&#8221; to pierwszy tom bestselerowej serii, kt\u00f3ra uczy krytycznego my\u015blenia. Przedstawiamy 60 bajek i przypowie\u015bci zaczerpni\u0119tych z filozofii zachodniej, m\u0105dro\u015bci Wschodu, mitologii. Do ka\u017cdej do\u0142\u0105czyli\u015bmy komentarz, kt\u00f3ry wprowadzi Ci\u0119 do pracowni filozofa. A tam\u2026 Mo\u017cesz wykroczy\u0107 poza dos\u0142owne znaczenie bajki, mo\u017cesz stawia\u0107 pytania i szuka\u0107 odpowiedzi, mo\u017cesz dyskutowa\u0107 z kolegami, rodzicami, nauczycielami. Czym jest dobro? Czym prawda? Jaka jest cena wolno\u015bci? Mo\u017cesz pozna\u0107 opowie\u015b\u0107 Sokratesa &#8222;Trzy sita&#8221;, przeczyta\u0107 bajk\u0119 Schopenhauera, pozna\u0107 opowie\u015bci z dalekich Chin i Persji.<\/p>\n","protected":false},"excerpt":{"rendered":"<p>Autor: Michel Piquemal T\u0142umacze: Sobieraj Helena Ilustracje: Malmon Agnieszka Wydawca: [&hellip;]<\/p>\n","protected":false},"featured_media":15973,"template":"","meta":[],"product_brand":[],"product_cat":[7506,27],"product_tag":[233],"class_list":{"0":"post-15972","1":"product","2":"type-product","3":"status-publish","4":"has-post-thumbnail","6":"product_cat-filozofia","7":"product_cat-nauki-spoleczne","8":"product_tag-filozofia","10":"first","11":"instock","12":"sale","13":"shipping-taxable","14":"purchasable","15":"product-type-simple"},"_links":{"self":[{"href":"http:\/\/ksiegarnia-akademicka.pl\/index.php\/wp-json\/wp\/v2\/product\/15972","targetHints":{"allow":["GET"]}}],"collection":[{"href":"http:\/\/ksiegarnia-akademicka.pl\/index.php\/wp-json\/wp\/v2\/product"}],"about":[{"href":"http:\/\/ksiegarnia-akademicka.pl\/index.php\/wp-json\/wp\/v2\/types\/product"}],"wp:featuredmedia":[{"embeddable":true,"href":"http:\/\/ksiegarnia-akademicka.pl\/index.php\/wp-json\/wp\/v2\/media\/15973"}],"wp:attachment":[{"href":"http:\/\/ksiegarnia-akademicka.pl\/index.php\/wp-json\/wp\/v2\/media?parent=15972"}],"wp:term":[{"taxonomy":"product_brand","embeddable":true,"href":"http:\/\/ksiegarnia-akademicka.pl\/index.php\/wp-json\/wp\/v2\/product_brand?post=15972"},{"taxonomy":"product_cat","embeddable":true,"href":"http:\/\/ksiegarnia-akademicka.pl\/index.php\/wp-json\/wp\/v2\/product_cat?post=15972"},{"taxonomy":"product_tag","embeddable":true,"href":"http:\/\/ksiegarnia-akademicka.pl\/index.php\/wp-json\/wp\/v2\/product_tag?post=15972"}],"curies":[{"name":"wp","href":"https:\/\/api.w.org\/{rel}","templated":true}]}}