{"id":15970,"date":"2022-12-12T15:39:06","date_gmt":"2022-12-12T14:39:06","guid":{"rendered":"http:\/\/ksiegarnia-akademicka.pl\/?post_type=product&#038;p=15970"},"modified":"2022-12-12T15:39:08","modified_gmt":"2022-12-12T14:39:08","slug":"powrot-do-uluru","status":"publish","type":"product","link":"http:\/\/ksiegarnia-akademicka.pl\/index.php\/product\/powrot-do-uluru\/","title":{"rendered":"Powr\u00f3t do Uluru"},"content":{"rendered":"<p>Autor:<br \/>\nMark McKenna<br \/>\nT\u0142umacze: Ga\u0142\u0105zka Tomasz S.<br \/>\nWydawca: Art Rage<br \/>\nOprawa: Mi\u0119kka ze skrzyde\u0142kami<br \/>\nFormat: 14.5&#215;20.5cm<br \/>\nLiczba stron: 280<br \/>\nRok wydania: 2022<br \/>\nJ\u0119zyk wydania: polski<\/p>\n<p>Gdy Mark McKenna zabra\u0142 si\u0119 do pisania historii \u015brodkowej Australii, nie mia\u0142 poj\u0119cia, co odkryje. Zdawa\u0142o si\u0119, \u017ce zw\u0142aszcza jedno zdarzenie z 1934 roku odzwierciedla najpe\u0142niej \u00f3wczesn\u0105 polityk\u0119 rasow\u0105 na Terytorium P\u00f3\u0142nocnym: morderstwo Aborygena Yokunnuny, za kt\u00f3rym sta\u0142 bia\u0142y policjant Bill McKinnon i p\u00f3\u017aniejsze \u015bledztwo w tej sprawie. P\u00f3\u017aniej jednak, za spraw\u0105 rozm\u00f3w zar\u00f3wno z rodzinami zab\u00f3jcy, jak i ofiary, McKenna wydoby\u0142 na \u015bwiat\u0142o dzienne nowe dowody, kt\u00f3re odmieni\u0142y perspektyw\u0119 historyczn\u0105 i znaczenie tamtego zdarzenia dla wsp\u00f3\u0142czesno\u015bci. Jak sam wyja\u015bnia: \u201eKa\u017cdy w\u0105tek tej historii w zaskakuj\u0105cy spos\u00f3b \u0142\u0105czy si\u0119 z tera\u017aniejszo\u015bci\u0105\u201d. Szereg donios\u0142ych odkry\u0107 pozwala autorowi zg\u0142\u0119bi\u0107, czym s\u0105 w praktyce prawda i pojednanie.<\/p>\n<p>\u201ePowr\u00f3t do Uluru\u201d przywraca \u017cycie sprawie, kt\u00f3ra zatar\u0142a si\u0119 w pami\u0119ci. To wspaniale napisana, poruszaj\u0105ca ksi\u0105\u017cka z wieloma zdumiewaj\u0105cymi i nieoczekiwanymi zwrotami akcji. Mark McKenna opowiada o zrozumieniu i powrocie, a w sercu tego wszystkiego le\u017cy Uluru, \u015bwi\u0119te miejsce, w kt\u00f3rym zgubnie zbieg\u0142y si\u0119 [r\u00f3\u017cne] \u015bcie\u017cki.<\/p>\n<p>Mark McKenna &#8211; jeden z najwa\u017cniejszych \u017cyj\u0105cych historyk\u00f3w w Australii. Wyk\u0142ada na Uniwersytecie w Sydney. Jest autorem wielu nagradzanych, nie tylko w ojczy\u017anie, ksi\u0105\u017cek.<\/p>\n","protected":false},"excerpt":{"rendered":"<p>Autor: Mark McKenna T\u0142umacze: Ga\u0142\u0105zka Tomasz S. Wydawca: Art Rage [&hellip;]<\/p>\n","protected":false},"featured_media":15971,"template":"","meta":[],"product_brand":[],"product_cat":[38],"product_tag":[8181,71,4548],"class_list":{"0":"post-15970","1":"product","2":"type-product","3":"status-publish","4":"has-post-thumbnail","6":"product_cat-historia","7":"product_tag-australia","8":"product_tag-historia","9":"product_tag-reportaz","11":"first","12":"instock","13":"sale","14":"shipping-taxable","15":"purchasable","16":"product-type-simple"},"_links":{"self":[{"href":"http:\/\/ksiegarnia-akademicka.pl\/index.php\/wp-json\/wp\/v2\/product\/15970","targetHints":{"allow":["GET"]}}],"collection":[{"href":"http:\/\/ksiegarnia-akademicka.pl\/index.php\/wp-json\/wp\/v2\/product"}],"about":[{"href":"http:\/\/ksiegarnia-akademicka.pl\/index.php\/wp-json\/wp\/v2\/types\/product"}],"wp:featuredmedia":[{"embeddable":true,"href":"http:\/\/ksiegarnia-akademicka.pl\/index.php\/wp-json\/wp\/v2\/media\/15971"}],"wp:attachment":[{"href":"http:\/\/ksiegarnia-akademicka.pl\/index.php\/wp-json\/wp\/v2\/media?parent=15970"}],"wp:term":[{"taxonomy":"product_brand","embeddable":true,"href":"http:\/\/ksiegarnia-akademicka.pl\/index.php\/wp-json\/wp\/v2\/product_brand?post=15970"},{"taxonomy":"product_cat","embeddable":true,"href":"http:\/\/ksiegarnia-akademicka.pl\/index.php\/wp-json\/wp\/v2\/product_cat?post=15970"},{"taxonomy":"product_tag","embeddable":true,"href":"http:\/\/ksiegarnia-akademicka.pl\/index.php\/wp-json\/wp\/v2\/product_tag?post=15970"}],"curies":[{"name":"wp","href":"https:\/\/api.w.org\/{rel}","templated":true}]}}