{"id":15955,"date":"2022-12-07T10:53:10","date_gmt":"2022-12-07T09:53:10","guid":{"rendered":"http:\/\/ksiegarnia-akademicka.pl\/?post_type=product&#038;p=15955"},"modified":"2022-12-07T10:53:10","modified_gmt":"2022-12-07T09:53:10","slug":"jidyszland-nowe-przestrzenie","status":"publish","type":"product","link":"http:\/\/ksiegarnia-akademicka.pl\/index.php\/product\/jidyszland-nowe-przestrzenie\/","title":{"rendered":"Jidyszland &#8211; nowe przestrzenie"},"content":{"rendered":"<p>Redakcja: Adamczyk-Garbowska Monika, Degler Joanna, Ruta Magdalena<br \/>\nWydawca: \u017bydowski Instytut Historyczny<br \/>\nOprawa: Mi\u0119kka<br \/>\nFormat: 16.5&#215;23.5cm<br \/>\nLiczba stron: 832<br \/>\nWydanie: 1<br \/>\nRok wydania: 2022<\/p>\n<p>Bogaty wyb\u00f3r studi\u00f3w nad j\u0119zykiem i kultur\u0105 jidysz. W ostatnich latach Polska sta\u0142a si\u0119 obok USA, Izraela i Niemiec wa\u017cnym centrum bada\u0144 jidyszystycznych. Ze wzgl\u0119du na wielowiekowe i bogate dziedzictwo \u017byd\u00f3w polskich nie powinno to dziwi\u0107. Rozw\u00f3j ten jest jednak swoistym fenomenem, zwa\u017cywszy na wieloletnie zaniedbania w tej dziedzinie i odej\u015bcie pokolenia uczonych urodzonych przed II wojn\u0105 \u015bwiatow\u0105, dla kt\u00f3rych jidysz by\u0142 j\u0119zykiem ojczystym. Publikowane prace dwudziestu o\u015bmiu wsp\u00f3\u0142czesnych badaczy, reprezentuj\u0105cych r\u00f3\u017cne dyscypliny, stanowi\u0105 kontynuacj\u0119 wcze\u015bniejszych dokona\u0144, a jednocze\u015bnie proponuj\u0105 nowe w\u0105tki i uj\u0119cia. Tym, co \u0142\u0105czy historyk\u00f3w, literaturoznawc\u00f3w, kulturoznawc\u00f3w i j\u0119zykoznawc\u00f3w, jest j\u0119zyk jidysz jako narz\u0119dzie i przedmiot bada\u0144. Ksi\u0105\u017cka zaprasza do dalszych poszukiwa\u0144 w coraz lepiej rozpoznanej, ale wci\u0105\u017c nie do ko\u0144ca zbadanej przestrzeni Jidyszlandu.<\/p>\n","protected":false},"excerpt":{"rendered":"<p>Redakcja: Adamczyk-Garbowska Monika, Degler Joanna, Ruta Magdalena Wydawca: \u017bydowski Instytut [&hellip;]<\/p>\n","protected":false},"featured_media":15956,"template":"","meta":[],"product_brand":[],"product_cat":[7707],"product_tag":[8179,6043],"class_list":{"0":"post-15955","1":"product","2":"type-product","3":"status-publish","4":"has-post-thumbnail","6":"product_cat-literatura","7":"product_tag-jidysz-jezyk-i-kultura","8":"product_tag-literaturoznawstwo","10":"first","11":"instock","12":"sale","13":"shipping-taxable","14":"purchasable","15":"product-type-simple"},"_links":{"self":[{"href":"http:\/\/ksiegarnia-akademicka.pl\/index.php\/wp-json\/wp\/v2\/product\/15955","targetHints":{"allow":["GET"]}}],"collection":[{"href":"http:\/\/ksiegarnia-akademicka.pl\/index.php\/wp-json\/wp\/v2\/product"}],"about":[{"href":"http:\/\/ksiegarnia-akademicka.pl\/index.php\/wp-json\/wp\/v2\/types\/product"}],"wp:featuredmedia":[{"embeddable":true,"href":"http:\/\/ksiegarnia-akademicka.pl\/index.php\/wp-json\/wp\/v2\/media\/15956"}],"wp:attachment":[{"href":"http:\/\/ksiegarnia-akademicka.pl\/index.php\/wp-json\/wp\/v2\/media?parent=15955"}],"wp:term":[{"taxonomy":"product_brand","embeddable":true,"href":"http:\/\/ksiegarnia-akademicka.pl\/index.php\/wp-json\/wp\/v2\/product_brand?post=15955"},{"taxonomy":"product_cat","embeddable":true,"href":"http:\/\/ksiegarnia-akademicka.pl\/index.php\/wp-json\/wp\/v2\/product_cat?post=15955"},{"taxonomy":"product_tag","embeddable":true,"href":"http:\/\/ksiegarnia-akademicka.pl\/index.php\/wp-json\/wp\/v2\/product_tag?post=15955"}],"curies":[{"name":"wp","href":"https:\/\/api.w.org\/{rel}","templated":true}]}}