{"id":15939,"date":"2022-12-07T10:18:18","date_gmt":"2022-12-07T09:18:18","guid":{"rendered":"http:\/\/ksiegarnia-akademicka.pl\/?post_type=product&#038;p=15939"},"modified":"2022-12-07T10:18:19","modified_gmt":"2022-12-07T09:18:19","slug":"inzynieria-produkcji-kompendium-wiedzy-2","status":"publish","type":"product","link":"http:\/\/ksiegarnia-akademicka.pl\/index.php\/product\/inzynieria-produkcji-kompendium-wiedzy-2\/","title":{"rendered":"In\u017cynieria produkcji Kompendium wiedzy"},"content":{"rendered":"<p>Autor:<br \/>\nRyszard Knosala<br \/>\nRedakcja: Knosala Ryszard<br \/>\nWydawca: PWE<br \/>\nOprawa: Twarda<br \/>\nFormat: 16.5&#215;24.5cm<br \/>\nLiczba stron: 1048<br \/>\nWydanie: 1<br \/>\nRok wydania: 2021<br \/>\nJ\u0119zyk wydania: polski<\/p>\n<p>Kompendium obejmuje w spos\u00f3b syntetyczny ogrom wiedzy z obszaru in\u017cynierii produkcji, prezentuj\u0105c: organizacj\u0119 i zarz\u0105dzanie produkcj\u0105 i us\u0142ugami; in\u017cynieri\u0119 proces\u00f3w wytwarzania; zarz\u0105dzanie innowacjami; zarz\u0105dzanie projektami produkcyjnymi i us\u0142ugowymi; zarz\u0105dzanie \u0142a\u0144cuchami dostaw; zarz\u0105dzanie jako\u015bci\u0105; systemy wspomagania decyzji; zarz\u0105dzanie wiedz\u0105 produkcyjn\u0105; prognozowanie w przedsi\u0119biorstwie; modelowanie i symulacj\u0119 komputerow\u0105; kszta\u0142towanie \u015brodowiska pracy i jej bezpiecze\u0144stwo; efektywno\u015b\u0107, produktywno\u015b\u0107 i doskonalenie organizacji przedsi\u0119biorstw.<\/p>\n<p>Kompendium jest adresowane do bardzo szerokiego grona odbiorc\u00f3w, zar\u00f3wno do pracownik\u00f3w naukowych, doktorant\u00f3w, s\u0142uchaczy studi\u00f3w podyplomowych oraz student\u00f3w uczelni technicznych, rolniczych i ekonomicznych jak i mened\u017cer\u00f3w oraz praktyk\u00f3w zarz\u0105dzania produkcj\u0105, kt\u00f3rzy chc\u0105 podnosi\u0107 swoje kwalifikacje.<\/p>\n","protected":false},"excerpt":{"rendered":"<p>Autor: Ryszard Knosala Redakcja: Knosala Ryszard Wydawca: PWE Oprawa: Twarda [&hellip;]<\/p>\n","protected":false},"featured_media":15940,"template":"","meta":[],"product_brand":[],"product_cat":[7517,31,40,7515],"product_tag":[6423,502,1226,5511],"class_list":{"0":"post-15939","1":"product","2":"type-product","3":"status-publish","4":"has-post-thumbnail","6":"product_cat-logistyka","7":"product_cat-przedsiebiorstwo","8":"product_cat-towaroznawstwo","9":"product_cat-zarzadzanie-przedsiebiorstwem","10":"product_tag-inzynieria-produkcji","11":"product_tag-logistyka","12":"product_tag-towaroznawstwo","13":"product_tag-zarzadzanie-przedsiebiorstwe","15":"first","16":"instock","17":"sale","18":"shipping-taxable","19":"purchasable","20":"product-type-simple"},"_links":{"self":[{"href":"http:\/\/ksiegarnia-akademicka.pl\/index.php\/wp-json\/wp\/v2\/product\/15939","targetHints":{"allow":["GET"]}}],"collection":[{"href":"http:\/\/ksiegarnia-akademicka.pl\/index.php\/wp-json\/wp\/v2\/product"}],"about":[{"href":"http:\/\/ksiegarnia-akademicka.pl\/index.php\/wp-json\/wp\/v2\/types\/product"}],"wp:featuredmedia":[{"embeddable":true,"href":"http:\/\/ksiegarnia-akademicka.pl\/index.php\/wp-json\/wp\/v2\/media\/15940"}],"wp:attachment":[{"href":"http:\/\/ksiegarnia-akademicka.pl\/index.php\/wp-json\/wp\/v2\/media?parent=15939"}],"wp:term":[{"taxonomy":"product_brand","embeddable":true,"href":"http:\/\/ksiegarnia-akademicka.pl\/index.php\/wp-json\/wp\/v2\/product_brand?post=15939"},{"taxonomy":"product_cat","embeddable":true,"href":"http:\/\/ksiegarnia-akademicka.pl\/index.php\/wp-json\/wp\/v2\/product_cat?post=15939"},{"taxonomy":"product_tag","embeddable":true,"href":"http:\/\/ksiegarnia-akademicka.pl\/index.php\/wp-json\/wp\/v2\/product_tag?post=15939"}],"curies":[{"name":"wp","href":"https:\/\/api.w.org\/{rel}","templated":true}]}}