{"id":15902,"date":"2022-12-01T13:50:55","date_gmt":"2022-12-01T12:50:55","guid":{"rendered":"http:\/\/ksiegarnia-akademicka.pl\/?post_type=product&#038;p=15902"},"modified":"2022-12-01T14:14:50","modified_gmt":"2022-12-01T13:14:50","slug":"karta-nauczyciela-komentarz-2","status":"publish","type":"product","link":"http:\/\/ksiegarnia-akademicka.pl\/index.php\/product\/karta-nauczyciela-komentarz-2\/","title":{"rendered":"Karta Nauczyciela. Komentarz"},"content":{"rendered":"<p>Autor: Redakcja naukowa: Krzysztof Gawro\u0144ski<br \/>\nBeata Zajda, Artur Olszewski<br \/>\nWydawnictwo: Wolters Kluwer Polska<br \/>\nRok publikacji: 2022<br \/>\nWydanie: 1<br \/>\nLiczba stron: 700<br \/>\nSeria: Komentarze praktyczne<br \/>\nRodzaj: Komentarz<br \/>\nFormat: A5<\/p>\n<p>W komentarzu om\u00f3wiono prawa i obowi\u0105zki nauczycieli okre\u015blone w przepisach ustawy \u2013 Karta Nauczyciela, w tym m.in. wymagania kwalifikacyjne nauczycieli, awans zawodowy, nawi\u0105zanie, zmiana i rozwi\u0105zanie stosunku pracy z nauczycielem, warunki pracy, a tak\u017ce wynagrodzenia, nagrody i odznaczenia, uprawnienia socjalne i urlopy oraz odpowiedzialno\u015b\u0107 dyscyplinarn\u0105.<br \/>\nOpracowanie uwzgl\u0119dnia ostatnie zmiany prawne zawarte w nowelizacji ustawy \u2013 Karta Nauczyciela i niekt\u00f3rych innych ustaw, kt\u00f3re wesz\u0142y w \u017cycie 1 wrze\u015bnia 2022 r., dotycz\u0105ce:<br \/>\n\u2013 czasu pracy i wynagrodzenia nauczycieli,<br \/>\n\u2013 awansu zawodowego i oceny pracy nauczycieli,<br \/>\n\u2013 urlop\u00f3w wypoczynkowych.<\/p>\n<p>Publikacja przeznaczona jest dla dyrektor\u00f3w szk\u00f3\u0142 i plac\u00f3wek o\u015bwiatowych, pracownik\u00f3w samorz\u0105dowych, kurator\u00f3w o\u015bwiaty oraz wszystkich zainteresowanych tematyk\u0105 o\u015bwiatow\u0105.<\/p>\n","protected":false},"excerpt":{"rendered":"<p>Autor: Redakcja naukowa: Krzysztof Gawro\u0144ski Beata Zajda, Artur Olszewski Wydawnictwo: [&hellip;]<\/p>\n","protected":false},"featured_media":15903,"template":"","meta":[],"product_brand":[],"product_cat":[7492,18,7550],"product_tag":[4971,793,4603],"class_list":{"0":"post-15902","1":"product","2":"type-product","3":"status-publish","4":"has-post-thumbnail","6":"product_cat-administracyjne","7":"product_cat-prawo","8":"product_cat-prawo-pracy","9":"product_tag-prawo-oswiatowe","10":"product_tag-prawo-pracy","11":"product_tag-seria-komentarze-praktyczne","13":"first","14":"instock","15":"sale","16":"shipping-taxable","17":"purchasable","18":"product-type-simple"},"_links":{"self":[{"href":"http:\/\/ksiegarnia-akademicka.pl\/index.php\/wp-json\/wp\/v2\/product\/15902","targetHints":{"allow":["GET"]}}],"collection":[{"href":"http:\/\/ksiegarnia-akademicka.pl\/index.php\/wp-json\/wp\/v2\/product"}],"about":[{"href":"http:\/\/ksiegarnia-akademicka.pl\/index.php\/wp-json\/wp\/v2\/types\/product"}],"wp:featuredmedia":[{"embeddable":true,"href":"http:\/\/ksiegarnia-akademicka.pl\/index.php\/wp-json\/wp\/v2\/media\/15903"}],"wp:attachment":[{"href":"http:\/\/ksiegarnia-akademicka.pl\/index.php\/wp-json\/wp\/v2\/media?parent=15902"}],"wp:term":[{"taxonomy":"product_brand","embeddable":true,"href":"http:\/\/ksiegarnia-akademicka.pl\/index.php\/wp-json\/wp\/v2\/product_brand?post=15902"},{"taxonomy":"product_cat","embeddable":true,"href":"http:\/\/ksiegarnia-akademicka.pl\/index.php\/wp-json\/wp\/v2\/product_cat?post=15902"},{"taxonomy":"product_tag","embeddable":true,"href":"http:\/\/ksiegarnia-akademicka.pl\/index.php\/wp-json\/wp\/v2\/product_tag?post=15902"}],"curies":[{"name":"wp","href":"https:\/\/api.w.org\/{rel}","templated":true}]}}