{"id":15898,"date":"2022-12-01T13:44:42","date_gmt":"2022-12-01T12:44:42","guid":{"rendered":"http:\/\/ksiegarnia-akademicka.pl\/?post_type=product&#038;p=15898"},"modified":"2022-12-01T13:44:42","modified_gmt":"2022-12-01T12:44:42","slug":"prawo-rodzinne-i-opiekuncze-przed-egzaminem","status":"publish","type":"product","link":"http:\/\/ksiegarnia-akademicka.pl\/index.php\/product\/prawo-rodzinne-i-opiekuncze-przed-egzaminem\/","title":{"rendered":"Prawo rodzinne i opieku\u0144cze. Przed egzaminem"},"content":{"rendered":"<p>Autor: Joanna Zaj\u0105czkowska-Burtowy<br \/>\nWydawnictwo: Wolters Kluwer Polska<br \/>\nRok publikacji: 2022<br \/>\nWydanie: 1<br \/>\nLiczba stron: 160<br \/>\nSeria: Akademicka. Prawo<br \/>\nRodzaj: Przed egzaminem<br \/>\nOk\u0142adka: mi\u0119kka<br \/>\nFormat: A5<\/p>\n<p>Opracowanie kompleksowo omawia zagadnienia z zakresu prawa rodzinnego i opieku\u0144czego w przyst\u0119pnej formie pyta\u0144 i odpowiedzi, kt\u00f3re najcz\u0119\u015bciej pojawiaj\u0105 si\u0119 na egzaminach z tego przedmiotu.<\/p>\n<p>Jest to nowoczesny niezb\u0119dnik do nauki i powt\u00f3rki przed sprawdzianem \u2013 czytelnik uczy si\u0119 poprzez zadawanie pyta\u0144, formu\u0142owanie w\u0142asnych odpowiedzi, a nast\u0119pnie ich weryfikacj\u0119 z tymi, kt\u00f3re znajduj\u0105 si\u0119 w ksi\u0105\u017cce.<\/p>\n<p>Ksi\u0105\u017cka zawiera ponadto zestaw wykres\u00f3w, tabel, diagram\u00f3w, kt\u00f3re r\u00f3wnie\u017c u\u0142atwiaj\u0105 przyswajanie informacji. Zastosowanie takiej formy anga\u017cuje czytelnika, kt\u00f3ry aktywnie zdobywa i weryfikuje swoj\u0105 wiedz\u0119. Informacje zg\u0142\u0119biane za po\u015brednictwem aktywnej nauki s\u0105 lepiej zapami\u0119tywane i utrwalane oraz \u015bwietnie uzupe\u0142niaj\u0105 przepisy kodeksu.<\/p>\n<p>Publikacja w szczeg\u00f3lno\u015bci przeznaczona jest dla student\u00f3w i aplikant\u00f3w. B\u0119dzie ona r\u00f3wnie\u017c pomocna pracownikom naukowym, kt\u00f3rzy mog\u0105 j\u0105 wykorzysta\u0107 jako materia\u0142y do \u0107wicze\u0144.<\/p>\n<p>Spis tre\u015bci<br \/>\n4  Wykaz skr\u00f3t\u00f3w<\/p>\n<p>7  S\u0142owo wst\u0119pne<\/p>\n<p>9   I. MA\u0141\u017bE\u0143STWO<\/p>\n<p>9  1. Zawarcie ma\u0142\u017ce\u0144stwa<\/p>\n<p>17  2. Uniewa\u017cnienie ma\u0142\u017ce\u0144stwa<\/p>\n<p>22  3. Prawa i obowi\u0105zki ma\u0142\u017conk\u00f3w<\/p>\n<p>29  4. Ma\u0142\u017ce\u0144skie ustroje maj\u0105tkowe<\/p>\n<p>30  4.1. Ustawowy ustr\u00f3j maj\u0105tkowy<\/p>\n<p>52  4.2. Umowne ustroje maj\u0105tkowe<\/p>\n<p>57  4.3. Przymusowy ustr\u00f3j maj\u0105tkowy<\/p>\n<p>58  5. Ustanie ma\u0142\u017ce\u0144stwa<\/p>\n<p>59  6. Separacja i<\/p>\n","protected":false},"excerpt":{"rendered":"<p>Autor: Joanna Zaj\u0105czkowska-Burtowy Wydawnictwo: Wolters Kluwer Polska Rok publikacji: 2022 [&hellip;]<\/p>\n","protected":false},"featured_media":15899,"template":"","meta":[],"product_brand":[],"product_cat":[7491,18],"product_tag":[615,4584,8174],"class_list":{"0":"post-15898","1":"product","2":"type-product","3":"status-publish","4":"has-post-thumbnail","6":"product_cat-cywilne","7":"product_cat-prawo","8":"product_tag-prawo-cywilne","9":"product_tag-prawo-rodzinne-i-opiekuncze","10":"product_tag-seria-przed-egzaminem","12":"first","13":"instock","14":"sale","15":"shipping-taxable","16":"purchasable","17":"product-type-simple"},"_links":{"self":[{"href":"http:\/\/ksiegarnia-akademicka.pl\/index.php\/wp-json\/wp\/v2\/product\/15898","targetHints":{"allow":["GET"]}}],"collection":[{"href":"http:\/\/ksiegarnia-akademicka.pl\/index.php\/wp-json\/wp\/v2\/product"}],"about":[{"href":"http:\/\/ksiegarnia-akademicka.pl\/index.php\/wp-json\/wp\/v2\/types\/product"}],"wp:featuredmedia":[{"embeddable":true,"href":"http:\/\/ksiegarnia-akademicka.pl\/index.php\/wp-json\/wp\/v2\/media\/15899"}],"wp:attachment":[{"href":"http:\/\/ksiegarnia-akademicka.pl\/index.php\/wp-json\/wp\/v2\/media?parent=15898"}],"wp:term":[{"taxonomy":"product_brand","embeddable":true,"href":"http:\/\/ksiegarnia-akademicka.pl\/index.php\/wp-json\/wp\/v2\/product_brand?post=15898"},{"taxonomy":"product_cat","embeddable":true,"href":"http:\/\/ksiegarnia-akademicka.pl\/index.php\/wp-json\/wp\/v2\/product_cat?post=15898"},{"taxonomy":"product_tag","embeddable":true,"href":"http:\/\/ksiegarnia-akademicka.pl\/index.php\/wp-json\/wp\/v2\/product_tag?post=15898"}],"curies":[{"name":"wp","href":"https:\/\/api.w.org\/{rel}","templated":true}]}}