{"id":15894,"date":"2022-12-01T12:25:56","date_gmt":"2022-12-01T11:25:56","guid":{"rendered":"http:\/\/ksiegarnia-akademicka.pl\/?post_type=product&#038;p=15894"},"modified":"2024-12-05T09:08:49","modified_gmt":"2024-12-05T08:08:49","slug":"opowiem-ci-kawal-pigulki-rozweselajace-smiechowirus-pakiet-3-ksiazek","status":"publish","type":"product","link":"http:\/\/ksiegarnia-akademicka.pl\/index.php\/product\/opowiem-ci-kawal-pigulki-rozweselajace-smiechowirus-pakiet-3-ksiazek\/","title":{"rendered":"Opowiem ci kawa\u0142 \/ Pigu\u0142ki rozweselaj\u0105ce \/\u015amiechowirus Pakiet 3 ksi\u0105\u017cek"},"content":{"rendered":"<p>Autor:<br \/>\nAlosza Awdiejew<br \/>\nWydawca: WAM<br \/>\nOprawa: Twarda<br \/>\nLiczba stron: 624<br \/>\nRok wydania: 2022<br \/>\nJ\u0119zyk wydania: polski<\/p>\n<p>Cz\u0142owiek orkiestra, cz\u0142owiek instytucja, kochany przez publiczno\u015b\u0107 Alosza Awdiejew tym razem bawi nas potr\u00f3jnie. Oto wyj\u0105tkowy komplet dla tych, co bior\u0105 \u017cycie na powa\u017cnie i dla tych, co lubi\u0105 si\u0119 \u015bmia\u0107.<\/p>\n<p>Opowiem ci kawa\u0142. \u017bycie ludzkie od zabawnej strony<br \/>\n?Gdzie kryje si\u0119 dowcip? Na kartach ksi\u0105\u017cki. I to nie jeden. Kilkaset. Alosza Awdiejew zbiera kawa\u0142y od 40 lat. M\u00f3g\u0142 w tym czasie wiele osi\u0105gn\u0105\u0107, np. zosta\u0107 prezydentem Rosji, szefem FIFA, a mo\u017ce nawet rektorem UJ, a po\u015bwi\u0119ci\u0142 si\u0119 \u017cartom (czasami jeszcze koncertuje). Nie zmarnujmy jego ci\u0119\u017ckiej pracy. Po\u015bmiejmy si\u0119 troch\u0119.<\/p>\n<p>Pigu\u0142ki rozweselaj\u0105ce. Zabawne powiedzonka ratuj\u0105ce przed smutkiem<br \/>\nTa ksi\u0105\u017cka opowie o tym, jak przetrwa\u0107 niewielkim kosztem i mie\u0107 si\u0119 ca\u0142kiem dobrze. Bo co jak co, ale Alosza wie, co m\u00f3wi, w ko\u0144cu nieraz m\u00f3wi\u0142 to ze sceny. Sk\u0142adniki: zdania roz\u015bmieszaj\u0105ce, my\u015bli zastanawiaj\u0105ce, kwas 0%, humor 100%, bez konserwant\u00f3w. Mo\u017ce zawiera\u0107 \u015bladowe ilo\u015bci sarkazmu i ironii.<\/p>\n<p>\u015amiechowirus. Porady i zmy\u015blenia towarzysz\u0105ce<\/p>\n<p>?To nie tylko zbi\u00f3r felieton\u00f3w kultowego artysty, ale r\u00f3wnie\u017c napisany w humorystyczny spos\u00f3b poradnik, a w\u0142a\u015bciwie antyporadnik (a mo\u017ce i to, i to?). W ka\u017cdym razie artysta komentuje nasz\u0105 rzeczywisto\u015b\u0107 w spos\u00f3b czasem z\u0142o\u015bliwy, czasem dobroduszny, ale zawsze dowcipny. U\u017cywa do tego celu tak\u017ce kawa\u0142\u00f3w i niezwykle celnych aforyzm\u00f3w.<\/p>\n","protected":false},"excerpt":{"rendered":"<p>Autor: Alosza Awdiejew Wydawca: WAM Oprawa: Twarda Liczba stron: 624 [&hellip;]<\/p>\n","protected":false},"featured_media":15895,"template":"","meta":[],"product_brand":[],"product_cat":[7707],"product_tag":[3545,5953],"class_list":{"0":"post-15894","1":"product","2":"type-product","3":"status-publish","4":"has-post-thumbnail","6":"product_cat-literatura","7":"product_tag-humor","8":"product_tag-literatura","10":"first","11":"instock","12":"sale","13":"shipping-taxable","14":"purchasable","15":"product-type-simple"},"_links":{"self":[{"href":"http:\/\/ksiegarnia-akademicka.pl\/index.php\/wp-json\/wp\/v2\/product\/15894","targetHints":{"allow":["GET"]}}],"collection":[{"href":"http:\/\/ksiegarnia-akademicka.pl\/index.php\/wp-json\/wp\/v2\/product"}],"about":[{"href":"http:\/\/ksiegarnia-akademicka.pl\/index.php\/wp-json\/wp\/v2\/types\/product"}],"wp:featuredmedia":[{"embeddable":true,"href":"http:\/\/ksiegarnia-akademicka.pl\/index.php\/wp-json\/wp\/v2\/media\/15895"}],"wp:attachment":[{"href":"http:\/\/ksiegarnia-akademicka.pl\/index.php\/wp-json\/wp\/v2\/media?parent=15894"}],"wp:term":[{"taxonomy":"product_brand","embeddable":true,"href":"http:\/\/ksiegarnia-akademicka.pl\/index.php\/wp-json\/wp\/v2\/product_brand?post=15894"},{"taxonomy":"product_cat","embeddable":true,"href":"http:\/\/ksiegarnia-akademicka.pl\/index.php\/wp-json\/wp\/v2\/product_cat?post=15894"},{"taxonomy":"product_tag","embeddable":true,"href":"http:\/\/ksiegarnia-akademicka.pl\/index.php\/wp-json\/wp\/v2\/product_tag?post=15894"}],"curies":[{"name":"wp","href":"https:\/\/api.w.org\/{rel}","templated":true}]}}