{"id":15886,"date":"2022-12-01T11:56:59","date_gmt":"2022-12-01T10:56:59","guid":{"rendered":"http:\/\/ksiegarnia-akademicka.pl\/?post_type=product&#038;p=15886"},"modified":"2022-12-01T11:57:00","modified_gmt":"2022-12-01T10:57:00","slug":"podatkowa-ksiega-przychodow-i-rozchodow-wzory-do-pobrania","status":"publish","type":"product","link":"http:\/\/ksiegarnia-akademicka.pl\/index.php\/product\/podatkowa-ksiega-przychodow-i-rozchodow-wzory-do-pobrania\/","title":{"rendered":"Podatkowa ksi\u0119ga przychod\u00f3w i rozchod\u00f3w + wzory do pobrania"},"content":{"rendered":"<p>Autor: S\u0142awomir Dziudzik<br \/>\nSeria: Prawo w praktyce<br \/>\nRok wydania: 2022<br \/>\nLiczba stron: 490<br \/>\nWymiary: 165&#215;238 mm<br \/>\nWaga: 800 g<br \/>\nISBN: 978-83-8235-857-5<\/p>\n<p>Ksi\u0105\u017cka stanowi kompleksowe om\u00f3wienie zasad prowadzenia podatkowej ksi\u0119gi przychod\u00f3w i rozchod\u00f3w wraz z praktycznymi przyk\u0142adami, wzorami oraz poradami w zakresie rozwi\u0105za\u0144 stosowanych przez podatnik\u00f3w.<\/p>\n<p>Celem publikacji jest wieloaspektowe przedstawienie rozleg\u0142ej problematyki prowadzenia podatkowej ksi\u0119gi przychod\u00f3w i rozchod\u00f3w. Stanowi ona kompendium wiedzy niezb\u0119dnej do zrozumienia natury ksi\u0119gi oraz zasad ewidencjonowania w niej r\u00f3\u017cnych zdarze\u0144 gospodarczych.<\/p>\n<p>Ksi\u0105\u017cka zawiera om\u00f3wienie zmian, kt\u00f3re wesz\u0142y w \u017cycie w 2022 r. (g\u0142\u00f3wnie zwi\u0105zane z Polskim \u0141adem), a tak\u017ce wyja\u015bnienie zmian, kt\u00f3re wejd\u0105 w \u017cycie od 1.1.2023 r.<\/p>\n<p>Publikacja, jako jedyna na rynku, zawiera pytania testowe ze znajomo\u015bci rozporz\u0105dzenia w sprawie prowadzenia podatkowej ksi\u0119gi przychod\u00f3w i rozchod\u00f3w.<\/p>\n<p>Dzi\u0119ki tej ksi\u0105\u017cce dowiesz si\u0119:<\/p>\n<p>jakie podmioty maj\u0105 obowi\u0105zek prowadzenia PKPiR,<br \/>\njakie s\u0105 zasady dokonywania wpis\u00f3w do poszczeg\u00f3lnych kolumn ksi\u0119gi,<br \/>\njak prowadzi\u0107 poszczeg\u00f3lne urz\u0105dzenia ksi\u0119gowe towarzysz\u0105ce podatkowej ksi\u0119dze przychod\u00f3w i rozchod\u00f3w,<br \/>\njak nale\u017cy ewidencjonowa\u0107 operacje gospodarcze dotycz\u0105ce przychod\u00f3w, zakupu i zwrotu towar\u00f3w oraz koszt\u00f3w ubocznych zakupu, wynagrodze\u0144 i koszt\u00f3w uzyskania przychod\u00f3w,<br \/>\njak dokona\u0107 korekty przychod\u00f3w oraz koszt\u00f3w uzyskania przychod\u00f3w,<br \/>\nczym jest ulga na dzia\u0142alno\u015b\u0107 badawczo-rozwojow\u0105 (B+R), jak ewidencjonowa\u0107 koszty kwalifikowane a tak\u017ce jak rozliczy\u0107 ulg\u0119 B+R,<br \/>\njak sporz\u0105dzi\u0107 i wyceni\u0107 remanent, jaki wp\u0142yw na doch\u00f3d ma remanent sporz\u0105dzony w trakcie roku podatkowego,<br \/>\njak rozliczy\u0107 wydatki zwi\u0105zane z u\u017cywaniem samochod\u00f3w osobowych w dzia\u0142alno\u015bci gospodarczej,<br \/>\njak praktycznie rozliczy\u0107 i udokumentowa\u0107 r\u00f3\u017cnice kursowe w PKPiR,<br \/>\nco to jest barter, jak wygl\u0105da sponsoring w kosztach podatkowych,<br \/>\njak uwzgl\u0119dni\u0107 ulg\u0119 na z\u0142e d\u0142ugi w podatku dochodowym,<br \/>\njak rozliczy\u0107 straty z lat ubieg\u0142ych,<br \/>\njakie s\u0105 zasady korzystania z ulgi IP BOX,<br \/>\njak prawid\u0142owo zamkn\u0105\u0107 podatkow\u0105 ksi\u0119g\u0119 przychod\u00f3w i rozchod\u00f3w,<br \/>\njak dokona\u0107 analizy swojej dzia\u0142alno\u015bci na konkretnym przyk\u0142adzie,<br \/>\nczy i jak nale\u017cy prowadzi\u0107 ksi\u0119g\u0119 podczas zawieszenia dzia\u0142alno\u015bci gospodarczej,<br \/>\njak, krok po kroku, zlikwidowa\u0107 dzia\u0142alno\u015b\u0107 gospodarcz\u0105.<br \/>\nG\u0142\u00f3wne zalety publikacji:<\/p>\n<p>szczeg\u00f3\u0142owo omawia zasady otwarcia i prowadzenia podatkowej ksi\u0119gi przychod\u00f3w i rozchod\u00f3w,<br \/>\nprzedstawia ca\u0142o\u015b\u0107 zmian podatkowych, szczeg\u00f3lnie tych, kt\u00f3re s\u0105 zwi\u0105zane z Polskim \u0141adem,<br \/>\nzawiera wiele  interpretacji podatkowych, wyja\u015bnie\u0144 MF oraz wyrok\u00f3w s\u0105dowych,<br \/>\nzawiera ponad 100 praktycznych rozwi\u0105za\u0144 r\u00f3\u017cnych problem\u00f3w, z jakimi mog\u0105 si\u0119 spotka\u0107 przedsi\u0119biorcy,<br \/>\nzawiera 100 pyta\u0144 testowych sprawdzaj\u0105cych znajomo\u015b\u0107 rozporz\u0105dzenia w sprawie prowadzenia podatkowej ksi\u0119gi przychod\u00f3w i rozchod\u00f3w,<br \/>\nprzedstawia bardzo du\u017co przyk\u0142ad\u00f3w zastosowania teorii w praktyce przedsi\u0119biorcy,<br \/>\nSzczeg\u00f3\u0142owo\u015b\u0107 i kompleksowo\u015b\u0107 omawianych zagadnie\u0144 i zmian, gotowe wzory dokument\u00f3w niezb\u0119dnych podczas ewidencjonowania zdarze\u0144 gospodarczych, rozbudowany test sprawdzaj\u0105cy wiedz\u0119 to powa\u017cna zaleta naszej publikacji.<\/p>\n<p>Rozpoczynaj\u0105c lektur\u0119 ksi\u0105\u017cki nie trzeba mie\u0107 \u017cadnego przygotowania merytorycznego. Czytelnik systematycznie zaznajamiany jest z kolejnymi poj\u0119ciami i zagadnieniami, zilustrowanymi du\u017c\u0105 liczb\u0105 praktycznych przyk\u0142ad\u00f3w rozwi\u0105zywania problem\u00f3w i w ten spos\u00f3b sukcesywnie wchodzi w \u015bwiat podatkowej ksi\u0119gi przychod\u00f3w i rozchod\u00f3w. Je\u017celi do tej pory nic o ksi\u0119dze nie wiedzia\u0142 albo wiedzia\u0142 o niej niewiele, to szybko zmieni si\u0119 z laika w eksperta.<\/p>\n<p>Ksi\u0105\u017cka jest skierowana do ksi\u0119gowych, doradc\u00f3w podatkowych, w\u0142a\u015bcicieli i pracownik\u00f3w biur rachunkowych.<\/p>\n<p>Na stronie repozytorium.beck.pl znajduje si\u0119 ponad 40 wzor\u00f3w gotowych do pracy dokument\u00f3w (wzory pism, zawiadomie\u0144, zestawie\u0144, itp.).<\/p>\n","protected":false},"excerpt":{"rendered":"<p>Autor: S\u0142awomir Dziudzik Seria: Prawo w praktyce Rok wydania: 2022 [&hellip;]<\/p>\n","protected":false},"featured_media":15887,"template":"","meta":[],"product_brand":[],"product_cat":[22,23],"product_tag":[6865,355,1055,5800],"class_list":{"0":"post-15886","1":"product","2":"type-product","3":"status-publish","4":"has-post-thumbnail","6":"product_cat-podatki-i-prawo-podatkowe","7":"product_cat-rachunkowosc","8":"product_tag-cit","9":"product_tag-podatki","10":"product_tag-prawo-podatkowe","11":"product_tag-seria-prawo-w-praktyce","13":"first","14":"instock","15":"sale","16":"shipping-taxable","17":"purchasable","18":"product-type-simple"},"_links":{"self":[{"href":"http:\/\/ksiegarnia-akademicka.pl\/index.php\/wp-json\/wp\/v2\/product\/15886","targetHints":{"allow":["GET"]}}],"collection":[{"href":"http:\/\/ksiegarnia-akademicka.pl\/index.php\/wp-json\/wp\/v2\/product"}],"about":[{"href":"http:\/\/ksiegarnia-akademicka.pl\/index.php\/wp-json\/wp\/v2\/types\/product"}],"wp:featuredmedia":[{"embeddable":true,"href":"http:\/\/ksiegarnia-akademicka.pl\/index.php\/wp-json\/wp\/v2\/media\/15887"}],"wp:attachment":[{"href":"http:\/\/ksiegarnia-akademicka.pl\/index.php\/wp-json\/wp\/v2\/media?parent=15886"}],"wp:term":[{"taxonomy":"product_brand","embeddable":true,"href":"http:\/\/ksiegarnia-akademicka.pl\/index.php\/wp-json\/wp\/v2\/product_brand?post=15886"},{"taxonomy":"product_cat","embeddable":true,"href":"http:\/\/ksiegarnia-akademicka.pl\/index.php\/wp-json\/wp\/v2\/product_cat?post=15886"},{"taxonomy":"product_tag","embeddable":true,"href":"http:\/\/ksiegarnia-akademicka.pl\/index.php\/wp-json\/wp\/v2\/product_tag?post=15886"}],"curies":[{"name":"wp","href":"https:\/\/api.w.org\/{rel}","templated":true}]}}